{"id":6,"date":"2024-06-11T21:18:53","date_gmt":"2024-06-11T19:18:53","guid":{"rendered":"https:\/\/medienwissenschaft.uni-bayreuth.de\/sound\/?page_id=6"},"modified":"2024-06-28T09:32:51","modified_gmt":"2024-06-28T07:32:51","slug":"s-o-u-n-d","status":"publish","type":"page","link":"https:\/\/medienwissenschaft.uni-bayreuth.de\/sound\/","title":{"rendered":"S o u n d"},"content":{"rendered":"\n<p><strong>Klang<\/strong> ist (be)st\u00e4ndig auf unseren Ohren, alles um uns herum klingt und alles, was wir tun, klingt. Und meistens h\u00f6ren wir gar nicht, <em>was<\/em> wir so alles an Kl\u00e4ngen h\u00f6ren; wir h\u00f6ren weg und nur auf das, was wir f\u00fcr den Alltag ben\u00f6tigen, n\u00e4mlich nur auf das, was uns durch unsere allt\u00e4gliche Umgebung leitet: <strong>Wir h\u00f6ren nur auf die Kl\u00e4nge im t\u00e4glichen Klangverkehrsl\u00e4rm, die uns durch dieses Get\u00f6se &amp; Get\u00f6<s>s<\/s>[n]e leiten<\/strong>.<\/p>\n\n\n\n<p>Manchmal verschlie\u00dfen wir unsere Ohren sogar mittels Noise Cancellation Headphones vor all diesem Klingenden, manchmal schlie\u00dfen wir unsere Ohren mit Headphones &#8211; zumeist in Musikklang &#8211; ein. <\/p>\n\n\n\n<p><strong>In der Soundpraxis und den Sound Studies<\/strong> in der Medienwissenschaft an der Universit\u00e4t Bayreuth <strong>sind wir \u203aganz Ohr\u2039<\/strong>; wir h\u00f6ren einfach auf a l l e K l \u00e4 n g e &#8211; und stellen dabei fest, dass das gar nicht so einfach ist: <strong>das H\u00f6ren auf alles<\/strong>.<\/p>\n\n\n\n<h2 class=\"wp-block-heading\">an-h\u00f6ren, durch-h\u00f6ren, hin-h\u00f6ren, mit-h\u00f6ren, in-sich-hinein-h\u00f6ren, \u00fcber-h\u00f6ren, zu-h\u00f6ren, er-h\u00f6ren, weg-h\u00f6ren, ab-h\u00f6ren, heraus-h\u00f6ren, rein-h\u00f6ren, vor-h\u00f6ren, h\u00f6ren auf<\/h2>\n\n\n\n<p>Damit wir nicht <em>\u00fcber<\/em>h\u00f6ren und <em>auf<\/em>h\u00f6ren <em>hinzu<\/em>h\u00f6ren, h\u00f6ren wir nicht <em>weg<\/em>, sondern wir <em>er<\/em>h\u00f6ren Kl\u00e4nge, wir h\u00f6ren Kl\u00e4nge <em>heraus<\/em>, dazu h\u00f6ren wir das Get\u00f6se des t\u00e4glichen Klangverkehrs <em>durch<\/em>, h\u00f6ren <em>rein<\/em> und h\u00f6ren sogar <em>in uns hinein<\/em>, wie die <em>an<\/em>geh\u00f6rten Kl\u00e4nge uns anleiten (Funktionale Kl\u00e4nge), was die <em>ab<\/em>geh\u00f6rten Kl\u00e4nge mit uns k\u00f6rperlich machen (<a href=\"https:\/\/medienwissenschaft.uni-bayreuth.de\/sound\/?p=185\" data-type=\"link\" data-id=\"https:\/\/medienwissenschaft.uni-bayreuth.de\/sound\/?p=185\" target=\"_blank\" rel=\"noreferrer noopener\">ASMR<\/a>) und wie wir Kl\u00e4nge <em>vor<\/em>h\u00f6ren (Auditory Images). Und so \u00fcben wir das H\u00f6ren in <strong><a href=\"https:\/\/medienwissenschaft.uni-bayreuth.de\/sound\/2024\/06\/12\/soundwalk\/\" data-type=\"link\" data-id=\"https:\/\/medienwissenschaft.uni-bayreuth.de\/sound\/category\/soundwalk\/\" target=\"_blank\" rel=\"noreferrer noopener\">Soundwalks<\/a><\/strong> und in <a href=\"https:\/\/medienwissenschaft.uni-bayreuth.de\/sound\/category\/soundscapes\/\" data-type=\"link\" data-id=\"https:\/\/medienwissenschaft.uni-bayreuth.de\/sound\/category\/soundscapes\/\" target=\"_blank\" rel=\"noreferrer noopener\"><strong>Soundscapes<\/strong><\/a>, sammeln Sounds in Field-Recordings ein, und erschaffen unsere ganz eigenen <strong>Soundtracks im Klangmedium des Digitalen<\/strong> in Form von komponierten Soundwalks &amp; Soundscapes, <strong>Klangh\u00f6rspielen <\/strong>oder<strong> <a href=\"https:\/\/medienwissenschaft.uni-bayreuth.de\/sound\/2024\/06\/01\/klaenge-erzaehlen-lassen\/\" data-type=\"link\" data-id=\"https:\/\/medienwissenschaft.uni-bayreuth.de\/sound\/category\/soundstories\/\" target=\"_blank\" rel=\"noreferrer noopener\">Short Sound Stories<\/a><\/strong>, sowie in Form von <strong>interaktiven Klanginstallationen<\/strong> oder <strong>Sonic Interaction Designs<\/strong>. Dabei h\u00f6ren wir auf das, was uns der Fachdiskurs der Sound Studies zu sagen hat, denn da bekommen wir klanganalytische Denkzeuge an die Hand, die in unserem klangsch\u00f6pferischen Tun Klarheit schaffen.<\/p>\n\n\n\n<figure class=\"wp-block-audio\"><audio controls src=\"https:\/\/medienwissenschaft.uni-bayreuth.de\/sound\/wp-content\/uploads\/sites\/22\/2024\/06\/Zapf-Soundscape-NT-SF1-binaural.wav\"><\/audio><figcaption class=\"wp-element-caption\">3D-Field-Recording mit Microphone R\u00f8de NT-SF1 binaural decodiert (der 3D-Sound ist nur mit Headphones erh\u00f6rbar)<\/figcaption><\/figure>\n","protected":false},"excerpt":{"rendered":"<p>Klang ist (be)st\u00e4ndig auf unseren Ohren, alles um uns herum klingt und alles, was wir tun, klingt. Und meistens h\u00f6ren wir gar nicht, was wir so alles an Kl\u00e4ngen h\u00f6ren; wir h\u00f6ren weg und nur auf das, was wir f\u00fcr den Alltag ben\u00f6tigen, n\u00e4mlich nur auf das, was uns durch unsere allt\u00e4gliche Umgebung leitet: Wir [&hellip;]<\/p>\n","protected":false},"author":72,"featured_media":0,"parent":0,"menu_order":0,"comment_status":"closed","ping_status":"closed","template":"","meta":{"footnotes":""},"class_list":["post-6","page","type-page","status-publish","hentry"],"_links":{"self":[{"href":"https:\/\/medienwissenschaft.uni-bayreuth.de\/sound\/wp-json\/wp\/v2\/pages\/6","targetHints":{"allow":["GET"]}}],"collection":[{"href":"https:\/\/medienwissenschaft.uni-bayreuth.de\/sound\/wp-json\/wp\/v2\/pages"}],"about":[{"href":"https:\/\/medienwissenschaft.uni-bayreuth.de\/sound\/wp-json\/wp\/v2\/types\/page"}],"author":[{"embeddable":true,"href":"https:\/\/medienwissenschaft.uni-bayreuth.de\/sound\/wp-json\/wp\/v2\/users\/72"}],"replies":[{"embeddable":true,"href":"https:\/\/medienwissenschaft.uni-bayreuth.de\/sound\/wp-json\/wp\/v2\/comments?post=6"}],"version-history":[{"count":80,"href":"https:\/\/medienwissenschaft.uni-bayreuth.de\/sound\/wp-json\/wp\/v2\/pages\/6\/revisions"}],"predecessor-version":[{"id":446,"href":"https:\/\/medienwissenschaft.uni-bayreuth.de\/sound\/wp-json\/wp\/v2\/pages\/6\/revisions\/446"}],"wp:attachment":[{"href":"https:\/\/medienwissenschaft.uni-bayreuth.de\/sound\/wp-json\/wp\/v2\/media?parent=6"}],"curies":[{"name":"wp","href":"https:\/\/api.w.org\/{rel}","templated":true}]}}