{"id":411,"date":"2024-06-25T00:22:28","date_gmt":"2024-06-24T22:22:28","guid":{"rendered":"https:\/\/medienwissenschaft.uni-bayreuth.de\/sound\/?page_id=411"},"modified":"2026-03-06T10:03:12","modified_gmt":"2026-03-06T09:03:12","slug":"klangdom","status":"publish","type":"page","link":"https:\/\/medienwissenschaft.uni-bayreuth.de\/sound\/klangdom\/","title":{"rendered":"3D Audio Soundsystem"},"content":{"rendered":"\n<h2 class=\"wp-block-heading\">K l a n g d o m<\/h2>\n\n\n\n<p id=\"block-ce087da0-7382-441a-a8f5-61c932d79096\">Im <strong>Medialab<\/strong>, dem neuen <strong>Audio- &amp; Videostudio der Fachgruppe Medienwissenschaft <\/strong>im <strong>Forschungszentrum Afrika<\/strong> (FZA), steht ein <strong>13.1 Soundsystem<\/strong> u.a. f\u00fcr ein elektroakustisches <strong>3D-Audi(o)torium<\/strong> zur Verf\u00fcgung. Die Lautsprecher sind dabei so aufgestellt\/abgeh\u00e4ngt, dass sich die Beschallungsform einer <strong>Hemisph\u00e4re<\/strong>, eine Art <strong>Klangdom<\/strong> ergibt: <strong>6-8 Lautsprecher<\/strong> sind im Kreis auf Stativen auf einer Ebene aufgestellt und <strong>5 Lautsprecher<\/strong> am Decken-Rig auf zwei verschiedenen Ebenen abgeh\u00e4ngt. Das Lautsprechersystem besteht aus <strong>12 Genelec-Lautsprechern 8040, 1 Genelec-Lautsprecher<\/strong> <strong>8020 und 1 Genelec-Sublautsprecher (LFE) 7040<\/strong>.<\/p>\n\n\n\n<figure class=\"wp-block-image\" id=\"block-e4eb2dfa-7b45-4003-9f79-68946738e75c\"><img decoding=\"async\" src=\"https:\/\/medienwissenschaft.uni-bayreuth.de\/sound\/wp-content\/uploads\/sites\/22\/2025\/05\/IMG_4422-1024x768.jpg\" alt=\"Dieses Bild hat ein leeres Alt-Attribut. Der Dateiname ist IMG_4422-1024x768.jpg\" \/><figcaption class=\"wp-element-caption\">K l a n g d o m: 1 Sublautsprecher Genelec 7040, 6-8 Lautsprecher Genelec 8040 auf Stativen (60\u00b0-Kreis), 4 Genelec 8040 am Rig (90\u00b0-Viereck), 1 Genelec 8020 am RIg (Voice-of-God)<\/figcaption><\/figure>\n\n\n\n<figure class=\"wp-block-image size-large\"><img loading=\"lazy\" decoding=\"async\" width=\"1024\" height=\"740\" src=\"https:\/\/medienwissenschaft.uni-bayreuth.de\/sound\/wp-content\/uploads\/sites\/22\/2026\/03\/render_v7-1024x740.png\" alt=\"\" class=\"wp-image-1060\" srcset=\"https:\/\/medienwissenschaft.uni-bayreuth.de\/sound\/wp-content\/uploads\/sites\/22\/2026\/03\/render_v7-1024x740.png 1024w, https:\/\/medienwissenschaft.uni-bayreuth.de\/sound\/wp-content\/uploads\/sites\/22\/2026\/03\/render_v7-300x217.png 300w, https:\/\/medienwissenschaft.uni-bayreuth.de\/sound\/wp-content\/uploads\/sites\/22\/2026\/03\/render_v7-768x555.png 768w, https:\/\/medienwissenschaft.uni-bayreuth.de\/sound\/wp-content\/uploads\/sites\/22\/2026\/03\/render_v7-624x451.png 624w, https:\/\/medienwissenschaft.uni-bayreuth.de\/sound\/wp-content\/uploads\/sites\/22\/2026\/03\/render_v7.png 1080w\" sizes=\"auto, (max-width: 1024px) 100vw, 1024px\" \/><\/figure>\n\n\n\n<p id=\"block-c6313240-2187-4b0d-b0aa-5966c2b502d7\">Angesteuert wird dieses <strong>13.1 Soundsystem<\/strong> mit zwei \u00fcber <strong>ADAT<\/strong> miteinander gekoppelte <strong>Audiointerfaces <a href=\"http:\/\/xmSJzNoY!FGna@dz0du1FqF8\" target=\"_blank\" rel=\"noreferrer noopener\">MOTU UltraLite mk5 II<\/a><\/strong>, die in einem<strong> C u b e &#8211; Rack<\/strong> verbaut sind. Das System ist bis <strong>auf 18 Lautsprecher erweiterbar<\/strong>. Bespielbar ist das System u.a. mit den <strong>3D-Audio-Plugins<\/strong> des Instituts f\u00fcr Elektronische Musik und Akustik der Kunstuniversit\u00e4t Graz (<a href=\"https:\/\/plugins.iem.at\" data-type=\"link\" data-id=\"https:\/\/plugins.iem.at\" target=\"_blank\" rel=\"noreferrer noopener\">IEM-Plugin Suite f\u00fcr Ambisonics<\/a>), die in der DAW Reaper auf einem <strong>MacBook Pro M3<\/strong> nutzbar sind.<\/p>\n\n\n\n<figure class=\"wp-block-image size-large\"><img loading=\"lazy\" decoding=\"async\" width=\"768\" height=\"1024\" src=\"https:\/\/medienwissenschaft.uni-bayreuth.de\/sound\/wp-content\/uploads\/sites\/22\/2025\/05\/IMG_4419-768x1024.jpg\" alt=\"\" class=\"wp-image-697\" srcset=\"https:\/\/medienwissenschaft.uni-bayreuth.de\/sound\/wp-content\/uploads\/sites\/22\/2025\/05\/IMG_4419-768x1024.jpg 768w, https:\/\/medienwissenschaft.uni-bayreuth.de\/sound\/wp-content\/uploads\/sites\/22\/2025\/05\/IMG_4419-225x300.jpg 225w, https:\/\/medienwissenschaft.uni-bayreuth.de\/sound\/wp-content\/uploads\/sites\/22\/2025\/05\/IMG_4419-1152x1536.jpg 1152w, https:\/\/medienwissenschaft.uni-bayreuth.de\/sound\/wp-content\/uploads\/sites\/22\/2025\/05\/IMG_4419-1536x2048.jpg 1536w, https:\/\/medienwissenschaft.uni-bayreuth.de\/sound\/wp-content\/uploads\/sites\/22\/2025\/05\/IMG_4419-624x832.jpg 624w, https:\/\/medienwissenschaft.uni-bayreuth.de\/sound\/wp-content\/uploads\/sites\/22\/2025\/05\/IMG_4419-scaled.jpg 1920w\" sizes=\"auto, (max-width: 768px) 100vw, 768px\" \/><figcaption class=\"wp-element-caption\">Audio-C u b e mit 2 Audiointerfaces (MOTU UltraLite mk5 II) und zentraler Stromversorgung (Furman)<\/figcaption><\/figure>\n\n\n\n<p id=\"block-8e70ec70-dbc9-4a69-94e0-69732b102be7\">Die <strong>in den IEM-Plugins implementierte Ambisonics-Technologie<\/strong> generiert in diesem 13.1 Soundsystem ein <strong>dreidimensionales Klangfeld<\/strong> f\u00fcr <strong>decodierbare<\/strong> 360\u00b0-Ambisonics- oder\/und <strong>encodierbare<\/strong> Mono\/Stereo Mikrofonaufnahmen. Dies macht den K l a n g d o m zu einem <strong>klangimmersiven Auditorium<\/strong>.<\/p>\n\n\n\n<h2 class=\"wp-block-heading\">3D-Audio Mikrofonaufnahmen<\/h2>\n\n\n\n<p id=\"block-69277a35-e50d-43f1-a18c-d3a6675d935e\">F\u00fcr <strong>Ambisonics-Aufnahmen<\/strong> (1th Order) stehen die Mikrofone <strong>Sennheiser Ambeo VR<\/strong> und ein <strong>R\u00f8de NT-SF1<\/strong> mit einem <strong>Zoom F8n Pro<\/strong> und einem <strong>Zoom<\/strong> <strong>F6 Field Recorder<\/strong> zur Verf\u00fcgung sowie ein <strong>Zoom H3 VR<\/strong> (Field Recorder mit Ambisonics-Mikrofon 1st Order)<\/p>\n\n\n\n<figure class=\"wp-block-image size-large\"><img loading=\"lazy\" decoding=\"async\" width=\"1024\" height=\"768\" src=\"https:\/\/medienwissenschaft.uni-bayreuth.de\/sound\/wp-content\/uploads\/sites\/22\/2025\/05\/IMG_4382-1024x768.jpg\" alt=\"\" class=\"wp-image-714\" srcset=\"https:\/\/medienwissenschaft.uni-bayreuth.de\/sound\/wp-content\/uploads\/sites\/22\/2025\/05\/IMG_4382-1024x768.jpg 1024w, https:\/\/medienwissenschaft.uni-bayreuth.de\/sound\/wp-content\/uploads\/sites\/22\/2025\/05\/IMG_4382-300x225.jpg 300w, https:\/\/medienwissenschaft.uni-bayreuth.de\/sound\/wp-content\/uploads\/sites\/22\/2025\/05\/IMG_4382-768x576.jpg 768w, https:\/\/medienwissenschaft.uni-bayreuth.de\/sound\/wp-content\/uploads\/sites\/22\/2025\/05\/IMG_4382-1536x1152.jpg 1536w, https:\/\/medienwissenschaft.uni-bayreuth.de\/sound\/wp-content\/uploads\/sites\/22\/2025\/05\/IMG_4382-2048x1536.jpg 2048w, https:\/\/medienwissenschaft.uni-bayreuth.de\/sound\/wp-content\/uploads\/sites\/22\/2025\/05\/IMG_4382-624x468.jpg 624w\" sizes=\"auto, (max-width: 1024px) 100vw, 1024px\" \/><\/figure>\n\n\n\n<figure class=\"wp-block-audio\"><audio controls src=\"https:\/\/medienwissenschaft.uni-bayreuth.de\/sound\/wp-content\/uploads\/sites\/22\/2025\/05\/Tierpark-am-Roehrensee-binaural.mp3\"><\/audio><figcaption class=\"wp-element-caption\">Tierpark am R\u00f6hrensee aufgenommen mit Sennheiser Ambeo VR (binaurales Rendering, mit Kopfh\u00f6rern anzuh\u00f6ren)<\/figcaption><\/figure>\n","protected":false},"excerpt":{"rendered":"<p>K l a n g d o m Im Medialab, dem neuen Audio- &amp; Videostudio der Fachgruppe Medienwissenschaft im Forschungszentrum Afrika (FZA), steht ein 13.1 Soundsystem u.a. f\u00fcr ein elektroakustisches 3D-Audi(o)torium zur Verf\u00fcgung. Die Lautsprecher sind dabei so aufgestellt\/abgeh\u00e4ngt, dass sich die Beschallungsform einer Hemisph\u00e4re, eine Art Klangdom ergibt: 6-8 Lautsprecher sind im Kreis auf [&hellip;]<\/p>\n","protected":false},"author":72,"featured_media":0,"parent":0,"menu_order":0,"comment_status":"closed","ping_status":"closed","template":"","meta":{"footnotes":""},"class_list":["post-411","page","type-page","status-publish","hentry"],"_links":{"self":[{"href":"https:\/\/medienwissenschaft.uni-bayreuth.de\/sound\/wp-json\/wp\/v2\/pages\/411","targetHints":{"allow":["GET"]}}],"collection":[{"href":"https:\/\/medienwissenschaft.uni-bayreuth.de\/sound\/wp-json\/wp\/v2\/pages"}],"about":[{"href":"https:\/\/medienwissenschaft.uni-bayreuth.de\/sound\/wp-json\/wp\/v2\/types\/page"}],"author":[{"embeddable":true,"href":"https:\/\/medienwissenschaft.uni-bayreuth.de\/sound\/wp-json\/wp\/v2\/users\/72"}],"replies":[{"embeddable":true,"href":"https:\/\/medienwissenschaft.uni-bayreuth.de\/sound\/wp-json\/wp\/v2\/comments?post=411"}],"version-history":[{"count":41,"href":"https:\/\/medienwissenschaft.uni-bayreuth.de\/sound\/wp-json\/wp\/v2\/pages\/411\/revisions"}],"predecessor-version":[{"id":1062,"href":"https:\/\/medienwissenschaft.uni-bayreuth.de\/sound\/wp-json\/wp\/v2\/pages\/411\/revisions\/1062"}],"wp:attachment":[{"href":"https:\/\/medienwissenschaft.uni-bayreuth.de\/sound\/wp-json\/wp\/v2\/media?parent=411"}],"curies":[{"name":"wp","href":"https:\/\/api.w.org\/{rel}","templated":true}]}}