{"id":63,"date":"2017-10-17T14:00:50","date_gmt":"2017-10-17T12:00:50","guid":{"rendered":"https:\/\/medienwissenschaft.uni-bayreuth.de\/inik\/?page_id=63"},"modified":"2017-10-17T14:05:05","modified_gmt":"2017-10-17T12:05:05","slug":"mini-projekt-bauen-eines-chatbots","status":"publish","type":"page","link":"https:\/\/medienwissenschaft.uni-bayreuth.de\/inik\/entwuerfe\/chatbots\/mini-projekt-bauen-eines-chatbots\/","title":{"rendered":"4. Mini-Projekt: Bauen eines Chatbots"},"content":{"rendered":"<p><strong>4. Mini-Projekt: Bauen eines Chatbots mittels moderner Technologien (135-225 min)<\/strong><\/p>\n<div id=\"showContent4\">\n<p>W\u00e4hrend in den vorangegangenen Stunden die Besch\u00e4ftigung mit historischen \u201eChatbots\u201c im Vordergrund stand, haben die SuS die M\u00f6glichkeit mittels AIML (Artificial Intelligence Markup Language) in einem spielerischem Umfeld einen eigenen Chatbot zu implementieren. Erfahrungsgem\u00e4\u00df werden daf\u00fcr mindestens drei Unterrichtsstunden ben\u00f6tigt. Der Abschnitt der Unterrichtseinheit bietet zus\u00e4tzlich die M\u00f6glichkeit den Softwareentwicklungsprozess als gr\u00f6\u00dferes Projekt zu gestalten.<\/p>\n<h2>Standardbezug<\/h2>\n<p><a href=\"http:\/\/gi.informatikstandards.de\/\">Bildungsstandards der GI<\/a><br \/>\n<em>Informatiksysteme<\/em><br \/>\nDie SuS erschlie\u00dfen sich selbstst\u00e4ndig neue Anwendungen und Informatiksysteme.<\/p>\n<p><em>Algorithmen<\/em><br \/>\nDie SuS modifizieren und erg\u00e4nzen Quelltexte von Programmen nach Vorgaben.<\/p>\n<p><em>Kommunizieren und Kooperieren<\/em><br \/>\nDie SuS kooperieren in Projektarbeit bei der Bearbeitung eines informatischen Problems.<\/p>\n<p><a href=\"http:\/\/www.berlin.de\/imperia\/md\/content\/sen-bildung\/schulorganisation\/lehrplaene\/sek1_itg_informatik.pdf\">Kompetenzbez\u00fcge aus dem Berliner Rahmenlehrplan f\u00fcr die Sek 1<\/a><br \/>\nDie SuS erfahren die extreme Begrenztheit der \u201eVerst\u00e4ndnisf\u00e4higkeit\u201c der Maschine beim Entwurf und Test eigener Probleml\u00f6sungen.<\/p>\n<h2>Materialien<\/h2>\n<p>Die Entwicklungsumgebung \u201eGaitobot\u201c (kostenfrei). [<a href=\"http:\/\/www.gaitobot.de\/gaitobot\/AIMLEditor\/download.aspx\">http:\/\/www.gaitobot.de\/gaitobot\/AIMLEditor\/download.aspx<\/a>]<\/p>\n<p>Dokumentation zur Benutzung von Gaitobot. [Anhang: <a href=\"\/inik\/material\/chatbots\/Mini-Dokumentation_Gaitobot.pdf\">Mini-Dokumentation_Gaitobot.pdf<\/a>]<\/p>\n<p>Tutorial-Videos f\u00fcr Gaitobot (im Programm enthalten).<\/p>\n<p>Arbeitsbogen zur Erforschung der Arbeitsweise von AIML-Bots. [Anhang: <a href=\"\/inik\/material\/chatbots\/Arbeitsbogen_AIML.pdf\">Arbeitsbogen_AIML.pdf<\/a>]<\/p>\n<p>Rumpfskript f\u00fcr den Chatbot der SuS. [Anhang: <a href=\"\/inik\/material\/chatbots\/Rumpfskript_AIML.pdf\">Rumpfskript_AIML.pdf<\/a>]<\/p>\n<p>Drei \u201eHinweisschnipsel\u201c f\u00fcr den Bau eines AIML-Chatbots. [Anhang: <a href=\"\/inik\/material\/chatbots\/Hinweisschnipsel_AIML_Bot.pdf\">Hinweisschnipsel_AIML_Bot.pdf<\/a>]<\/p>\n<h2>Unterrichtsverlauf<\/h2>\n<p><em>Einstieg (ca. 5 min)<\/em><br \/>\nDer Lehrer\/ die Lehrerin bereitet den Tafelanschrieb vor: Zeit die ben\u00f6tigt wurde, um Eliza als Bot zu \u201eenttarnen\u201c (siehe HA der letzten Stunde). Die SuS nennen die Ergebnisse ihrer Hausarbeit. Der Lehrer\/ die Lehrerin erl\u00e4utert die Arbeitsaufgabe f\u00fcr die Stunde (sie Arbeitsbogen zur Erforschung der Arbeitsweise von AIML-Bots).<\/p>\n<p><em>Arbeitsphase (ca. 10 min)<\/em><br \/>\nIn Folge sollen sich die SuS erstmals mit moderner Chatbottechnologie auseinandersetzen. Dazu bearbeiten sie Aufgabe 1 &amp; 2 des Arbeitsbogens. Weiterhin lernen sie Umgebungen kennen, in denen Chatbottechnologien eingesetzt werden.<\/p>\n<p><em>Bewertungsphase (ca. 10 Minuten)<\/em><br \/>\nDie SuS nennen die Zeit, die sie brauchten, um \u201eAlice\u201c als Bot zu enttarnen und bewerten das Verhalten von modernen Chatbots im Vergleich zu \u201eEliza\u201c. Dabei stellen fest, dass \u201eAlice\u201c zwar fortgeschrittener als ihre Vorg\u00e4ngerin \u201eEliza\u201c, selbst aber noch relativ unverm\u00f6gend ist. Der Lehrer\/ die Lehrerin vervollst\u00e4ndigt den Tafelanschrieb. Fragen: \u201eWie hat Alice sich verhalten? In wie fern wirkt sie &#8218;kl\u00fcger&#8216; als Eliza?\u201c.<\/p>\n<p><em>Demonstration (ca. 5 Minuten)<\/em><br \/>\nDer Lehrer\/ die Lehrerin stellt kurz das Programm Gaitobot und AIML vor und erl\u00e4utert die Aufgaben f\u00fcr das folgende Projekt. Die Hilfestellungen (Rumpfskript und Dokumentation von Gaitobot) werden ausgegeben.<\/p>\n<p><em>Projekt: Bauen eines Chatbots (80 min)<\/em><br \/>\nDie SuS entwickeln innerhalb der Kleingruppen einen Chatbot. Ziel ist es, dem Bot ein Geheimnis beizubringen, das sp\u00e4ter von den Mitsch\u00fclern und Mitsch\u00fclerinnen durch ein Gespr\u00e4ch mit dem Bot herausgefunden werden soll. Zur Hilfestellungen erhalten die SuS eine Mini-Anleitung, in der die Syntax erl\u00e4utert und Beispiele gegeben werden. Die SuS schauen sich die Tutorial-Videos des Gaitobot an. Weiterhin werden drei zus\u00e4tzliche \u201eHinweisschnipsel\u201c ausgelegt, die sich die SuS holen k\u00f6nnen, falls sie weitere Hilfestellungen ben\u00f6tigen.<br \/>\nDer Lehrer\/ die Lehrerin steht f\u00fcr Nachfragen bereit und beobachtet den Arbeitsfortschritt. Den SuS kann die M\u00f6glichkeit geboten werden, ihren Chatbot (in Form einer freiwilligen Hausaufgabe) au\u00dferhalb der Schulzeit weiterzuentwickeln.<\/p>\n<p><em>Pr\u00e4sentation (ca. 15 min)<\/em><br \/>\nDer Lehrer\/ die Lehrerin moderiert die Vorstellung der Chatbots der einzelnen Gruppen. Das aktuelle Gespr\u00e4ch wird an die Wand projiziert. Ein Sch\u00fcler\/ eine Sch\u00fclerin \u00fcbernimmt die Eingabe. Die Chatbots werden der Reihe nach \u201ebefragt\u201c. Die SuS machen Vorschl\u00e4ge f\u00fcr den Dialog mit dem Bot.<\/p>\n<p><em>Auswertung\/Diskussion (ca. 10 Minuten)<\/em><br \/>\nDie SuS \u00e4u\u00dfern sich zu den Problemen, die bei der Entwicklung des Bots aufgetreten sind und \u00fcberlegen, wie sie die Kommunikation mit dem Bot verfeinern k\u00f6nnten.<br \/>\nAnschlie\u00dfen projiziert der Lehrer\/ die Lehrerin die Ergebnisse des Fragebogens (siehe Stunden 1 &amp; 2) an die Wand. Die SuS \u00e4u\u00dfern ihre Meinung \u00fcber die F\u00e4higkeiten aktueller KI und spekulieren \u00fcber zuk\u00fcnftige Entwicklungen in der KI. Sie SuS \u00e4u\u00dfern, ob sie bei einem erneuten Ausf\u00fcllen des Fragebogens anders agieren w\u00fcrden und wenn ja, warum.<\/p>\n<p><em>Fakultativ: Iteration: Bauen eines Chatbots Teil 2 (ca. 90 min)<\/em><br \/>\nDie SuS erhalten die M\u00f6glichkeit ihren Chatbot weiter zu entwickeln und nutzen dabei die Erkentnisse, die sie aus der ersten Pr\u00e4sentation ihres Bots gezogen haben. Anschlie\u00dfend pr\u00e4sentieren sie ihren Bot erneut und erl\u00e4utern welche Verbesserungen sie vorgenommen haben.<\/p>\n<\/div>\n","protected":false},"excerpt":{"rendered":"<p>4. Mini-Projekt: Bauen eines Chatbots mittels moderner Technologien (135-225 min) W\u00e4hrend in den vorangegangenen Stunden die Besch\u00e4ftigung mit historischen \u201eChatbots\u201c im Vordergrund stand, haben die SuS die M\u00f6glichkeit mittels AIML (Artificial Intelligence Markup Language) in einem spielerischem Umfeld einen eigenen Chatbot zu implementieren. Erfahrungsgem\u00e4\u00df werden daf\u00fcr mindestens drei Unterrichtsstunden ben\u00f6tigt. Der Abschnitt der Unterrichtseinheit bietet [&hellip;]<\/p>\n","protected":false},"author":1,"featured_media":0,"parent":52,"menu_order":0,"comment_status":"closed","ping_status":"closed","template":"","meta":{"site-sidebar-layout":"default","site-content-layout":"","ast-site-content-layout":"default","site-content-style":"default","site-sidebar-style":"default","ast-global-header-display":"","ast-banner-title-visibility":"","ast-main-header-display":"","ast-hfb-above-header-display":"","ast-hfb-below-header-display":"","ast-hfb-mobile-header-display":"","site-post-title":"","ast-breadcrumbs-content":"","ast-featured-img":"","footer-sml-layout":"","ast-disable-related-posts":"","theme-transparent-header-meta":"","adv-header-id-meta":"","stick-header-meta":"","header-above-stick-meta":"","header-main-stick-meta":"","header-below-stick-meta":"","astra-migrate-meta-layouts":"default","ast-page-background-enabled":"default","ast-page-background-meta":{"desktop":{"background-color":"var(--ast-global-color-4)","background-image":"","background-repeat":"repeat","background-position":"center center","background-size":"auto","background-attachment":"scroll","background-type":"","background-media":"","overlay-type":"","overlay-color":"","overlay-opacity":"","overlay-gradient":""},"tablet":{"background-color":"","background-image":"","background-repeat":"repeat","background-position":"center center","background-size":"auto","background-attachment":"scroll","background-type":"","background-media":"","overlay-type":"","overlay-color":"","overlay-opacity":"","overlay-gradient":""},"mobile":{"background-color":"","background-image":"","background-repeat":"repeat","background-position":"center center","background-size":"auto","background-attachment":"scroll","background-type":"","background-media":"","overlay-type":"","overlay-color":"","overlay-opacity":"","overlay-gradient":""}},"ast-content-background-meta":{"desktop":{"background-color":"var(--ast-global-color-5)","background-image":"","background-repeat":"repeat","background-position":"center center","background-size":"auto","background-attachment":"scroll","background-type":"","background-media":"","overlay-type":"","overlay-color":"","overlay-opacity":"","overlay-gradient":""},"tablet":{"background-color":"var(--ast-global-color-5)","background-image":"","background-repeat":"repeat","background-position":"center center","background-size":"auto","background-attachment":"scroll","background-type":"","background-media":"","overlay-type":"","overlay-color":"","overlay-opacity":"","overlay-gradient":""},"mobile":{"background-color":"var(--ast-global-color-5)","background-image":"","background-repeat":"repeat","background-position":"center center","background-size":"auto","background-attachment":"scroll","background-type":"","background-media":"","overlay-type":"","overlay-color":"","overlay-opacity":"","overlay-gradient":""}},"footnotes":""},"class_list":["post-63","page","type-page","status-publish","hentry"],"_links":{"self":[{"href":"https:\/\/medienwissenschaft.uni-bayreuth.de\/inik\/wp-json\/wp\/v2\/pages\/63","targetHints":{"allow":["GET"]}}],"collection":[{"href":"https:\/\/medienwissenschaft.uni-bayreuth.de\/inik\/wp-json\/wp\/v2\/pages"}],"about":[{"href":"https:\/\/medienwissenschaft.uni-bayreuth.de\/inik\/wp-json\/wp\/v2\/types\/page"}],"author":[{"embeddable":true,"href":"https:\/\/medienwissenschaft.uni-bayreuth.de\/inik\/wp-json\/wp\/v2\/users\/1"}],"replies":[{"embeddable":true,"href":"https:\/\/medienwissenschaft.uni-bayreuth.de\/inik\/wp-json\/wp\/v2\/comments?post=63"}],"version-history":[{"count":2,"href":"https:\/\/medienwissenschaft.uni-bayreuth.de\/inik\/wp-json\/wp\/v2\/pages\/63\/revisions"}],"predecessor-version":[{"id":65,"href":"https:\/\/medienwissenschaft.uni-bayreuth.de\/inik\/wp-json\/wp\/v2\/pages\/63\/revisions\/65"}],"up":[{"embeddable":true,"href":"https:\/\/medienwissenschaft.uni-bayreuth.de\/inik\/wp-json\/wp\/v2\/pages\/52"}],"wp:attachment":[{"href":"https:\/\/medienwissenschaft.uni-bayreuth.de\/inik\/wp-json\/wp\/v2\/media?parent=63"}],"curies":[{"name":"wp","href":"https:\/\/api.w.org\/{rel}","templated":true}]}}