{"id":54,"date":"2017-10-17T12:22:59","date_gmt":"2017-10-17T10:22:59","guid":{"rendered":"https:\/\/medienwissenschaft.uni-bayreuth.de\/inik\/?page_id=54"},"modified":"2017-10-17T14:04:17","modified_gmt":"2017-10-17T12:04:17","slug":"1-einsteig-joseph-weizenbaums-eliza","status":"publish","type":"page","link":"https:\/\/medienwissenschaft.uni-bayreuth.de\/inik\/entwuerfe\/chatbots\/1-einsteig-joseph-weizenbaums-eliza\/","title":{"rendered":"1. Einsteig: Joseph Weizenbaums \u201eEliza\u201c"},"content":{"rendered":"<p>In den ersten 45 Minuten der Unterrichtseinheit lernen die SuS die Mutter aller Chatbots, Joseph Weizenbaums \u201eEliza\u201c, sowie heutige Einsatzm\u00f6glichkeiten von kommunizierender KI kennen. Dabei findet eine erste kritische Besch\u00e4ftigung mit dem Thema KI statt.<\/p>\n<h2><strong>Standardbezug<\/strong><\/h2>\n<p><a href=\"http:\/\/gi.informatikstandards.de\/\">Bildungsstandards der GI<br \/>\n<\/a><em>Informatiksysteme<\/em><br \/>\nDie SuS erschlie\u00dfen sich selbstst\u00e4ndig neue Anwendungen und Informatiksysteme.<\/p>\n<p><em>Informatik, Mensch und Gesellschaft<\/em><br \/>\nDie SuS bewerten die Auswirkungen der Automatisierung in der Arbeitswelt.<\/p>\n<h2><strong>Materialien<\/strong><\/h2>\n<p>Deutsche DOS-Version von \u201eEliza\u201c, entwickelt von W. Steup. [<a href=\"http:\/\/bscw.schule.de\/pub\/bscw.cgi\/d509763\/ki-prog.zip\">http:\/\/bscw.schule.de\/pub\/bscw.cgi\/d509763\/ki-prog.zip<\/a>]<\/p>\n<p>Gro\u00dfe Karteikarten auf denen die SuS die Vor- und Nachteile eines \u201eelektronischen Vertrauenslehrers\u201c notieren.<\/p>\n<p>Audiodatei \u201eHerr Cholerik und die Zugauskunft\u201c (in: Radio-PSR Sinnlos-Telefon, Best-of Vol 11. Findet sich auch -in mangelhafter Qualit\u00e4t- bei <a href=\"http:\/\/www.myvideo.de\/watch\/1913914\">myvideo<\/a>.<\/p>\n<h2><strong>Unterrichtsverlauf<\/strong><\/h2>\n<p><em>Motivierender Einsteig (ca. 5 min)<\/em><br \/>\nF\u00fcr den Einstieg in den Themenkomplex wird den SuS eine Audiodatei vorgespielt: Der Komiker Steffen Lukas gibt sich darin alle M\u00fche, mit dem automatisierten Auskunftssystem der Deutschen Bahn zu kommunizieren, scheitert jedoch kl\u00e4glich. Auf humorvolle Art und Weise lernen die SuS ein Beispiel f\u00fcr kommunizierende KI innerhalb ihrer Lebenswelt kennen und k\u00f6nnen ahnen, welche Probleme ein solches Informatiksystem mit sich bringen kann.<\/p>\n<p><em>Erarbeitungsphase I (ca. 15 min)<\/em><br \/>\nDer Lehrer \/ die Lehrerin \u00fcbermittelt den \u201eAuftrag der Sch\u00fclververtretung\u201c das Eliza-Skript \u201eoffenes Ohr\u201c f\u00fcr einen simulierten Vertrauenslehrer zu testen.<br \/>\nDer Lehrer \/ die Lehrerin gibt eine kurze Einf\u00fchrung in die Programmbedienung.<br \/>\nDie Lernenden arbeiten paarweise am Rechner. Dabei sollen Vor- und Nachteile, sowie der Gespr\u00e4chsverlauf des Programmsystems protokolliert werden.<\/p>\n<p><em>Erarbeitungsphase II (ca. 15 Minuten)<\/em><br \/>\nNach einer kurzen Spontanphase, in der die SuS ihre ersten Eindr\u00fccke zum Programm ausdr\u00fccken k\u00f6nnen, vergibt der Lehrer\/ die Lehrerin den Arbeitsauftrag sich in Kleingruppen zusammen zu finden um sich \u00fcber die Vor- und Nachteile eines \u201eelektronischen Vertrauenslehrers\u201c zu einigen. Die Ergebnisse werden auf Karteikarten notiert und an die Tafel geheftet.<\/p>\n<p><em>Sicherung und Hausaufgabe (ca. 10 Minuten)<\/em><br \/>\nDer Lehrer\/ die Lehrerin moderiert die Diskussion \u00fcber das Tafelbild. Die SuS besprechen, erg\u00e4nzen und korrigieren ggf. das Tafelbild. Die SuS \u00fcbernehmen das Tafelbild in den Hefter. Zus\u00e4tzlich wird eine Hausaufgabe ausgegeben: Alle SuS sollen ein \u201eGutachten\u201c \u00fcber das Programm erstellen.<\/p>\n","protected":false},"excerpt":{"rendered":"<p>In den ersten 45 Minuten der Unterrichtseinheit lernen die SuS die Mutter aller Chatbots, Joseph Weizenbaums \u201eEliza\u201c, sowie heutige Einsatzm\u00f6glichkeiten von kommunizierender KI kennen. Dabei findet eine erste kritische Besch\u00e4ftigung mit dem Thema KI statt. Standardbezug Bildungsstandards der GI Informatiksysteme Die SuS erschlie\u00dfen sich selbstst\u00e4ndig neue Anwendungen und Informatiksysteme. Informatik, Mensch und Gesellschaft Die SuS [&hellip;]<\/p>\n","protected":false},"author":1,"featured_media":0,"parent":52,"menu_order":0,"comment_status":"closed","ping_status":"closed","template":"","meta":{"site-sidebar-layout":"default","site-content-layout":"","ast-site-content-layout":"default","site-content-style":"default","site-sidebar-style":"default","ast-global-header-display":"","ast-banner-title-visibility":"","ast-main-header-display":"","ast-hfb-above-header-display":"","ast-hfb-below-header-display":"","ast-hfb-mobile-header-display":"","site-post-title":"","ast-breadcrumbs-content":"","ast-featured-img":"","footer-sml-layout":"","ast-disable-related-posts":"","theme-transparent-header-meta":"","adv-header-id-meta":"","stick-header-meta":"","header-above-stick-meta":"","header-main-stick-meta":"","header-below-stick-meta":"","astra-migrate-meta-layouts":"default","ast-page-background-enabled":"default","ast-page-background-meta":{"desktop":{"background-color":"var(--ast-global-color-4)","background-image":"","background-repeat":"repeat","background-position":"center center","background-size":"auto","background-attachment":"scroll","background-type":"","background-media":"","overlay-type":"","overlay-color":"","overlay-opacity":"","overlay-gradient":""},"tablet":{"background-color":"","background-image":"","background-repeat":"repeat","background-position":"center center","background-size":"auto","background-attachment":"scroll","background-type":"","background-media":"","overlay-type":"","overlay-color":"","overlay-opacity":"","overlay-gradient":""},"mobile":{"background-color":"","background-image":"","background-repeat":"repeat","background-position":"center center","background-size":"auto","background-attachment":"scroll","background-type":"","background-media":"","overlay-type":"","overlay-color":"","overlay-opacity":"","overlay-gradient":""}},"ast-content-background-meta":{"desktop":{"background-color":"var(--ast-global-color-5)","background-image":"","background-repeat":"repeat","background-position":"center center","background-size":"auto","background-attachment":"scroll","background-type":"","background-media":"","overlay-type":"","overlay-color":"","overlay-opacity":"","overlay-gradient":""},"tablet":{"background-color":"var(--ast-global-color-5)","background-image":"","background-repeat":"repeat","background-position":"center center","background-size":"auto","background-attachment":"scroll","background-type":"","background-media":"","overlay-type":"","overlay-color":"","overlay-opacity":"","overlay-gradient":""},"mobile":{"background-color":"var(--ast-global-color-5)","background-image":"","background-repeat":"repeat","background-position":"center center","background-size":"auto","background-attachment":"scroll","background-type":"","background-media":"","overlay-type":"","overlay-color":"","overlay-opacity":"","overlay-gradient":""}},"footnotes":""},"class_list":["post-54","page","type-page","status-publish","hentry"],"_links":{"self":[{"href":"https:\/\/medienwissenschaft.uni-bayreuth.de\/inik\/wp-json\/wp\/v2\/pages\/54","targetHints":{"allow":["GET"]}}],"collection":[{"href":"https:\/\/medienwissenschaft.uni-bayreuth.de\/inik\/wp-json\/wp\/v2\/pages"}],"about":[{"href":"https:\/\/medienwissenschaft.uni-bayreuth.de\/inik\/wp-json\/wp\/v2\/types\/page"}],"author":[{"embeddable":true,"href":"https:\/\/medienwissenschaft.uni-bayreuth.de\/inik\/wp-json\/wp\/v2\/users\/1"}],"replies":[{"embeddable":true,"href":"https:\/\/medienwissenschaft.uni-bayreuth.de\/inik\/wp-json\/wp\/v2\/comments?post=54"}],"version-history":[{"count":3,"href":"https:\/\/medienwissenschaft.uni-bayreuth.de\/inik\/wp-json\/wp\/v2\/pages\/54\/revisions"}],"predecessor-version":[{"id":73,"href":"https:\/\/medienwissenschaft.uni-bayreuth.de\/inik\/wp-json\/wp\/v2\/pages\/54\/revisions\/73"}],"up":[{"embeddable":true,"href":"https:\/\/medienwissenschaft.uni-bayreuth.de\/inik\/wp-json\/wp\/v2\/pages\/52"}],"wp:attachment":[{"href":"https:\/\/medienwissenschaft.uni-bayreuth.de\/inik\/wp-json\/wp\/v2\/media?parent=54"}],"curies":[{"name":"wp","href":"https:\/\/api.w.org\/{rel}","templated":true}]}}