{"id":446,"date":"2021-07-29T15:42:54","date_gmt":"2021-07-29T13:42:54","guid":{"rendered":"https:\/\/medienwissenschaft.uni-bayreuth.de\/inik\/?page_id=446"},"modified":"2021-07-29T15:42:54","modified_gmt":"2021-07-29T13:42:54","slug":"lernabschnitt-5-umgang-mit-exif-daten","status":"publish","type":"page","link":"https:\/\/medienwissenschaft.uni-bayreuth.de\/inik\/entwuerfe\/versteckte-meta-daten-und-datenschutz\/lernabschnitt-5-umgang-mit-exif-daten\/","title":{"rendered":"Lernabschnitt 5: Umgang mit EXIF-Daten"},"content":{"rendered":"<h2 style=\"margin-left: 40.0pt;text-align: justify;text-indent: -36.0pt\">Leitidee<\/h2>\n<p class=\"MsoNormal\" style=\"text-align: justify;margin-left: 10.0pt;margin-right: 10.0pt\">Die bisherigen Beispiele der Verwendung von personenbezogenen Daten hatte vor allem das Ziel zu zeigen, welche Spuren die Sch\u00fclerinnen und Sch\u00fcler in Form von Daten hinterlassen. Diese Doppelstunde zeigt durch reale Fallbeispiele auf, wie die anfallenden Daten verwendet werden k\u00f6nnen. Zugleich sollen die Sch\u00fclerinnen und Sch\u00fcler L\u00f6sungsm\u00f6glichkeiten entwickeln, um ihre pers\u00f6nliche Datenweitergabe zu reduzieren. Dieser Aspekt ist wichtig, um die Klasse nicht zu verunsichern oder sie mit einem Gef\u00fchl der Ohnmacht zur\u00fcckzulassen. Deshalb ist es ebenso von Bedeutung, dass die Sch\u00fclerinnen und Sch\u00fcler M\u00f6glichkeiten des Austauschs und Zeit f\u00fcr Fragen und Diskussionen bekommen.<\/p>\n<h2 style=\"margin-left: 40.0pt;text-align: justify;text-indent: -36.0pt\">Standardbezug<\/h2>\n<p class=\"MsoListParagraphCxSpFirst\" style=\"text-align: justify;margin-left: 10.0pt\"><b>Informatik, Mensch und Gesellschaft<\/b><\/p>\n<p class=\"MsoListParagraphCxSpMiddle\" style=\"text-align: justify;margin-left: 10.0pt;margin-right: 10.0pt\">Die Sch\u00fclerinnen und Sch\u00fcler<\/p>\n<ul>\n<li class=\"MsoListParagraphCxSpMiddle\" style=\"text-align: justify;margin-left: 10.0pt;margin-right: 10.0pt\">konzipieren Ma\u00dfnahmen zur Realisierung von Datensicherheit f\u00fcr konkrete Anwendungsf\u00e4lle, insbesondere Zugriffskontrolle.<\/li>\n<\/ul>\n<p class=\"MsoNormal\" style=\"text-align: justify;margin-left: 10.0pt;margin-right: 10.0pt\"><b>Darstellen und Interpretieren<\/b><\/p>\n<p class=\"MsoNormal\" style=\"text-align: justify;margin-left: 10.0pt;margin-right: 10.0pt\">Die Sch\u00fclerinnen und Sch\u00fcler<\/p>\n<ul>\n<li class=\"MsoNormal\" style=\"text-align: justify;margin-left: 10.0pt;margin-right: 10.0pt\">analysieren und interpretieren gegebene Darstellungen im Detail und im Zusammenhang.<\/li>\n<\/ul>\n<h2 style=\"margin-left: 40.0pt;text-align: justify;text-indent: -36.0pt\">Unterrichtsverlauf<\/h2>\n<table class=\"MsoTableGrid\" style=\"border-collapse: collapse;border: none\" border=\"1\" cellspacing=\"0\" cellpadding=\"0\">\n<tbody>\n<tr>\n<td style=\"width: 63.55pt;border: solid windowtext 1.0pt;background: #BDD6EE;padding: 0cm 5.4pt 0cm 5.4pt\" valign=\"top\" width=\"169\">\n<p class=\"MsoNormal\" style=\"margin-bottom: .0001pt;text-align: justify;line-height: normal\">Zeit in min<\/p>\n<\/td>\n<td style=\"width: 238.5pt;border: solid windowtext 1.0pt;border-left: none;background: #BDD6EE;padding: 0cm 5.4pt 0cm 5.4pt\" valign=\"top\" width=\"636\">\n<p class=\"MsoNormal\" style=\"margin-bottom: .0001pt;text-align: justify;line-height: normal\">Inhalt<\/p>\n<\/td>\n<td style=\"width: 151.05pt;border: solid windowtext 1.0pt;border-left: none;background: #BDD6EE;padding: 0cm 5.4pt 0cm 5.4pt\" valign=\"top\" width=\"403\">\n<p class=\"MsoNormal\" style=\"margin-bottom: .0001pt;text-align: justify;line-height: normal\">Medien und Sozialform<\/p>\n<\/td>\n<\/tr>\n<tr>\n<td style=\"width: 63.55pt;border: solid windowtext 1.0pt;border-top: none;padding: 0cm 5.4pt 0cm 5.4pt\" valign=\"top\" width=\"169\">\n<p class=\"MsoNormal\" style=\"margin-bottom: .0001pt;text-align: justify;line-height: normal\">5<\/p>\n<\/td>\n<td style=\"width: 238.5pt;border-top: none;border-left: none;border-bottom: solid windowtext 1.0pt;border-right: solid windowtext 1.0pt;padding: 0cm 5.4pt 0cm 5.4pt\" valign=\"top\" width=\"636\">\n<p class=\"MsoNormal\" style=\"margin-bottom: .0001pt;text-align: justify;line-height: normal\">Begr\u00fc\u00dfung und Warm-up mit Wiederholung von<br \/>\nErkenntnissen aus der Vorstunde.<\/p>\n<\/td>\n<td style=\"width: 151.05pt;border-top: none;border-left: none;border-bottom: solid windowtext 1.0pt;border-right: solid windowtext 1.0pt;padding: 0cm 5.4pt 0cm 5.4pt\" valign=\"top\" width=\"403\">\n<p class=\"MsoNormal\" style=\"margin-bottom: .0001pt;text-align: justify;line-height: normal\">Plenum<\/p>\n<\/td>\n<\/tr>\n<tr>\n<td style=\"width: 63.55pt;border: solid windowtext 1.0pt;border-top: none;padding: 0cm 5.4pt 0cm 5.4pt\" valign=\"top\" width=\"169\">\n<p class=\"MsoNormal\" style=\"margin-bottom: .0001pt;text-align: justify;line-height: normal\">25<\/p>\n<\/td>\n<td style=\"width: 238.5pt;border-top: none;border-left: none;border-bottom: solid windowtext 1.0pt;border-right: solid windowtext 1.0pt;padding: 0cm 5.4pt 0cm 5.4pt\" valign=\"top\" width=\"636\">\n<p class=\"MsoNormal\" style=\"margin-bottom: .0001pt;text-align: justify;line-height: normal\">Die SuS werden in drei bzw. sechs Gruppen<br \/>\naufgeteilt (je nach Klassengr\u00f6\u00dfe) und lesen die folgenden drei<br \/>\nZeitschriftenartikel.<\/p>\n<ol>\n<li class=\"MsoNormal\" style=\"text-align: justify;line-height: normal\">T\u00e4ter\u00fcberf\u00fchrung<br \/>\nmittels Meta-Daten<\/li>\n<li class=\"MsoNormal\" style=\"text-align: justify;line-height: normal\">No-fly-list<\/li>\n<li class=\"MsoNormal\" style=\"text-align: justify;line-height: normal\">Unbescholten im Fadenkreuz<\/li>\n<\/ol>\n<p class=\"MsoNormal\" style=\"margin-bottom: .0001pt;text-align: justify;line-height: normal\">Die SuS beantworten die Fragen zum Artikel.<\/p>\n<p class=\"MsoNormal\" style=\"margin-bottom: .0001pt;text-align: justify;line-height: normal\">Besprechung der Artikel anhand der Fragen.<\/p>\n<\/td>\n<td style=\"width: 151.05pt;border-top: none;border-left: none;border-bottom: solid windowtext 1.0pt;border-right: solid windowtext 1.0pt;padding: 0cm 5.4pt 0cm 5.4pt\" valign=\"top\" width=\"403\">\n<p class=\"MsoNormal\" style=\"margin-bottom: .0001pt;text-align: justify;line-height: normal\"><a href=\"https:\/\/medienwissenschaft.uni-bayreuth.de\/inik\/wp-content\/uploads\/sites\/7\/2021\/05\/Angaben_zu_den_Zeitschriftenartikeln.pdf\">Z1, Z2, Z3<\/a>, <a href=\"https:\/\/medienwissenschaft.uni-bayreuth.de\/inik\/wp-content\/uploads\/sites\/7\/2021\/02\/Arbeitsauftrag_Z1-Z3.pdf\">Arbeitsauftrag_Z1-Z3<\/a>\u00a0\/\u00a0 Gruppenarbeit, arbeitsteilig<\/p>\n<p class=\"MsoNormal\" style=\"margin-bottom: .0001pt;text-align: justify;line-height: normal\">Unterrichtsgespr\u00e4ch<\/p>\n<\/td>\n<\/tr>\n<tr>\n<td style=\"width: 63.55pt;border: solid windowtext 1.0pt;border-top: none;padding: 0cm 5.4pt 0cm 5.4pt\" valign=\"top\" width=\"169\">\n<p class=\"MsoNormal\" style=\"margin-bottom: .0001pt;text-align: justify;line-height: normal\">30<\/p>\n<\/td>\n<td style=\"width: 238.5pt;border-top: none;border-left: none;border-bottom: solid windowtext 1.0pt;border-right: solid windowtext 1.0pt;padding: 0cm 5.4pt 0cm 5.4pt\" valign=\"top\" width=\"636\">\n<p class=\"MsoNormal\" style=\"margin-bottom: .0001pt;text-align: justify;line-height: normal\">Die SuS bleiben in den bestehenden Gruppen und jede Gruppe bekommt eine Aufgabe von Arbeitsblatt (AB_4) zugeteilt. Die Gruppen bearbeiten arbeitsteilig die folgenden Themenbereiche zum Schutz der pers\u00f6nlichen Daten. Dabei soll von allen Gruppen eine Internetrecherche genutzt werden.<\/p>\n<ol>\n<li class=\"MsoNormal\" style=\"text-align: justify;line-height: normal\">Meta-Daten<br \/>\nentfernen<\/li>\n<li class=\"MsoNormal\" style=\"text-align: justify;line-height: normal\">App-Zugriffe auf Ger\u00e4te<\/li>\n<li class=\"MsoNormal\" style=\"text-align: justify;line-height: normal\">Datensparsamkeit bei der Nutzung von Onlinediensten<\/li>\n<\/ol>\n<p class=\"MsoNormal\" style=\"margin-bottom: .0001pt;text-align: justify;line-height: normal\">Die Ergebnisse werden auf Plakaten festgehalten, damit sie \u00fcber die Unterrichtsstunde hinaus in Klassenraum sichtbar bleiben k\u00f6nnen.<\/p>\n<\/td>\n<td style=\"width: 151.05pt;border-top: none;border-left: none;border-bottom: solid windowtext 1.0pt;border-right: solid windowtext 1.0pt;padding: 0cm 5.4pt 0cm 5.4pt\" valign=\"top\" width=\"403\">\n<p class=\"MsoNormal\" style=\"margin-bottom: .0001pt;text-align: justify;line-height: normal\"><a href=\"https:\/\/medienwissenschaft.uni-bayreuth.de\/inik\/wp-content\/uploads\/sites\/7\/2021\/02\/AB4.pdf\">AB4<\/a>, PC \/ Gruppenarbeit, arbeitsteilig<\/p>\n<\/td>\n<\/tr>\n<tr>\n<td style=\"width: 63.55pt;border: solid windowtext 1.0pt;border-top: none;padding: 0cm 5.4pt 0cm 5.4pt\" valign=\"top\" width=\"169\">\n<p class=\"MsoNormal\" style=\"margin-bottom: .0001pt;text-align: justify;line-height: normal\">20<\/p>\n<\/td>\n<td style=\"width: 238.5pt;border-top: none;border-left: none;border-bottom: solid windowtext 1.0pt;border-right: solid windowtext 1.0pt;padding: 0cm 5.4pt 0cm 5.4pt\" valign=\"top\" width=\"636\">\n<p class=\"MsoNormal\" style=\"margin-bottom: .0001pt;text-align: justify;line-height: normal\">Besprechung der Ergebnisse mit der Methode des Museumsundgangs.<\/p>\n<\/td>\n<td style=\"width: 151.05pt;border-top: none;border-left: none;border-bottom: solid windowtext 1.0pt;border-right: solid windowtext 1.0pt;padding: 0cm 5.4pt 0cm 5.4pt\" valign=\"top\" width=\"403\">\n<p class=\"MsoNormal\" style=\"margin-bottom: .0001pt;text-align: justify;line-height: normal\">Plenum<\/p>\n<\/td>\n<\/tr>\n<tr>\n<td style=\"width: 63.55pt;border: solid windowtext 1.0pt;border-top: none;padding: 0cm 5.4pt 0cm 5.4pt\" valign=\"top\" width=\"169\">\n<p class=\"MsoNormal\" style=\"margin-bottom: .0001pt;text-align: justify;line-height: normal\">10<\/p>\n<\/td>\n<td style=\"width: 238.5pt;border-top: none;border-left: none;border-bottom: solid windowtext 1.0pt;border-right: solid windowtext 1.0pt;padding: 0cm 5.4pt 0cm 5.4pt\" valign=\"top\" width=\"636\">\n<p class=\"MsoNormal\" style=\"margin-bottom: .0001pt;text-align: justify;line-height: normal\">Besprechung<\/p>\n<\/td>\n<td style=\"width: 151.05pt;border-top: none;border-left: none;border-bottom: solid windowtext 1.0pt;border-right: solid windowtext 1.0pt;padding: 0cm 5.4pt 0cm 5.4pt\" valign=\"top\" width=\"403\">\n<p class=\"MsoNormal\" style=\"margin-bottom: .0001pt;text-align: justify;line-height: normal\">\n<\/td>\n<\/tr>\n<\/tbody>\n<\/table>\n","protected":false},"excerpt":{"rendered":"<p>Leitidee Die bisherigen Beispiele der Verwendung von personenbezogenen Daten hatte vor allem das Ziel zu zeigen, welche Spuren die Sch\u00fclerinnen und Sch\u00fcler in Form von Daten hinterlassen. Diese Doppelstunde zeigt durch reale Fallbeispiele auf, wie die anfallenden Daten verwendet werden k\u00f6nnen. Zugleich sollen die Sch\u00fclerinnen und Sch\u00fcler L\u00f6sungsm\u00f6glichkeiten entwickeln, um ihre pers\u00f6nliche Datenweitergabe zu reduzieren. [&hellip;]<\/p>\n","protected":false},"author":19,"featured_media":0,"parent":308,"menu_order":0,"comment_status":"closed","ping_status":"closed","template":"","meta":{"site-sidebar-layout":"default","site-content-layout":"default","ast-site-content-layout":"default","site-content-style":"default","site-sidebar-style":"default","ast-global-header-display":"","ast-banner-title-visibility":"","ast-main-header-display":"","ast-hfb-above-header-display":"","ast-hfb-below-header-display":"","ast-hfb-mobile-header-display":"","site-post-title":"","ast-breadcrumbs-content":"","ast-featured-img":"","footer-sml-layout":"","ast-disable-related-posts":"","theme-transparent-header-meta":"default","adv-header-id-meta":"","stick-header-meta":"","header-above-stick-meta":"","header-main-stick-meta":"","header-below-stick-meta":"","astra-migrate-meta-layouts":"default","ast-page-background-enabled":"default","ast-page-background-meta":{"desktop":{"background-color":"var(--ast-global-color-4)","background-image":"","background-repeat":"repeat","background-position":"center center","background-size":"auto","background-attachment":"scroll","background-type":"","background-media":"","overlay-type":"","overlay-color":"","overlay-opacity":"","overlay-gradient":""},"tablet":{"background-color":"","background-image":"","background-repeat":"repeat","background-position":"center center","background-size":"auto","background-attachment":"scroll","background-type":"","background-media":"","overlay-type":"","overlay-color":"","overlay-opacity":"","overlay-gradient":""},"mobile":{"background-color":"","background-image":"","background-repeat":"repeat","background-position":"center center","background-size":"auto","background-attachment":"scroll","background-type":"","background-media":"","overlay-type":"","overlay-color":"","overlay-opacity":"","overlay-gradient":""}},"ast-content-background-meta":{"desktop":{"background-color":"var(--ast-global-color-5)","background-image":"","background-repeat":"repeat","background-position":"center center","background-size":"auto","background-attachment":"scroll","background-type":"","background-media":"","overlay-type":"","overlay-color":"","overlay-opacity":"","overlay-gradient":""},"tablet":{"background-color":"var(--ast-global-color-5)","background-image":"","background-repeat":"repeat","background-position":"center center","background-size":"auto","background-attachment":"scroll","background-type":"","background-media":"","overlay-type":"","overlay-color":"","overlay-opacity":"","overlay-gradient":""},"mobile":{"background-color":"var(--ast-global-color-5)","background-image":"","background-repeat":"repeat","background-position":"center center","background-size":"auto","background-attachment":"scroll","background-type":"","background-media":"","overlay-type":"","overlay-color":"","overlay-opacity":"","overlay-gradient":""}},"footnotes":""},"class_list":["post-446","page","type-page","status-publish","hentry"],"_links":{"self":[{"href":"https:\/\/medienwissenschaft.uni-bayreuth.de\/inik\/wp-json\/wp\/v2\/pages\/446","targetHints":{"allow":["GET"]}}],"collection":[{"href":"https:\/\/medienwissenschaft.uni-bayreuth.de\/inik\/wp-json\/wp\/v2\/pages"}],"about":[{"href":"https:\/\/medienwissenschaft.uni-bayreuth.de\/inik\/wp-json\/wp\/v2\/types\/page"}],"author":[{"embeddable":true,"href":"https:\/\/medienwissenschaft.uni-bayreuth.de\/inik\/wp-json\/wp\/v2\/users\/19"}],"replies":[{"embeddable":true,"href":"https:\/\/medienwissenschaft.uni-bayreuth.de\/inik\/wp-json\/wp\/v2\/comments?post=446"}],"version-history":[{"count":2,"href":"https:\/\/medienwissenschaft.uni-bayreuth.de\/inik\/wp-json\/wp\/v2\/pages\/446\/revisions"}],"predecessor-version":[{"id":448,"href":"https:\/\/medienwissenschaft.uni-bayreuth.de\/inik\/wp-json\/wp\/v2\/pages\/446\/revisions\/448"}],"up":[{"embeddable":true,"href":"https:\/\/medienwissenschaft.uni-bayreuth.de\/inik\/wp-json\/wp\/v2\/pages\/308"}],"wp:attachment":[{"href":"https:\/\/medienwissenschaft.uni-bayreuth.de\/inik\/wp-json\/wp\/v2\/media?parent=446"}],"curies":[{"name":"wp","href":"https:\/\/api.w.org\/{rel}","templated":true}]}}