{"id":433,"date":"2021-07-28T20:55:23","date_gmt":"2021-07-28T18:55:23","guid":{"rendered":"https:\/\/medienwissenschaft.uni-bayreuth.de\/inik\/?page_id=433"},"modified":"2021-07-28T20:56:17","modified_gmt":"2021-07-28T18:56:17","slug":"lernabschnitt-3-konzeption-eines-eigenen-szenarios-mit-exif-daten","status":"publish","type":"page","link":"https:\/\/medienwissenschaft.uni-bayreuth.de\/inik\/entwuerfe\/versteckte-meta-daten-und-datenschutz\/lernabschnitt-3-konzeption-eines-eigenen-szenarios-mit-exif-daten\/","title":{"rendered":"Lernabschnitt 3: Konzeption eines eigenen Szenarios mit EXIF-Daten"},"content":{"rendered":"<h2 style=\"margin-left: 40.0pt;text-align: justify;text-indent: -36.0pt\">Leitidee<\/h2>\n<p class=\"MsoNormal\" style=\"margin-left: 10.0pt;margin-right: 10.0pt;text-align: justify\">Die Sch\u00fclerinnen und Sch\u00fcler sollen nun ihr eigenes Szenario erstellen. Dabei setzen sie sich tiefgr\u00fcndig mit Daten auseinander, die in ihren Bildern enthalten sind und damit, welche Informationen sie preisgeben. Sie arbeiten in einer Gruppe zusammen und planen ihr Vorgehen. Zum Beginn dieser Stunde m\u00fcssen klare Kriterien f\u00fcr das Szenario bzw. die enthaltenen Bilder formuliert und besprochen werden.<\/p>\n<p class=\"MsoNormal\" style=\"margin-left: 10.0pt;text-align: justify\">M\u00f6gliche Kriterien sind:<\/p>\n<ul>\n<li>Das Szenario soll aus 5-8 Bildern bestehen, die mit dem Smartphone aufgenommen wurden.<\/li>\n<li>Die EXIF-Daten d\u00fcrfen nicht manipuliert werden.<\/li>\n<li>Auf den Bildern sollen keine Personen abgebildet bzw. eindeutig identifizierbar sein.<\/li>\n<\/ul>\n<h2 style=\"margin-left: 40.0pt;text-align: justify;text-indent: -36.0pt\">Standardbezug<\/h2>\n<p class=\"MsoNormal\" style=\"text-align: justify;margin-left: 10.0pt\"><b>Strukturieren und Vernetzen<\/b><\/p>\n<p class=\"MsoNormal\" style=\"text-align: justify;margin-left: 10.0pt\">Die Sch\u00fclerinnen und Sch\u00fcler<\/p>\n<ul>\n<li>strukturieren ihr Wissen und ihren<br \/>\nWissenserwerb selbstst\u00e4ndig, auch mithilfe von Informatiksystemen,<\/li>\n<li>verkn\u00fcpfen informatische Inhalte mit solchen in und au\u00dferhalb der Informatik.<\/li>\n<\/ul>\n<p class=\"MsoNormal\" style=\"text-align: justify;margin-left: 10.0pt\"><b>Kommunizieren und Kooperieren<\/b><\/p>\n<p class=\"MsoNormal\" style=\"text-align: justify;margin-left: 10.0pt\">Die Sch\u00fclerinnen und Sch\u00fcler<\/p>\n<ul>\n<li class=\"MsoNormal\" style=\"text-align: justify;margin-right: 10.0pt\">diskutieren Strategien und Methoden der<br \/>\nProbleml\u00f6sung und reflektieren diese.<\/li>\n<\/ul>\n<h2 style=\"margin-left: 40.0pt;text-align: justify;text-indent: -36.0pt\">Unterrichtsverlauf<\/h2>\n<table class=\"MsoTableGrid\" style=\"border-collapse: collapse;border: none\" border=\"1\" cellspacing=\"0\" cellpadding=\"0\">\n<tbody>\n<tr>\n<td style=\"width: 63.55pt;border: solid windowtext 1.0pt;background: #BDD6EE;padding: 0cm 5.4pt 0cm 5.4pt\" valign=\"top\">\n<p class=\"MsoNormal\" style=\"margin-bottom: .0001pt;text-align: justify;line-height: normal\">Zeit in min<\/p>\n<\/td>\n<td style=\"width: 238.5pt;border: solid windowtext 1.0pt;border-left: none;background: #BDD6EE;padding: 0cm 5.4pt 0cm 5.4pt\" valign=\"top\">\n<p class=\"MsoNormal\" style=\"margin-bottom: .0001pt;text-align: justify;line-height: normal\">Inhalt<\/p>\n<\/td>\n<td style=\"width: 151.05pt;border: solid windowtext 1.0pt;border-left: none;background: #BDD6EE;padding: 0cm 5.4pt 0cm 5.4pt\" valign=\"top\">\n<p class=\"MsoNormal\" style=\"margin-bottom: .0001pt;text-align: justify;line-height: normal\">Medien und Sozialform<\/p>\n<\/td>\n<\/tr>\n<tr>\n<td style=\"width: 63.55pt;border: solid windowtext 1.0pt;border-top: none;padding: 0cm 5.4pt 0cm 5.4pt\" valign=\"top\">\n<p class=\"MsoNormal\" style=\"margin-bottom: .0001pt;text-align: justify;line-height: normal\">5<\/p>\n<\/td>\n<td style=\"width: 238.5pt;border-top: none;border-left: none;border-bottom: solid windowtext 1.0pt;border-right: solid windowtext 1.0pt;padding: 0cm 5.4pt 0cm 5.4pt\" valign=\"top\">\n<p class=\"MsoNormal\" style=\"margin-bottom: .0001pt;text-align: justify;line-height: normal\">Begr\u00fc\u00dfung und Warm-up mit Wiederholung von<br \/>\nErkenntnissen aus der Vorstunde.<\/p>\n<\/td>\n<td style=\"width: 151.05pt;border-top: none;border-left: none;border-bottom: solid windowtext 1.0pt;border-right: solid windowtext 1.0pt;padding: 0cm 5.4pt 0cm 5.4pt\" valign=\"top\">\n<p class=\"MsoNormal\" style=\"margin-bottom: .0001pt;text-align: justify;line-height: normal\">Plenum<\/p>\n<\/td>\n<\/tr>\n<tr>\n<td style=\"width: 63.55pt;border: solid windowtext 1.0pt;border-top: none;padding: 0cm 5.4pt 0cm 5.4pt\" valign=\"top\">\n<p class=\"MsoNormal\" style=\"margin-bottom: .0001pt;text-align: justify;line-height: normal\">15<\/p>\n<\/td>\n<td style=\"width: 238.5pt;border-top: none;border-left: none;border-bottom: solid windowtext 1.0pt;border-right: solid windowtext 1.0pt;padding: 0cm 5.4pt 0cm 5.4pt\" valign=\"top\">\n<p class=\"MsoNormal\" style=\"margin-bottom: .0001pt;text-align: justify;line-height: normal\">Die SuS bekommen die Aufgabe in Zweier- und Dreiergruppen ein eigenes Szenario \u00fcber eine Person in ihrer Gruppe zu erstellen, die durch die Kombination von Daten identifiziert werden kann. Die Erstellung der einzelnen Bilder soll zu einem Teil w\u00e4hrend der Unterrichtszeit und zum Anderen als Hausaufgabe umgesetzt werden.<\/p>\n<\/td>\n<td style=\"width: 151.05pt;border-top: none;border-left: none;border-bottom: solid windowtext 1.0pt;border-right: solid windowtext 1.0pt;padding: 0cm 5.4pt 0cm 5.4pt\" valign=\"top\">\n<p class=\"MsoNormal\" style=\"margin-bottom: .0001pt;text-align: justify;line-height: normal\">Gruppenarbeit<\/p>\n<\/td>\n<\/tr>\n<tr>\n<td style=\"width: 63.55pt;border: solid windowtext 1.0pt;border-top: none;padding: 0cm 5.4pt 0cm 5.4pt\" valign=\"top\">\n<p class=\"MsoNormal\" style=\"margin-bottom: .0001pt;text-align: justify;line-height: normal\">50<\/p>\n<\/td>\n<td style=\"width: 238.5pt;border-top: none;border-left: none;border-bottom: solid windowtext 1.0pt;border-right: solid windowtext 1.0pt;padding: 0cm 5.4pt 0cm 5.4pt\" valign=\"top\">\n<p class=\"MsoNormal\" style=\"margin-bottom: .0001pt;text-align: justify;line-height: normal\">Arbeitszeit zum Datensammeln au\u00dferhalb des Klassenraums.<\/p>\n<\/td>\n<td style=\"width: 151.05pt;border-top: none;border-left: none;border-bottom: solid windowtext 1.0pt;border-right: solid windowtext 1.0pt;padding: 0cm 5.4pt 0cm 5.4pt\" valign=\"top\">\n<p class=\"MsoNormal\" style=\"margin-bottom: .0001pt;text-align: justify;line-height: normal\">Smartphones \/ Gruppenarbeit<\/p>\n<\/td>\n<\/tr>\n<tr>\n<td style=\"width: 63.55pt;border: solid windowtext 1.0pt;border-top: none;padding: 0cm 5.4pt 0cm 5.4pt\" valign=\"top\">\n<p class=\"MsoNormal\" style=\"margin-bottom: .0001pt;text-align: justify;line-height: normal\">15<\/p>\n<\/td>\n<td style=\"width: 238.5pt;border-top: none;border-left: none;border-bottom: solid windowtext 1.0pt;border-right: solid windowtext 1.0pt;padding: 0cm 5.4pt 0cm 5.4pt\" valign=\"top\">\n<p class=\"MsoNormal\" style=\"margin-bottom: .0001pt;text-align: justify;line-height: normal\">\u00dcberpr\u00fcfung der aufgenommenen Daten am PC und Zusammenf\u00fchren der Bilder in einem Ordner.<\/p>\n<\/td>\n<td style=\"width: 151.05pt;border-top: none;border-left: none;border-bottom: solid windowtext 1.0pt;border-right: solid windowtext 1.0pt;padding: 0cm 5.4pt 0cm 5.4pt\" valign=\"top\">\n<p class=\"MsoNormal\" style=\"margin-bottom: .0001pt;text-align: justify;line-height: normal\">PC\/Gruppenarbeit<\/p>\n<\/td>\n<\/tr>\n<tr>\n<td style=\"width: 63.55pt;border: solid windowtext 1.0pt;border-top: none;padding: 0cm 5.4pt 0cm 5.4pt\" valign=\"top\">\n<p class=\"MsoNormal\" style=\"margin-bottom: .0001pt;text-align: justify;line-height: normal\">5<\/p>\n<\/td>\n<td style=\"width: 238.5pt;border-top: none;border-left: none;border-bottom: solid windowtext 1.0pt;border-right: solid windowtext 1.0pt;padding: 0cm 5.4pt 0cm 5.4pt\" valign=\"top\">\n<p class=\"MsoNormal\" style=\"margin-bottom: .0001pt;text-align: justify;line-height: normal\">Gegenseitiges Informieren \u00fcber den Arbeitsstand. Die Sch\u00fclerinnen und Sch\u00fcler bekommen die Hausaufgabe ihr Szenario mit Bildern au\u00dferhalb des Schulgel\u00e4ndes zu erweitern, damit die Daten vielf\u00e4ltiger und die Szenarien komplexer werden.<\/p>\n<\/td>\n<td style=\"width: 151.05pt;border-top: none;border-left: none;border-bottom: solid windowtext 1.0pt;border-right: solid windowtext 1.0pt;padding: 0cm 5.4pt 0cm 5.4pt\" valign=\"top\">\n<p class=\"MsoNormal\" style=\"margin-bottom: .0001pt;text-align: justify;line-height: normal\">Plenum<\/p>\n<\/td>\n<\/tr>\n<\/tbody>\n<\/table>\n","protected":false},"excerpt":{"rendered":"<p>Leitidee Die Sch\u00fclerinnen und Sch\u00fcler sollen nun ihr eigenes Szenario erstellen. Dabei setzen sie sich tiefgr\u00fcndig mit Daten auseinander, die in ihren Bildern enthalten sind und damit, welche Informationen sie preisgeben. Sie arbeiten in einer Gruppe zusammen und planen ihr Vorgehen. Zum Beginn dieser Stunde m\u00fcssen klare Kriterien f\u00fcr das Szenario bzw. die enthaltenen Bilder [&hellip;]<\/p>\n","protected":false},"author":19,"featured_media":0,"parent":308,"menu_order":0,"comment_status":"closed","ping_status":"closed","template":"","meta":{"site-sidebar-layout":"default","site-content-layout":"default","ast-site-content-layout":"default","site-content-style":"default","site-sidebar-style":"default","ast-global-header-display":"","ast-banner-title-visibility":"","ast-main-header-display":"","ast-hfb-above-header-display":"","ast-hfb-below-header-display":"","ast-hfb-mobile-header-display":"","site-post-title":"","ast-breadcrumbs-content":"","ast-featured-img":"","footer-sml-layout":"","ast-disable-related-posts":"","theme-transparent-header-meta":"default","adv-header-id-meta":"","stick-header-meta":"","header-above-stick-meta":"","header-main-stick-meta":"","header-below-stick-meta":"","astra-migrate-meta-layouts":"default","ast-page-background-enabled":"default","ast-page-background-meta":{"desktop":{"background-color":"var(--ast-global-color-4)","background-image":"","background-repeat":"repeat","background-position":"center center","background-size":"auto","background-attachment":"scroll","background-type":"","background-media":"","overlay-type":"","overlay-color":"","overlay-opacity":"","overlay-gradient":""},"tablet":{"background-color":"","background-image":"","background-repeat":"repeat","background-position":"center center","background-size":"auto","background-attachment":"scroll","background-type":"","background-media":"","overlay-type":"","overlay-color":"","overlay-opacity":"","overlay-gradient":""},"mobile":{"background-color":"","background-image":"","background-repeat":"repeat","background-position":"center center","background-size":"auto","background-attachment":"scroll","background-type":"","background-media":"","overlay-type":"","overlay-color":"","overlay-opacity":"","overlay-gradient":""}},"ast-content-background-meta":{"desktop":{"background-color":"var(--ast-global-color-5)","background-image":"","background-repeat":"repeat","background-position":"center center","background-size":"auto","background-attachment":"scroll","background-type":"","background-media":"","overlay-type":"","overlay-color":"","overlay-opacity":"","overlay-gradient":""},"tablet":{"background-color":"var(--ast-global-color-5)","background-image":"","background-repeat":"repeat","background-position":"center center","background-size":"auto","background-attachment":"scroll","background-type":"","background-media":"","overlay-type":"","overlay-color":"","overlay-opacity":"","overlay-gradient":""},"mobile":{"background-color":"var(--ast-global-color-5)","background-image":"","background-repeat":"repeat","background-position":"center center","background-size":"auto","background-attachment":"scroll","background-type":"","background-media":"","overlay-type":"","overlay-color":"","overlay-opacity":"","overlay-gradient":""}},"footnotes":""},"class_list":["post-433","page","type-page","status-publish","hentry"],"_links":{"self":[{"href":"https:\/\/medienwissenschaft.uni-bayreuth.de\/inik\/wp-json\/wp\/v2\/pages\/433","targetHints":{"allow":["GET"]}}],"collection":[{"href":"https:\/\/medienwissenschaft.uni-bayreuth.de\/inik\/wp-json\/wp\/v2\/pages"}],"about":[{"href":"https:\/\/medienwissenschaft.uni-bayreuth.de\/inik\/wp-json\/wp\/v2\/types\/page"}],"author":[{"embeddable":true,"href":"https:\/\/medienwissenschaft.uni-bayreuth.de\/inik\/wp-json\/wp\/v2\/users\/19"}],"replies":[{"embeddable":true,"href":"https:\/\/medienwissenschaft.uni-bayreuth.de\/inik\/wp-json\/wp\/v2\/comments?post=433"}],"version-history":[{"count":3,"href":"https:\/\/medienwissenschaft.uni-bayreuth.de\/inik\/wp-json\/wp\/v2\/pages\/433\/revisions"}],"predecessor-version":[{"id":438,"href":"https:\/\/medienwissenschaft.uni-bayreuth.de\/inik\/wp-json\/wp\/v2\/pages\/433\/revisions\/438"}],"up":[{"embeddable":true,"href":"https:\/\/medienwissenschaft.uni-bayreuth.de\/inik\/wp-json\/wp\/v2\/pages\/308"}],"wp:attachment":[{"href":"https:\/\/medienwissenschaft.uni-bayreuth.de\/inik\/wp-json\/wp\/v2\/media?parent=433"}],"curies":[{"name":"wp","href":"https:\/\/api.w.org\/{rel}","templated":true}]}}