{"id":414,"date":"2021-02-17T22:23:07","date_gmt":"2021-02-17T21:23:07","guid":{"rendered":"https:\/\/medienwissenschaft.uni-bayreuth.de\/inik\/?page_id=414"},"modified":"2022-05-23T09:27:28","modified_gmt":"2022-05-23T07:27:28","slug":"lernabschnitt-2-analyse-eines-szenarios-anhand-von-exif-daten","status":"publish","type":"page","link":"https:\/\/medienwissenschaft.uni-bayreuth.de\/inik\/entwuerfe\/versteckte-meta-daten-und-datenschutz\/lernabschnitt-2-analyse-eines-szenarios-anhand-von-exif-daten\/","title":{"rendered":"Lernabschnitt 2: Analyse eines Szenarios anhand von EXIF-Daten"},"content":{"rendered":"<h2>Leitidee<\/h2>\n<p>Die Sch\u00fclerinnen und Sch\u00fcler werden bereits in dieser Stunde an das Kernst\u00fcck der Einheit herangef\u00fchrt. Sie werden angeleitet, EXIF-Daten aus Bildern auszulesen und bekommen von der Lehrkraft ein Szenario aus Bildern, das sie hinsichtlich des\/der vermeintlichen Autors\/in analysieren.\u00a0Alle sieben Bilder\u00a0in diesem Szenario wurden mit einem Smartphone aufgenommen und enthalten eine\u00a0Vielzahl an Meta-Daten. In der folgenden Tabelle sind einige der enthaltenen\u00a0Meta-Daten angegeben, sowie M\u00f6glichkeiten der Verkn\u00fcpfung mit weiteren Daten.<\/p>\n<table>\n<tbody>\n<tr>\n<td width=\"69\"><\/td>\n<td>GPS<\/td>\n<td>Zeit<\/td>\n<td>Internetrecherche<\/td>\n<td>Weitere (Meta-) Daten<\/td>\n<\/tr>\n<tr>\n<td>GPS<\/td>\n<td>\n<ul>\n<li>Wohnort<\/li>\n<li>Schule\/Arbeit<\/li>\n<li>Aufenthaltsorte<\/li>\n<\/ul>\n<\/td>\n<td><\/td>\n<td><\/td>\n<td><\/td>\n<\/tr>\n<tr>\n<td>Zeit<\/td>\n<td>\n<ul>\n<li>Gewohnheiten (einkaufen, joggen, Freunde<br \/>\ntreffen, etc.)<\/li>\n<\/ul>\n<p>&nbsp;<\/td>\n<td>\n<ul>\n<li>Gewohnheiten (Zeit der Smartphone-nutzung)<\/li>\n<\/ul>\n<\/td>\n<td><\/td>\n<td><\/td>\n<\/tr>\n<tr>\n<td>Internet-recherche<\/td>\n<td>\n<ul>\n<li>Mitgliedschaft bei einem Sportverein<br \/>\n(Trainingszeiten, Sportart, Wettk\u00e4mpfe, etc.)<\/li>\n<\/ul>\n<\/td>\n<td>\n<ul>\n<li>Besuchte \u00f6ffentliche Veranstaltungen<\/li>\n<\/ul>\n<\/td>\n<td>\n<ul>\n<li>Besuchte Pl\u00e4tze und Veranstaltungen (durch<br \/>\nabgebildete Informationen im Bild)<\/li>\n<\/ul>\n<\/td>\n<td><\/td>\n<\/tr>\n<tr>\n<td>Weitere (Meta-) Daten<\/td>\n<td>\n<ul>\n<li>Ger\u00e4tevielfalt und Anzahl im Haushalt<\/li>\n<\/ul>\n<\/td>\n<td>\n<ul>\n<li>Stundenplan (durch Kombination mit abgebildeten<br \/>\nAktivit\u00e4ten)<\/li>\n<\/ul>\n<\/td>\n<td>\n<ul>\n<li>Weitere Angaben zum Smartphone (Ausstattung,<br \/>\nErscheinungsjahr, etc.)<\/li>\n<\/ul>\n<\/td>\n<td>\n<ul>\n<li>Ger\u00e4teinformationen (Typ, Software, etc.)<\/li>\n<li>Autorenschaft des Bildes<\/li>\n<\/ul>\n<\/td>\n<\/tr>\n<\/tbody>\n<\/table>\n<p>\u00dcber die Meta-Daten hinaus, darf nicht vernachl\u00e4ssig werden, welche Informationen in dem Bild enthalten\/abgebildet sind. Einige Beispiele werden im Folgenden aufgezeigt:<\/p>\n<ol>\n<li>\u00a0Abgebildet Personen: Daten k\u00f6nnen Aussagen \u00fcber den konkreten Freundeskreis enthalten.<\/li>\n<li>Sehensw\u00fcrdigkeiten oder bekannte Pl\u00e4tze: Daten k\u00f6nnen Informationen \u00fcber den konkreten Aufenthaltsort enthalten (falls das GPS nicht aktiv war).<\/li>\n<li>Helligkeit und Wetter: Daten k\u00f6nnen Informationen \u00fcber die Uhrzeit und Jahreszeit enthalten (falls die EXIF-Daten manipuliert oder gel\u00f6scht wurden).<\/li>\n<\/ol>\n<p>Abgeleitet von der Verkn\u00fcpfung der aufgezeigten Daten und Informationen k\u00f6nnen die folgenden Fragen von Dritten beantwortet werden:<\/p>\n<ul>\n<li>Wann ist eine Person verreist und die Wohnung steht ggf. leer?<\/li>\n<li>Wo kann ich eine Person wann auffinden?<\/li>\n<li>Schw\u00e4nzt die Person den Unterricht oder geht trotz einer Krankmeldung ins Fitnessstudio?<\/li>\n<li>Mit welchen Freunden und Freundinnen ist die Person unterwegs?<\/li>\n<li>Lohnt es sich aufgrund der Ausstattung dieses Smartphone zu stehlen?<\/li>\n<\/ul>\n<p>Diese Fragen k\u00f6nnen mit der Klasse diskutiert werden, damit die Sch\u00fclerinnen und Sch\u00fcler verstehen k\u00f6nnen, welche Auswirkungen die Summe dieser Daten haben kann.<\/p>\n<h2>Standardbezug<\/h2>\n<p><strong>Informationen und Daten<\/strong><br \/>\nDie Sch\u00fclerinnen und Sch\u00fcler<\/p>\n<ul>\n<li>unterscheiden zwischen Zeichen, Daten und Information sowie zwischen Syntax und Semantik,<\/li>\n<li>analysieren Daten hinsichtlich ihrer Struktur.<\/li>\n<\/ul>\n<p><strong>Informatik, Mensch und Gesellschaft<\/strong><br \/>\nDie Sch\u00fclerinnen und Sch\u00fcler<\/p>\n<ul>\n<li>ziehen R\u00fcckschl\u00fcsse f\u00fcr das eigene Verhalten beim Einsatz von Informatiksystemen.<\/li>\n<\/ul>\n<p><strong>Begr\u00fcnden und Bewerten<\/strong><br \/>\nDie Sch\u00fclerinnen und Sch\u00fcler<\/p>\n<ul>\n<li>begr\u00fcnden mithilfe eigener Argumente oder Argumentationsketten.<\/li>\n<\/ul>\n<h2>Unterrichtsverlauf<\/h2>\n<table>\n<tbody>\n<tr>\n<td>Zeit in min<\/td>\n<td>Inhalt<\/td>\n<td>Medien und Sozialform<\/td>\n<\/tr>\n<tr>\n<td>5<\/td>\n<td>Begr\u00fc\u00dfung und Warm-up mit Wiederholung von<br \/>\nErkenntnissen aus der Vorstunde.<\/td>\n<td>Plenum<\/td>\n<\/tr>\n<tr>\n<td>15<\/td>\n<td>Bearbeitung von Arbeitsblatt (AB2) zur begrifflichen Kl\u00e4rungen und Einordnung von Meta-Daten. Das Arbeitsblatt enth\u00e4lt die Arbeitsauftr\u00e4ge f\u00fcr alle drei Gruppen und sollte zuvor von der Lehrkraft zerschnitten werden.<br \/>\nDiskussion der Zuordnung.<\/td>\n<td><a href=\"https:\/\/medienwissenschaft.uni-bayreuth.de\/inik\/wp-content\/uploads\/sites\/7\/2021\/02\/AB2.pdf\">AB2<\/a>\u00a0\/ Einzelarbeit<br \/>\nPlenum<\/td>\n<\/tr>\n<tr>\n<td>15<\/td>\n<td>Bearbeitung des Arbeitsblatts (AB3) zum Auslesen<br \/>\nvon Meta-Daten.<\/td>\n<td><a href=\"https:\/\/medienwissenschaft.uni-bayreuth.de\/inik\/wp-content\/uploads\/sites\/7\/2021\/02\/AB3.pdf\">AB3<\/a>, PC \/ Einzelarbeit<\/td>\n<\/tr>\n<tr>\n<td>20<\/td>\n<td>Die SuS bekommen von der Lehrkraft via<br \/>\nFilesharing ein Szenario aus sieben Bildern und sollen die EXIF-Daten<br \/>\nauslesen und zusammen mit den Bilddaten analysieren.<\/td>\n<td><a href=\"https:\/\/medienwissenschaft.uni-bayreuth.de\/inik\/wp-content\/uploads\/sites\/7\/2021\/02\/Bilder_Szenario_EXIF.zip\">Bilder_Szenario_EXIF<\/a>, PC \/ Einzelarbeit<\/td>\n<\/tr>\n<tr>\n<td>15<\/td>\n<td>Vorstellung und Diskussion der Ergebnisse.<br \/>\n(Wichtige Erkenntnis: es sind ggf. Daten<br \/>\nenthalten, die man nicht preisgeben wollte.)<\/td>\n<td>Plenum<\/td>\n<\/tr>\n<tr>\n<td>10<\/td>\n<td>Die SuS durchsuchen arbeitsteilig von ihnen<br \/>\ngenutzte soziale Netzwerke daraufhin, ob sie EXIF-Daten in den geposteten<br \/>\nBildern finden.<\/td>\n<td>PC \/ Gruppenarbeit, arbeitsteilig<\/td>\n<\/tr>\n<tr>\n<td>10<\/td>\n<td>Diskussion der Ergebnisse.<br \/>\n(Wichtige Erkenntnis: in den meisten Netzwerken,<br \/>\nsind sie nicht enthalten \u2013 aber was geschieht mit diesen Daten beim Filtern?<br \/>\nAuf Plattformen wie Instagram werden sie genutzt,<br \/>\num Bilder zu sortieren \u2013 was eine wichtige Funktion von EXIF-Daten ist.)<\/td>\n<td>Plenum<\/td>\n<\/tr>\n<\/tbody>\n<\/table>\n","protected":false},"excerpt":{"rendered":"<p>Leitidee Die Sch\u00fclerinnen und Sch\u00fcler werden bereits in dieser Stunde an das Kernst\u00fcck der Einheit herangef\u00fchrt. Sie werden angeleitet, EXIF-Daten aus Bildern auszulesen und bekommen von der Lehrkraft ein Szenario aus Bildern, das sie hinsichtlich des\/der vermeintlichen Autors\/in analysieren.\u00a0Alle sieben Bilder\u00a0in diesem Szenario wurden mit einem Smartphone aufgenommen und enthalten eine\u00a0Vielzahl an Meta-Daten. In der [&hellip;]<\/p>\n","protected":false},"author":19,"featured_media":0,"parent":308,"menu_order":0,"comment_status":"closed","ping_status":"closed","template":"","meta":{"site-sidebar-layout":"default","site-content-layout":"default","ast-site-content-layout":"default","site-content-style":"default","site-sidebar-style":"default","ast-global-header-display":"","ast-banner-title-visibility":"","ast-main-header-display":"","ast-hfb-above-header-display":"","ast-hfb-below-header-display":"","ast-hfb-mobile-header-display":"","site-post-title":"","ast-breadcrumbs-content":"","ast-featured-img":"","footer-sml-layout":"","ast-disable-related-posts":"","theme-transparent-header-meta":"default","adv-header-id-meta":"","stick-header-meta":"","header-above-stick-meta":"","header-main-stick-meta":"","header-below-stick-meta":"","astra-migrate-meta-layouts":"default","ast-page-background-enabled":"default","ast-page-background-meta":{"desktop":{"background-color":"var(--ast-global-color-4)","background-image":"","background-repeat":"repeat","background-position":"center center","background-size":"auto","background-attachment":"scroll","background-type":"","background-media":"","overlay-type":"","overlay-color":"","overlay-opacity":"","overlay-gradient":""},"tablet":{"background-color":"","background-image":"","background-repeat":"repeat","background-position":"center center","background-size":"auto","background-attachment":"scroll","background-type":"","background-media":"","overlay-type":"","overlay-color":"","overlay-opacity":"","overlay-gradient":""},"mobile":{"background-color":"","background-image":"","background-repeat":"repeat","background-position":"center center","background-size":"auto","background-attachment":"scroll","background-type":"","background-media":"","overlay-type":"","overlay-color":"","overlay-opacity":"","overlay-gradient":""}},"ast-content-background-meta":{"desktop":{"background-color":"var(--ast-global-color-5)","background-image":"","background-repeat":"repeat","background-position":"center center","background-size":"auto","background-attachment":"scroll","background-type":"","background-media":"","overlay-type":"","overlay-color":"","overlay-opacity":"","overlay-gradient":""},"tablet":{"background-color":"var(--ast-global-color-5)","background-image":"","background-repeat":"repeat","background-position":"center center","background-size":"auto","background-attachment":"scroll","background-type":"","background-media":"","overlay-type":"","overlay-color":"","overlay-opacity":"","overlay-gradient":""},"mobile":{"background-color":"var(--ast-global-color-5)","background-image":"","background-repeat":"repeat","background-position":"center center","background-size":"auto","background-attachment":"scroll","background-type":"","background-media":"","overlay-type":"","overlay-color":"","overlay-opacity":"","overlay-gradient":""}},"footnotes":""},"class_list":["post-414","page","type-page","status-publish","hentry"],"_links":{"self":[{"href":"https:\/\/medienwissenschaft.uni-bayreuth.de\/inik\/wp-json\/wp\/v2\/pages\/414","targetHints":{"allow":["GET"]}}],"collection":[{"href":"https:\/\/medienwissenschaft.uni-bayreuth.de\/inik\/wp-json\/wp\/v2\/pages"}],"about":[{"href":"https:\/\/medienwissenschaft.uni-bayreuth.de\/inik\/wp-json\/wp\/v2\/types\/page"}],"author":[{"embeddable":true,"href":"https:\/\/medienwissenschaft.uni-bayreuth.de\/inik\/wp-json\/wp\/v2\/users\/19"}],"replies":[{"embeddable":true,"href":"https:\/\/medienwissenschaft.uni-bayreuth.de\/inik\/wp-json\/wp\/v2\/comments?post=414"}],"version-history":[{"count":13,"href":"https:\/\/medienwissenschaft.uni-bayreuth.de\/inik\/wp-json\/wp\/v2\/pages\/414\/revisions"}],"predecessor-version":[{"id":460,"href":"https:\/\/medienwissenschaft.uni-bayreuth.de\/inik\/wp-json\/wp\/v2\/pages\/414\/revisions\/460"}],"up":[{"embeddable":true,"href":"https:\/\/medienwissenschaft.uni-bayreuth.de\/inik\/wp-json\/wp\/v2\/pages\/308"}],"wp:attachment":[{"href":"https:\/\/medienwissenschaft.uni-bayreuth.de\/inik\/wp-json\/wp\/v2\/media?parent=414"}],"curies":[{"name":"wp","href":"https:\/\/api.w.org\/{rel}","templated":true}]}}