{"id":26,"date":"2017-10-17T10:23:21","date_gmt":"2017-10-17T08:23:21","guid":{"rendered":"https:\/\/medienwissenschaft.uni-bayreuth.de\/inik\/?page_id=26"},"modified":"2017-10-17T16:15:43","modified_gmt":"2017-10-17T14:15:43","slug":"kontextideen","status":"publish","type":"page","link":"https:\/\/medienwissenschaft.uni-bayreuth.de\/inik\/kontextideen\/","title":{"rendered":"Kontextideen"},"content":{"rendered":"<h2>Kontexte und Ideen<\/h2>\n<p>Hier stehen noch nicht ausgearbeitete Ideen f\u00fcr kontextorientierte Unterrichtseinheiten. Bei der Auswahl von Kontexten f\u00fcr konkrete Unterrichtsplanungen sind die <a href=\"\/inik\/konzepte\/kriterienkontexte\/\">Kriterien f\u00fcr die Auwahl von Kontexten<\/a> und die <a href=\"\/inik\/konzepte\/kriterienunterrichtsplanung\/\">Kriterien zur Gestaltung kontextorientierter Unterrichtsplanung<\/a> zu beachten. Die folgende Liste teilt sich auf in Kontextideen mit &#8230;<\/p>\n<ol>\n<li><a href=\"\/inik\/kontextideen\/#potenzial\">Potenzial f\u00fcr Weiterentwicklung.<\/a> Diese erscheinen geeignet als Themen f\u00fcr Seminar-, Studien-, Bachelorarbeiten, Lehrpr\u00fcfungen oder kreativen Unterricht.<\/li>\n<li><a href=\"\/inik\/kontextideen\/#Praezisieren\">Bedarf nach Konkretisierung.<\/a> Insbesondere der informationstechnische Gehalt, der ja immer noch Kern des Informatikunterrichts ist, sollte st\u00e4rker heraus gearbeitet werden.<\/li>\n<li><a href=\"\/inik\/kontextideen\/#ungeeignet\">Gr\u00fcnden f\u00fcr Zur\u00fcckstellung.<\/a> Diese Themen erscheinen zun\u00e4chst attraktiv, sind aber aus verschiedenen Gr\u00fcnden problematisch.<\/li>\n<\/ol>\n<p>&nbsp;<\/p>\n<h2><a id=\"potenzial\" name=\"potenzial\"><\/a>\u00a01. Kontextideen, die geeignet erscheinen f\u00fcr eine Weiterentwicklung<\/h2>\n<p><strong>Bildgebende Verfahren in der Medizin<br \/>\n<\/strong>Wie kommt das Bild zustande? Aufbereitung f\u00fcr Nichttechniker, Speicherung enormer Datenmengen<\/p>\n<p><strong>Malware (Spam, Viren, W\u00fcrmer, Spyware Trojaner)<br \/>\n<\/strong>Zugriffsrechte, Passwortschutz, sicherheit bei Kommunikation, Authentifizierung, Zertifizierte Software, Vertrauen (technische und soziale Aspekte), Kriminalit\u00e4t versus Offenheit, Interessenlagen, softwareVerbreitungsmechanismen.<\/p>\n<p><strong>Web 2.0 Soziale Netzwerke <\/strong><br \/>\nClient-Server-Prinzip, Komplexit\u00e4ts\u00fcberlegungen, Datenschutz<\/p>\n<p><strong>Assistenten im Auto<br \/>\n<\/strong>Einparkhilfe, Spurassistent, ABS -&gt; auch Verantwortung an Maschinen abgeben, Messen\/Steuern\/Regeln)<\/p>\n<p><strong>Bilder aus dem Internet aufs Poster<br \/>\n<\/strong>Ph\u00e4nomen: Internetbild erscheint auf Poster pixelig<br \/>\nPh\u00e4nomen: Schrift auf JPEG ist unsauber<br \/>\nVorgehen exemplarisch, nicht jpeg erkl\u00e4ren, sondern nur bis Ebene &#8222;nachteile verlustbehafteter Kompression&#8220; , relative und absolute Aufl\u00f6sung, experimentell erfahrbar machen Auswirkungen dpi, Bildschirmdarstellung\/Papierdarstellung bei unterschiedlicher Aufl\u00f6sung<br \/>\nrechtliche Situation Verwendung der Bilder (wo h\u00e4ngt das Poster usw.)<br \/>\nDieses Thema ist auch f\u00fcr Sek I geeignet.<\/p>\n<p><strong>Physical Computing<\/strong><br \/>\nArduinos sind zu faszinierend als dass sie nicht im Informatik-Unterricht besprochen werden sollten. Allerdings fehlt noch ein <a href=\"\/inik\/konzepte\/\">geeigneter Kontext<\/a>, in dem diese Systeme ihren Platz haben.<\/p>\n<p><strong>Mobiltelefon<br \/>\n<\/strong>Ein klar identifizierbarer Kontext, der noch auf Ausarbeitungen wartet.<\/p>\n<h2><\/h2>\n<h2><a id=\"Praezisieren\" name=\"Praezisieren\"><\/a>\u00a02. Kontextideen mit Bedarf an Pr\u00e4zisierung und Offenlegung der intendierten informationstechnischen Bez\u00fcge:<\/h2>\n<p>Robotik<\/p>\n<p>Bio-Informatik (Genom-Analyse, Suchen \u2026)<\/p>\n<p>Krieg der Formate (Idee s.<a href=\"http:\/\/wiki.zum.de\/Odt\"> http:\/\/wiki.zum.de\/Odt<\/a>), zum Hintergrund s. z. B.<br \/>\n<a href=\"http:\/\/de.wikipedia.org\/wiki\/OpenDocument\">OpenDocument<\/a>, <a href=\"http:\/\/de.wikipedia.org\/wiki\/OOXML\">OOXML<\/a><\/p>\n<p>Mobile Computing<\/p>\n<p>Cyber-Mobbing<\/p>\n<p>E-Commerce: Amazon, E-Bay<\/p>\n<p>Sprach\u00fcbersetzer (Engl.-Dt.)<\/p>\n<p>Suchmaschinen<\/p>\n<p>Web 2.0: Flickr, YouTube<\/p>\n<p>Musik, Kunst &amp; Informatik<\/p>\n<p>&nbsp;<\/p>\n<h2><a id=\"ungeeignet\" name=\"ungeeignet\"><\/a>\u00a03. Kontextideen, die aus verschiedenen Gr\u00fcnden nicht geeignet erscheinen<\/h2>\n<p><strong>Zimmereinrichtung mit Vektorgrafik <\/strong><br \/>\nAufh\u00e4nger und kein Kontext<\/p>\n<p><strong>E-Learning <\/strong><br \/>\ninformatischer Bezug unklar<\/p>\n<p><strong>GreenIT <\/strong><br \/>\nalles und nichts, muss konkretisiert werden<\/p>\n<p><strong>Open Source, Open Culture <\/strong><br \/>\nholt man Sch. nicht ab, sondern f\u00fchrt sie hin<\/p>\n<p><strong>Spiele (MMORPGs, eSport)<\/strong><br \/>\nsteckt viel drin, aber &#8230;<\/p>\n<p><strong>Berufsbilder als Kontext <\/strong><br \/>\nZu unspezifisch<\/p>\n","protected":false},"excerpt":{"rendered":"<p>Kontexte und Ideen Hier stehen noch nicht ausgearbeitete Ideen f\u00fcr kontextorientierte Unterrichtseinheiten. Bei der Auswahl von Kontexten f\u00fcr konkrete Unterrichtsplanungen sind die Kriterien f\u00fcr die Auwahl von Kontexten und die Kriterien zur Gestaltung kontextorientierter Unterrichtsplanung zu beachten. Die folgende Liste teilt sich auf in Kontextideen mit &#8230; Potenzial f\u00fcr Weiterentwicklung. Diese erscheinen geeignet als Themen [&hellip;]<\/p>\n","protected":false},"author":1,"featured_media":0,"parent":0,"menu_order":0,"comment_status":"closed","ping_status":"closed","template":"","meta":{"site-sidebar-layout":"default","site-content-layout":"","ast-site-content-layout":"default","site-content-style":"default","site-sidebar-style":"default","ast-global-header-display":"","ast-banner-title-visibility":"","ast-main-header-display":"","ast-hfb-above-header-display":"","ast-hfb-below-header-display":"","ast-hfb-mobile-header-display":"","site-post-title":"","ast-breadcrumbs-content":"","ast-featured-img":"","footer-sml-layout":"","ast-disable-related-posts":"","theme-transparent-header-meta":"","adv-header-id-meta":"","stick-header-meta":"","header-above-stick-meta":"","header-main-stick-meta":"","header-below-stick-meta":"","astra-migrate-meta-layouts":"default","ast-page-background-enabled":"default","ast-page-background-meta":{"desktop":{"background-color":"var(--ast-global-color-4)","background-image":"","background-repeat":"repeat","background-position":"center center","background-size":"auto","background-attachment":"scroll","background-type":"","background-media":"","overlay-type":"","overlay-color":"","overlay-opacity":"","overlay-gradient":""},"tablet":{"background-color":"","background-image":"","background-repeat":"repeat","background-position":"center center","background-size":"auto","background-attachment":"scroll","background-type":"","background-media":"","overlay-type":"","overlay-color":"","overlay-opacity":"","overlay-gradient":""},"mobile":{"background-color":"","background-image":"","background-repeat":"repeat","background-position":"center center","background-size":"auto","background-attachment":"scroll","background-type":"","background-media":"","overlay-type":"","overlay-color":"","overlay-opacity":"","overlay-gradient":""}},"ast-content-background-meta":{"desktop":{"background-color":"var(--ast-global-color-5)","background-image":"","background-repeat":"repeat","background-position":"center center","background-size":"auto","background-attachment":"scroll","background-type":"","background-media":"","overlay-type":"","overlay-color":"","overlay-opacity":"","overlay-gradient":""},"tablet":{"background-color":"var(--ast-global-color-5)","background-image":"","background-repeat":"repeat","background-position":"center center","background-size":"auto","background-attachment":"scroll","background-type":"","background-media":"","overlay-type":"","overlay-color":"","overlay-opacity":"","overlay-gradient":""},"mobile":{"background-color":"var(--ast-global-color-5)","background-image":"","background-repeat":"repeat","background-position":"center center","background-size":"auto","background-attachment":"scroll","background-type":"","background-media":"","overlay-type":"","overlay-color":"","overlay-opacity":"","overlay-gradient":""}},"footnotes":""},"class_list":["post-26","page","type-page","status-publish","hentry"],"_links":{"self":[{"href":"https:\/\/medienwissenschaft.uni-bayreuth.de\/inik\/wp-json\/wp\/v2\/pages\/26","targetHints":{"allow":["GET"]}}],"collection":[{"href":"https:\/\/medienwissenschaft.uni-bayreuth.de\/inik\/wp-json\/wp\/v2\/pages"}],"about":[{"href":"https:\/\/medienwissenschaft.uni-bayreuth.de\/inik\/wp-json\/wp\/v2\/types\/page"}],"author":[{"embeddable":true,"href":"https:\/\/medienwissenschaft.uni-bayreuth.de\/inik\/wp-json\/wp\/v2\/users\/1"}],"replies":[{"embeddable":true,"href":"https:\/\/medienwissenschaft.uni-bayreuth.de\/inik\/wp-json\/wp\/v2\/comments?post=26"}],"version-history":[{"count":1,"href":"https:\/\/medienwissenschaft.uni-bayreuth.de\/inik\/wp-json\/wp\/v2\/pages\/26\/revisions"}],"predecessor-version":[{"id":27,"href":"https:\/\/medienwissenschaft.uni-bayreuth.de\/inik\/wp-json\/wp\/v2\/pages\/26\/revisions\/27"}],"wp:attachment":[{"href":"https:\/\/medienwissenschaft.uni-bayreuth.de\/inik\/wp-json\/wp\/v2\/media?parent=26"}],"curies":[{"name":"wp","href":"https:\/\/api.w.org\/{rel}","templated":true}]}}