{"id":24,"date":"2017-10-17T10:21:38","date_gmt":"2017-10-17T08:21:38","guid":{"rendered":"https:\/\/medienwissenschaft.uni-bayreuth.de\/inik\/?page_id=24"},"modified":"2022-05-23T09:59:06","modified_gmt":"2022-05-23T07:59:06","slug":"entwuerfe","status":"publish","type":"page","link":"https:\/\/medienwissenschaft.uni-bayreuth.de\/inik\/entwuerfe\/","title":{"rendered":"Entw\u00fcrfe"},"content":{"rendered":"<h2>Unterrichtsentw\u00fcrfe<\/h2>\n<p><strong>Die folgenden Unterrichtseinheiten sind ausf\u00fchrlich dokumentiert und bereits mehrfach getestet:<\/strong><\/p>\n<p><a href=\"\/inik\/entwuerfe\/chatbots\/\"><strong>Chatbots<\/strong><\/a><br \/>\nDiese Unterrichtsreihe stellt den Versuch dar, das Thema K\u00fcnstliche Intelligenz am Gegenstand \u201eChatbots\u201c zu erfassen. Die Reihe ist f\u00fcr die Sekundarstufe 1 konzipiert, sie kann jedoch auch f\u00fcr die Sekundarstufe 2 modifiziert werden. Sie beinhaltet verschiedene Unterrichtsmethoden, hat historische Entwicklungen in der Informatik zum Thema und ein (kurzes) Softwareprojekt als Mittelpunkt.<\/p>\n<p><a href=\"\/inik\/entwuerfe\/email-nur-fuer-dich\/\"><strong>Email nur f\u00fcr Dich<\/strong><\/a><br \/>\nIn der als 19-st\u00fcndiger, kumulativer Lernprozess f\u00fcr Lerngruppen ab Klasse 10 angelegten Unterrichts\u00adreihe \u201eE-Mail (nur?) f\u00fcr Dich\u201c\u00a0werden zun\u00e4chst an dem lebensweltlichen Beispiel E-Mail Kenntnisse \u00fcber die technische Realisierung privater Kommunikation \u00fcber \u00f6ffentliche Computer\u00adnetzwerke erarbeitet. Dieses Wissen wird dann angewendet, um Gefahren des Mitlesens und Manipulierens von Nachrichten zu entdecken und zu bewerten und M\u00f6glichkeiten zur Herstellung von vertrauensbildenden Ma\u00dfnahmen wie Verschl\u00fcsselungs\u00adverfahren und digitales Signieren zu beurteilen.<\/p>\n<p><a href=\"\/inik\/entwuerfe\/ines\/\"><strong>Mein Computer spricht mit mir<br \/>\n<\/strong><\/a>Sprachgesteuerte Informatikanwendungen, wie Mobiltelefone, Navigationsger\u00e4te oder nat\u00fcrlichsprachliche Informations- und Auskunftssysteme faszinieren viele Jugendliche und sind aus ihrem Leben heute nicht mehr wegzudenken. Das Thema Mensch-Maschine-Kommunikation mit gesprochener Sprache ist deshalb ein geeigneter Anreiz und Bezugspunkt f\u00fcr die Erarbeitung von Basiskonzepten der Informatik in einem kontextbezogenen Informatikunterricht.<\/p>\n<p><a href=\"\/inik\/entwuerfe\/planspiel-datenschutz-2-0\/\"><strong>Planspiel Datenschutz 2.0<br \/>\n<\/strong><\/a>Das Planspiel Datenschutz (2.0) nimmt Erfahrungsinhalte aus dem Lebensumfeld der Sch\u00fcler in Bezug auf die Inhalte des Internet und Web 2.0 Anwendungen und kann damit einen Bestandteil einer Unterrichtseinheit Datenschutz mit der zentralen Fragestellung &#8222;Wer wei\u00df was \u00fcber mich im Internet?&#8220; bilden.<\/p>\n<p><a href=\"\/inik\/entwuerfe\/rfid\/\"><strong>RFID<\/strong><\/a><br \/>\nDas Unterrichtsmodell zum Thema RFID basiert auf Bausteinen (Modulen), die jeweils einen thematischen Schwerpunkt beinhalten. Abh\u00e4ngig von den Lehr- und Lernvoraussetzungen vor Ort sowie den gesetzten Lernzielen\/Kompetenzschwerpunkten kann durch Auswahl und Anordnung der Module sowie der Intensit\u00e4t in ihrer Durchf\u00fchrung unterschiedlich stark auf die einzelnen thematischen Bereiche fokussiert werden. Je nachdem, welcher Zugriff f\u00fcr den Einstieg in die Unterrichtsreihe favorisiert wird, kann prinzipiell mit jedem Modul (Ausnahme: Abschlussdebatte) begonnen werden. Teilweise kann auch eine Verkn\u00fcpfung einzelner Module untereinander sinnvoll sein.<\/p>\n<p><strong><a href=\"https:\/\/medienwissenschaft.uni-bayreuth.de\/inik\/entwuerfe\/versteckte-meta-daten-und-datenschutz\/\">Versteckte Meta-Daten und Datenschutz<\/a><\/strong><br \/>\nDiese Unterrichtseinheit setzt das Ziel, das Datenschutzbewusstsein von Sch\u00fclerinnen und Sch\u00fclern (SuS) der Sekundarstufe II positiv zu beeinflussen. Dazu ist es besonders wichtig, den Sch\u00fclerinnen und Sch\u00fclern M\u00f6glichkeiten zu geben, sich praktisch mit den Inhalten auseinanderzusetzen. Zus\u00e4tzlich dazu sollen sich die Sch\u00fclerinnen und Sch\u00fcler kritisch mit der Thematik auseinandersetzen und es sollen M\u00f6glichkeiten geboten werden, dass Sch\u00fclerinnen und Sch\u00fcler eigene Erfahrungen, Fragen und Bef\u00fcrchtungen offen einbringen k\u00f6nnen.<\/p>\n<hr \/>\n<p><strong>Der folgende ausf\u00fchrliche Entwurf ist noch nicht im Unterricht erprobt worden:<\/strong><\/p>\n<p><strong><a href=\"\/inik\/entwuerfe\/cybermobbing\/\">Cybermobbing<\/a><\/strong><br \/>\nEs werden drei kontextorientierte Unterrichtsentw\u00fcrfe vorgestellt, die zur Behandlung des Themas Cybermobbing im Informatikunterricht genutzt werden k\u00f6nnen. In jedem Entwurf wird auf die zu f\u00f6rdernden Kompetenzen sowie m\u00f6gliche Vernetzungen mit anderen F\u00e4chern eingegangen.<\/p>\n<hr \/>\n<p><strong>Die folgenden nur teilweise ausgearbeiteten Entw\u00fcrfe stellen Zwischenst\u00e4nde dar, die jedoch bereits genutzt werden k\u00f6nnen:<br \/>\n<\/strong><\/p>\n<p><a href=\"\/inik\/entwuerfe\/faltblatt\/\"><strong>Faltblatt<\/strong><br \/>\n<\/a>Desktop Publishing, Erstellen eines Faltblatts f\u00fcr das Schulfest oder den Tag der offenen T\u00fcr.<br \/>\nDie Unterrichtsskizze orientiert sich an den aus Chemie im Kontext bekannten Phasen (Begegnungsphase,<br \/>\nNeugier- und Planungsphase, Erarbeitungsphase, &#8230;), in einer Matrix werden die angestrebten<br \/>\nKompetenzen aufgelistet<\/p>\n<p><a href=\"\/inik\/entwuerfe\/filesharing\/\"><strong>Filesharing<\/strong><\/a><br \/>\nLeitfrage:<br \/>\nUrheberrecht ist der Kontext, aktuelles aus der Zeitung oder privates Umfeld,<br \/>\nFilesharing h\u00e4tte ohne den Kontext Urheberrecht nur die Bedeutung einer Netzwerktechnik.<br \/>\nDie Novelle des Urheberrechts kann als Reaktion auf Filesharing-Technologie verstanden werden.<br \/>\nUmgekehrt ist P2P-Technologie aufgrund der dadurch aufgeworfenen Urheberrechtsfragen lebensweltlich relevant.<br \/>\nDie Unterrichtsskizze umfasst Ziele (Kompetenzen), Materialrecherche (LehrerIn), \u00dcberblick zu den Phasen des Unterrichts, Lernerfolgskontrolle und einen Ausblick auf die Anwendung der Konzepte auf andere Kontexte<\/p>\n<p><a href=\"\/inik\/entwuerfe\/soziale-netze\/\"><strong>Soziale Netze und Mittelalter<\/strong><br \/>\n<\/a>Soziale Netze und ihre Auswirkung auf zwischenmenschliche Beziehungen.<br \/>\nEin Freundeskreises lebt davon, sich mit seinen Freunden austauschen zu k\u00f6nnen. Uns stehen<br \/>\nM\u00f6glichkeiten offen, die sich die Menschen in der Vergangenheit nicht vorstellen konnten. Aber<br \/>\nwie funktioniert unsere Welt mit heutigen Informatiksystemen?<br \/>\nDie Unterrichtseinheit \u00fcber soziale Netze und deren Auswirkungen auf zwischenmenschliche<br \/>\nBeziehungen will SuS anregen<br \/>\n\u2022 sich ihr soziales Netz zu vergegenw\u00e4rtigen und dieses zu visualisieren<br \/>\n\u2022 den Umgang mit Kommunikationswerkzeugen zu untersuchen<br \/>\n\u2022 potenzielle Gefahren bei der Nutzung digitaler Medien an Beispielen zu erkennen<br \/>\nDie Skizze umfasst eine Mindmap zum f\u00e4cherverbindenden Unterricht, die Ziele (s.o.), einen<br \/>\nm\u00f6glichen Unterrichtsverlauf (mit einer Zeitreise aus dem Mittelalter) und Hinweise auf<br \/>\nMaterialien (bes. zum Mittelalter)<\/p>\n<p><a href=\"\/inik\/entwuerfe\/audiobearbeitung\/\"><strong>Wir machen eine Radio-Sendung<\/strong><\/a><br \/>\nDigitale Audio-Bearbeitung f\u00fcr die Mittel- bis Oberstufe.<br \/>\nLeitfrage: Mobile Media-Player geh\u00f6ren zur Standardausstattung von Sch\u00fclern. Sie wissen, wie sie Audio-Dateien abspielen. Wie aber entsteht so eine Datei und welche Arbeitsschritte sind daf\u00fcr<br \/>\nnotwendig?<\/p>\n","protected":false},"excerpt":{"rendered":"<p>Unterrichtsentw\u00fcrfe Die folgenden Unterrichtseinheiten sind ausf\u00fchrlich dokumentiert und bereits mehrfach getestet: Chatbots Diese Unterrichtsreihe stellt den Versuch dar, das Thema K\u00fcnstliche Intelligenz am Gegenstand \u201eChatbots\u201c zu erfassen. Die Reihe ist f\u00fcr die Sekundarstufe 1 konzipiert, sie kann jedoch auch f\u00fcr die Sekundarstufe 2 modifiziert werden. Sie beinhaltet verschiedene Unterrichtsmethoden, hat historische Entwicklungen in der Informatik [&hellip;]<\/p>\n","protected":false},"author":1,"featured_media":0,"parent":0,"menu_order":0,"comment_status":"closed","ping_status":"closed","template":"","meta":{"site-sidebar-layout":"default","site-content-layout":"default","ast-site-content-layout":"default","site-content-style":"default","site-sidebar-style":"default","ast-global-header-display":"","ast-banner-title-visibility":"","ast-main-header-display":"","ast-hfb-above-header-display":"","ast-hfb-below-header-display":"","ast-hfb-mobile-header-display":"","site-post-title":"","ast-breadcrumbs-content":"","ast-featured-img":"","footer-sml-layout":"","ast-disable-related-posts":"","theme-transparent-header-meta":"default","adv-header-id-meta":"","stick-header-meta":"","header-above-stick-meta":"","header-main-stick-meta":"","header-below-stick-meta":"","astra-migrate-meta-layouts":"default","ast-page-background-enabled":"default","ast-page-background-meta":{"desktop":{"background-color":"var(--ast-global-color-4)","background-image":"","background-repeat":"repeat","background-position":"center center","background-size":"auto","background-attachment":"scroll","background-type":"","background-media":"","overlay-type":"","overlay-color":"","overlay-opacity":"","overlay-gradient":""},"tablet":{"background-color":"","background-image":"","background-repeat":"repeat","background-position":"center center","background-size":"auto","background-attachment":"scroll","background-type":"","background-media":"","overlay-type":"","overlay-color":"","overlay-opacity":"","overlay-gradient":""},"mobile":{"background-color":"","background-image":"","background-repeat":"repeat","background-position":"center center","background-size":"auto","background-attachment":"scroll","background-type":"","background-media":"","overlay-type":"","overlay-color":"","overlay-opacity":"","overlay-gradient":""}},"ast-content-background-meta":{"desktop":{"background-color":"var(--ast-global-color-5)","background-image":"","background-repeat":"repeat","background-position":"center center","background-size":"auto","background-attachment":"scroll","background-type":"","background-media":"","overlay-type":"","overlay-color":"","overlay-opacity":"","overlay-gradient":""},"tablet":{"background-color":"var(--ast-global-color-5)","background-image":"","background-repeat":"repeat","background-position":"center center","background-size":"auto","background-attachment":"scroll","background-type":"","background-media":"","overlay-type":"","overlay-color":"","overlay-opacity":"","overlay-gradient":""},"mobile":{"background-color":"var(--ast-global-color-5)","background-image":"","background-repeat":"repeat","background-position":"center center","background-size":"auto","background-attachment":"scroll","background-type":"","background-media":"","overlay-type":"","overlay-color":"","overlay-opacity":"","overlay-gradient":""}},"footnotes":""},"class_list":["post-24","page","type-page","status-publish","hentry"],"_links":{"self":[{"href":"https:\/\/medienwissenschaft.uni-bayreuth.de\/inik\/wp-json\/wp\/v2\/pages\/24","targetHints":{"allow":["GET"]}}],"collection":[{"href":"https:\/\/medienwissenschaft.uni-bayreuth.de\/inik\/wp-json\/wp\/v2\/pages"}],"about":[{"href":"https:\/\/medienwissenschaft.uni-bayreuth.de\/inik\/wp-json\/wp\/v2\/types\/page"}],"author":[{"embeddable":true,"href":"https:\/\/medienwissenschaft.uni-bayreuth.de\/inik\/wp-json\/wp\/v2\/users\/1"}],"replies":[{"embeddable":true,"href":"https:\/\/medienwissenschaft.uni-bayreuth.de\/inik\/wp-json\/wp\/v2\/comments?post=24"}],"version-history":[{"count":3,"href":"https:\/\/medienwissenschaft.uni-bayreuth.de\/inik\/wp-json\/wp\/v2\/pages\/24\/revisions"}],"predecessor-version":[{"id":473,"href":"https:\/\/medienwissenschaft.uni-bayreuth.de\/inik\/wp-json\/wp\/v2\/pages\/24\/revisions\/473"}],"wp:attachment":[{"href":"https:\/\/medienwissenschaft.uni-bayreuth.de\/inik\/wp-json\/wp\/v2\/media?parent=24"}],"curies":[{"name":"wp","href":"https:\/\/api.w.org\/{rel}","templated":true}]}}