{"id":189,"date":"2017-10-17T16:07:57","date_gmt":"2017-10-17T14:07:57","guid":{"rendered":"https:\/\/medienwissenschaft.uni-bayreuth.de\/inik\/?page_id=189"},"modified":"2017-10-17T16:08:18","modified_gmt":"2017-10-17T14:08:18","slug":"schallverarbeitung-im-ohr","status":"publish","type":"page","link":"https:\/\/medienwissenschaft.uni-bayreuth.de\/inik\/entwuerfe\/audiobearbeitung\/schallverarbeitung-im-ohr\/","title":{"rendered":"Schallverarbeitung im Ohr"},"content":{"rendered":"<h4>4.2 Was ist die Maskierungsschwelle?<\/h4>\n<p>Arbeitsblatt: Schallverarbeitung im Ohr<\/p>\n<p><a href=\"\/inik\/material\/Bilder\/ArbeitsblattOhr.pdf\"><img loading=\"lazy\" decoding=\"async\" src=\"\/inik\/material\/Bilder\/Ohr.jpg\" alt=\"Arbeitsblatt Ohr\" width=\"200\" height=\"139\" \/><\/a><\/p>\n<p>Dieses Arbeitsblatt besch\u00e4ftigt sich mit Aspekten der Schallverarbeitung im Ohr, die von MP3 genutzt werden. Auch hier sind keine Fragen notiert. M\u00f6gliche Arbeitsauftr\u00e4ge bzw. Diskussionpunkte sind:<\/p>\n<ul>\n<li>Wie wird Schall im Innenohr verarbeitet?<\/li>\n<li>Was ist der Zusammenhang zwischen Basilarmembran und Freqzuenzdarstellung?<\/li>\n<li>Was ist der Zusammenhang zwischen Basilarmembran und Maskierungsschwelle?<\/li>\n<li>Wieso k\u00f6nnen wir mehrer T\u00f6ne gleichzeitig h\u00f6ren?<\/li>\n<\/ul>\n<p>So wie der Abschnitt zur Funktionsweise von Mikrofonen in Kooperation mit dem Physik-Unterricht erfolgen kann, ist hier eine Zusammenarbeit mit dem Biologieunterricht m\u00f6glich.<\/p>\n","protected":false},"excerpt":{"rendered":"<p>4.2 Was ist die Maskierungsschwelle? Arbeitsblatt: Schallverarbeitung im Ohr Dieses Arbeitsblatt besch\u00e4ftigt sich mit Aspekten der Schallverarbeitung im Ohr, die von MP3 genutzt werden. Auch hier sind keine Fragen notiert. M\u00f6gliche Arbeitsauftr\u00e4ge bzw. Diskussionpunkte sind: Wie wird Schall im Innenohr verarbeitet? Was ist der Zusammenhang zwischen Basilarmembran und Freqzuenzdarstellung? Was ist der Zusammenhang zwischen Basilarmembran [&hellip;]<\/p>\n","protected":false},"author":1,"featured_media":0,"parent":180,"menu_order":0,"comment_status":"closed","ping_status":"closed","template":"","meta":{"site-sidebar-layout":"default","site-content-layout":"","ast-site-content-layout":"default","site-content-style":"default","site-sidebar-style":"default","ast-global-header-display":"","ast-banner-title-visibility":"","ast-main-header-display":"","ast-hfb-above-header-display":"","ast-hfb-below-header-display":"","ast-hfb-mobile-header-display":"","site-post-title":"","ast-breadcrumbs-content":"","ast-featured-img":"","footer-sml-layout":"","ast-disable-related-posts":"","theme-transparent-header-meta":"","adv-header-id-meta":"","stick-header-meta":"","header-above-stick-meta":"","header-main-stick-meta":"","header-below-stick-meta":"","astra-migrate-meta-layouts":"default","ast-page-background-enabled":"default","ast-page-background-meta":{"desktop":{"background-color":"var(--ast-global-color-4)","background-image":"","background-repeat":"repeat","background-position":"center center","background-size":"auto","background-attachment":"scroll","background-type":"","background-media":"","overlay-type":"","overlay-color":"","overlay-opacity":"","overlay-gradient":""},"tablet":{"background-color":"","background-image":"","background-repeat":"repeat","background-position":"center center","background-size":"auto","background-attachment":"scroll","background-type":"","background-media":"","overlay-type":"","overlay-color":"","overlay-opacity":"","overlay-gradient":""},"mobile":{"background-color":"","background-image":"","background-repeat":"repeat","background-position":"center center","background-size":"auto","background-attachment":"scroll","background-type":"","background-media":"","overlay-type":"","overlay-color":"","overlay-opacity":"","overlay-gradient":""}},"ast-content-background-meta":{"desktop":{"background-color":"var(--ast-global-color-5)","background-image":"","background-repeat":"repeat","background-position":"center center","background-size":"auto","background-attachment":"scroll","background-type":"","background-media":"","overlay-type":"","overlay-color":"","overlay-opacity":"","overlay-gradient":""},"tablet":{"background-color":"var(--ast-global-color-5)","background-image":"","background-repeat":"repeat","background-position":"center center","background-size":"auto","background-attachment":"scroll","background-type":"","background-media":"","overlay-type":"","overlay-color":"","overlay-opacity":"","overlay-gradient":""},"mobile":{"background-color":"var(--ast-global-color-5)","background-image":"","background-repeat":"repeat","background-position":"center center","background-size":"auto","background-attachment":"scroll","background-type":"","background-media":"","overlay-type":"","overlay-color":"","overlay-opacity":"","overlay-gradient":""}},"footnotes":""},"class_list":["post-189","page","type-page","status-publish","hentry"],"_links":{"self":[{"href":"https:\/\/medienwissenschaft.uni-bayreuth.de\/inik\/wp-json\/wp\/v2\/pages\/189","targetHints":{"allow":["GET"]}}],"collection":[{"href":"https:\/\/medienwissenschaft.uni-bayreuth.de\/inik\/wp-json\/wp\/v2\/pages"}],"about":[{"href":"https:\/\/medienwissenschaft.uni-bayreuth.de\/inik\/wp-json\/wp\/v2\/types\/page"}],"author":[{"embeddable":true,"href":"https:\/\/medienwissenschaft.uni-bayreuth.de\/inik\/wp-json\/wp\/v2\/users\/1"}],"replies":[{"embeddable":true,"href":"https:\/\/medienwissenschaft.uni-bayreuth.de\/inik\/wp-json\/wp\/v2\/comments?post=189"}],"version-history":[{"count":2,"href":"https:\/\/medienwissenschaft.uni-bayreuth.de\/inik\/wp-json\/wp\/v2\/pages\/189\/revisions"}],"predecessor-version":[{"id":191,"href":"https:\/\/medienwissenschaft.uni-bayreuth.de\/inik\/wp-json\/wp\/v2\/pages\/189\/revisions\/191"}],"up":[{"embeddable":true,"href":"https:\/\/medienwissenschaft.uni-bayreuth.de\/inik\/wp-json\/wp\/v2\/pages\/180"}],"wp:attachment":[{"href":"https:\/\/medienwissenschaft.uni-bayreuth.de\/inik\/wp-json\/wp\/v2\/media?parent=189"}],"curies":[{"name":"wp","href":"https:\/\/api.w.org\/{rel}","templated":true}]}}