{"id":185,"date":"2017-10-17T16:06:45","date_gmt":"2017-10-17T14:06:45","guid":{"rendered":"https:\/\/medienwissenschaft.uni-bayreuth.de\/inik\/?page_id=185"},"modified":"2017-10-17T16:06:45","modified_gmt":"2017-10-17T14:06:45","slug":"bezuege","status":"publish","type":"page","link":"https:\/\/medienwissenschaft.uni-bayreuth.de\/inik\/entwuerfe\/audiobearbeitung\/bezuege\/","title":{"rendered":"Bez\u00fcge"},"content":{"rendered":"<h3><strong>Bezug zu den Grunds\u00e4tzen und Standards<\/strong><\/h3>\n<h2>Prinzipien und Standards<\/h2>\n<p>Folgende Kompetenzen der <a href=\"http:\/\/informatikstandards.de\/\">Prinzipien und Standards<\/a> werden gest\u00e4rkt:<\/p>\n<table border=\"0\">\n<tbody>\n<tr>\n<td><\/td>\n<td>Modellieren und Implementieren<\/td>\n<td>Begr\u00fcnden und Bewerten<\/td>\n<td>Strukturieren und Vernetzen<\/td>\n<td>Kommunizieren und Kooperieren<\/td>\n<td>Darstellen und Interpretieren<\/td>\n<\/tr>\n<tr>\n<td>Informationen und DatenAudio-Datei<\/td>\n<td>Dokumente erstellen<\/td>\n<td>Dateigr\u00f6\u00dfen<\/td>\n<td><\/td>\n<td>Vortrag<\/td>\n<td>Darstellungsform (Wellenform, Spektrum)<\/td>\n<\/tr>\n<tr>\n<td>AlgorithmenKompressionsalgorithmus<br \/>\nEvtl. Huffman-Codierung<\/td>\n<td>Arbeitsablauf<br \/>\nLesen und verstehen von Arbeiten mit IS<\/td>\n<td>Einstellungen zur Kompression<\/td>\n<td>Inhalte, ID-Tags, Cover<\/td>\n<td>Arbeitsblatt<\/td>\n<td>Ablauf MP3-Komprimierung<\/td>\n<\/tr>\n<tr>\n<td>Sprachen und AutomatenEncodierer als Automat<\/td>\n<td><\/td>\n<td><\/td>\n<td>Eingabe und Ausgabe<br \/>\nEVA<\/td>\n<td>Arbeitsblatt<\/td>\n<td>Verarbeitungsschritte eines MP3-Encoders<\/td>\n<\/tr>\n<tr>\n<td>InformatiksystemeAudio-Hard- und Software<\/td>\n<td>Bestandteile &amp; Zuordnung<\/td>\n<td><\/td>\n<td>Speichern<br \/>\nHard- und Software<\/td>\n<td>Gemeinsames Einrichten<\/td>\n<td><\/td>\n<\/tr>\n<tr>\n<td>Informatik, Mensch, GesellschaftRechte<\/td>\n<td><\/td>\n<td>Urheber- und Pers\u00f6nlichkeitsrechte<\/td>\n<td>Anwendung auf andere F\u00e4lle<\/td>\n<td>Diskussion<\/td>\n<td>Gesetzestexte<\/td>\n<\/tr>\n<\/tbody>\n<\/table>\n","protected":false},"excerpt":{"rendered":"<p>Bezug zu den Grunds\u00e4tzen und Standards Prinzipien und Standards Folgende Kompetenzen der Prinzipien und Standards werden gest\u00e4rkt: Modellieren und Implementieren Begr\u00fcnden und Bewerten Strukturieren und Vernetzen Kommunizieren und Kooperieren Darstellen und Interpretieren Informationen und DatenAudio-Datei Dokumente erstellen Dateigr\u00f6\u00dfen Vortrag Darstellungsform (Wellenform, Spektrum) AlgorithmenKompressionsalgorithmus Evtl. Huffman-Codierung Arbeitsablauf Lesen und verstehen von Arbeiten mit IS Einstellungen zur [&hellip;]<\/p>\n","protected":false},"author":1,"featured_media":0,"parent":180,"menu_order":0,"comment_status":"closed","ping_status":"closed","template":"","meta":{"site-sidebar-layout":"default","site-content-layout":"","ast-site-content-layout":"default","site-content-style":"default","site-sidebar-style":"default","ast-global-header-display":"","ast-banner-title-visibility":"","ast-main-header-display":"","ast-hfb-above-header-display":"","ast-hfb-below-header-display":"","ast-hfb-mobile-header-display":"","site-post-title":"","ast-breadcrumbs-content":"","ast-featured-img":"","footer-sml-layout":"","ast-disable-related-posts":"","theme-transparent-header-meta":"","adv-header-id-meta":"","stick-header-meta":"","header-above-stick-meta":"","header-main-stick-meta":"","header-below-stick-meta":"","astra-migrate-meta-layouts":"default","ast-page-background-enabled":"default","ast-page-background-meta":{"desktop":{"background-color":"var(--ast-global-color-4)","background-image":"","background-repeat":"repeat","background-position":"center center","background-size":"auto","background-attachment":"scroll","background-type":"","background-media":"","overlay-type":"","overlay-color":"","overlay-opacity":"","overlay-gradient":""},"tablet":{"background-color":"","background-image":"","background-repeat":"repeat","background-position":"center center","background-size":"auto","background-attachment":"scroll","background-type":"","background-media":"","overlay-type":"","overlay-color":"","overlay-opacity":"","overlay-gradient":""},"mobile":{"background-color":"","background-image":"","background-repeat":"repeat","background-position":"center center","background-size":"auto","background-attachment":"scroll","background-type":"","background-media":"","overlay-type":"","overlay-color":"","overlay-opacity":"","overlay-gradient":""}},"ast-content-background-meta":{"desktop":{"background-color":"var(--ast-global-color-5)","background-image":"","background-repeat":"repeat","background-position":"center center","background-size":"auto","background-attachment":"scroll","background-type":"","background-media":"","overlay-type":"","overlay-color":"","overlay-opacity":"","overlay-gradient":""},"tablet":{"background-color":"var(--ast-global-color-5)","background-image":"","background-repeat":"repeat","background-position":"center center","background-size":"auto","background-attachment":"scroll","background-type":"","background-media":"","overlay-type":"","overlay-color":"","overlay-opacity":"","overlay-gradient":""},"mobile":{"background-color":"var(--ast-global-color-5)","background-image":"","background-repeat":"repeat","background-position":"center center","background-size":"auto","background-attachment":"scroll","background-type":"","background-media":"","overlay-type":"","overlay-color":"","overlay-opacity":"","overlay-gradient":""}},"footnotes":""},"class_list":["post-185","page","type-page","status-publish","hentry"],"_links":{"self":[{"href":"https:\/\/medienwissenschaft.uni-bayreuth.de\/inik\/wp-json\/wp\/v2\/pages\/185","targetHints":{"allow":["GET"]}}],"collection":[{"href":"https:\/\/medienwissenschaft.uni-bayreuth.de\/inik\/wp-json\/wp\/v2\/pages"}],"about":[{"href":"https:\/\/medienwissenschaft.uni-bayreuth.de\/inik\/wp-json\/wp\/v2\/types\/page"}],"author":[{"embeddable":true,"href":"https:\/\/medienwissenschaft.uni-bayreuth.de\/inik\/wp-json\/wp\/v2\/users\/1"}],"replies":[{"embeddable":true,"href":"https:\/\/medienwissenschaft.uni-bayreuth.de\/inik\/wp-json\/wp\/v2\/comments?post=185"}],"version-history":[{"count":1,"href":"https:\/\/medienwissenschaft.uni-bayreuth.de\/inik\/wp-json\/wp\/v2\/pages\/185\/revisions"}],"predecessor-version":[{"id":186,"href":"https:\/\/medienwissenschaft.uni-bayreuth.de\/inik\/wp-json\/wp\/v2\/pages\/185\/revisions\/186"}],"up":[{"embeddable":true,"href":"https:\/\/medienwissenschaft.uni-bayreuth.de\/inik\/wp-json\/wp\/v2\/pages\/180"}],"wp:attachment":[{"href":"https:\/\/medienwissenschaft.uni-bayreuth.de\/inik\/wp-json\/wp\/v2\/media?parent=185"}],"curies":[{"name":"wp","href":"https:\/\/api.w.org\/{rel}","templated":true}]}}