{"id":151,"date":"2017-10-17T15:55:23","date_gmt":"2017-10-17T13:55:23","guid":{"rendered":"https:\/\/medienwissenschaft.uni-bayreuth.de\/inik\/?page_id=151"},"modified":"2017-10-17T15:55:52","modified_gmt":"2017-10-17T13:55:52","slug":"5a-alternativ-abschlusseroerterung","status":"publish","type":"page","link":"https:\/\/medienwissenschaft.uni-bayreuth.de\/inik\/entwuerfe\/rfid\/5a-alternativ-abschlusseroerterung\/","title":{"rendered":"5a. (Alternativ:) Abschlusser\u00f6rterung"},"content":{"rendered":"<h3><strong>5a. (Alternativ:) Abschlusser\u00f6rterung (90 min)<\/strong><\/h3>\n<div id=\"showContent5a\">\n<p>Das eigentlich f\u00fcr den Abschluss der Reihe vorgesehene Modul Abschlussdebatte\u00a0(s. Abschnitt 5) l\u00e4sst sich in einer kleinen Lerngruppe kaum sinnvoll durchf\u00fchren. F\u00fcr diesen Fall kann z.B. auf die hier dargestellte Alternative zur\u00fcckgegriffen werden.<\/p>\n<p>Eine \u00e4hnlich intensive Auseinandersetzung wie die Debatte erm\u00f6glicht, allerdings in vorrangig individueller Vorgehensweise, die aus dem Deutschunterricht bekannte Textsorte der schriftlichen Er\u00f6rterung. Der R\u00fcckgriff auf die Er\u00f6rterung leistet &#8211; abgesehen\u00a0vom eigentlichen Ergebnis &#8211; einen f\u00e4cher\u00fcbergreifenden Ansatz, der den Sch\u00fclern diese Schriftform \u00fcber\u00a0ihre Bedeutung\u00a0einer\u00a0Aufsatzart im Deutschunterricht hinaus als sinnvolle Arbeitstechnik\/-strategie vor Augen zu stellen vermag. Insofern bietet sich die Unterrichtssituation in besonderer Weise an, die Komplexit\u00e4t und den Anspruch des Fachgebiets\u00a0der Informatik auzuzeigen. Nicht zuletzt kann sich die Lehrkraft dazu entscheiden, in dieser Weise die Lernerfolgskontrolle durchzuf\u00fchren.\u00a0Bei der Bewertung sollten dann\u00a0nat\u00fcrlich nicht die formalen Kriterien des Deutschaufsatzes, sondern die inhaltlich richtige Auseinandersetzung mit den Lerninhalten der U-Reihe und das daraus folgende, fundierte Urteil im Vordergrund stehen.<\/p>\n<h2>Standardbezug<\/h2>\n<p>(<a href=\"http:\/\/gi.informatikstandards.de\/\">Bildungsstandards\u00a0der\u00a0GI<\/a>)<\/p>\n<p><strong>Begr\u00fcnden und Bewerten<br \/>\n<\/strong>SuS begr\u00fcnden Entscheidungen bei der Nutzung von Informatiksystemen<br \/>\nSuS wenden Kriterien zur Bewertung informatischer Sachverhalte an<br \/>\n-&gt; nennen Vor- und Nachteile<br \/>\n-&gt; st\u00fctzen ihre Argumente auf erworbenes Fachwissen<br \/>\n-&gt; formulieren angemessene Bewertungskriterien und wenden diese an<br \/>\n-&gt; wenden Kriterien zur Auswahl von Informatiksystemen f\u00fcr die Probeml\u00f6sung an und bewerten diese<\/p>\n<h2>Ziele<\/h2>\n<p>Im Rahmen dieser Unterrichtseinheit sollen die Lernenden die Lernergebnisse der zur\u00fcckliegenden Unterrichtsreihe zusammenf\u00fchren und zu einer eigenen, differenzierten Gesamteinsch\u00e4tzung des Einsatzes von RFID-Systemen kommen.<\/p>\n<h2>Materialien<\/h2>\n<ul>\n<li>verschiedene, m\u00f6glichst &#8222;zugkr\u00e4ftige&#8220;\u00a0Akrostichons, die im Raum aufgeh\u00e4ngt werden, z.B.\n<ul>\n<li>Rastlose Forscher Ignorieren Dich<\/li>\n<li>RFID F\u00f6rdert Illegale Datenerhebung<\/li>\n<li>Richtig Fiese Intimsph\u00e4ren-Durchforstung<\/li>\n<li>Reichlich Freiheit In Deutschland<\/li>\n<li>RFID Findet Immer Dokumente<\/li>\n<li>Respektvolle Filterung Ihrer Datenspuren<\/li>\n<\/ul>\n<\/li>\n<li>Arbeitsauftrag<\/li>\n<li><a href=\"\/inik\/material\/rfid\/ab_rfid_eroerterung.pdf\">Hinweise<\/a> zum Anfertigen einer schriftlichen Er\u00f6rterung<\/li>\n<\/ul>\n<h2>Unterrichtsverlauf<\/h2>\n<p><strong>Begegnungsphase<br \/>\n<\/strong>Den Sch\u00fclern werden die Akrostichons pr\u00e4sentiert.\u00a0Sie erhalten Zeit, im Raum umherzugehen und sich die &#8222;Thesen&#8220; anzuschauen. Wahrscheinlich wird es dabei bereits zum Meinungsaustausch zwischen Sch\u00fclern, m\u00f6glicherweise zu Belustigungen oder auch zum Widerspruch kommen.<\/p>\n<p><strong>Neugier- und Planungsphase<\/strong><br \/>\nIn einem kurzen Unterrichtsgespr\u00e4ch wird das Ziel der Stunde transparent gemacht. Dabei sollte deutlich werden, dass es sich um die Abschlussstunde zur U-Reihe handelt, in der es darum geht, dass die Sch\u00fcler unter Hinzuziehung aller bisherigen Erkenntnisse zu einem eigenen abschlie\u00dfenden Urteil bzgl. des Einsatzes von RFID kommen sollen. Die Akrostichons sollen hierf\u00fcr als anregende Thesen dienen.<\/p>\n<p>Sp\u00e4testens ab der 10. Jahrgangsstufe sollten die Sch\u00fcler wissen, dass sich\u00a0die Textsorte Er\u00f6rterung in besonderer Weise dazu eignet, sich mit einer These auseinanderzusetzen. Die Form der Er\u00f6rterung hat den Vorteil, dass die Lernenden auf ein Ger\u00fcst zur\u00fcckgreifen k\u00f6nnen, mit dem sie sich in strukturierter Form mit einem kontroversen Thema auseinandersetzen k\u00f6nnen. Im Gegensatz zu einer Diskussion kann jeder Sch\u00fcler seine Argumentation \u00fcberlegt und in vollem Umfang entfalten. Es sollte kurz res\u00fcmiert werden, wie eine Er\u00f6rterung aufgebaut ist.<\/p>\n<p><strong>Erarbeitungsphase<\/strong><br \/>\nDie Sch\u00fcler erhalten den Auftrag, eine These auszuw\u00e4hlen, die sie f\u00fcr besonders zutreffend,\u00a0kontrovers oder ablehnungsw\u00fcrdig halten. Sie sollen sie zum Ausgang nehmen, in angemessener Form zum Einsatz von RFID- Systemen Stellung zu nehmen. Dabei k\u00f6nnen sie auf s\u00e4mtliche Materialien und Ergebnisse der Unterrichtsreihe zur\u00fcckgreifen. Die Sch\u00fcler legen vor dem Schreiben eine Materialsammlung an (d.h. sie formulieren (Pro\/Contra-) Thesen, \u00fcberlegen sich Argumente, die die Thesen jeweils st\u00fctzen;\u00a0sie w\u00e4hlen geeignete Belege bzw. Beispiele,\u00a0mittels derer\u00a0die Argumente veranschaulicht werden; sie \u00fcberlegen sich, mit welchen Informationen sie die Einleitung gestalten wollen; sie entscheiden sich, zu welchem Schluss sie kommen und in welcher Form sie diesen gestalten wollen). In der gut strukturierten Materialsamlung liegt der eigentliche Kern der Arbeit. Liegt diese vor, muss\u00a0sie &#8222;nur noch&#8220; in einen zusammenh\u00e4ngenden Text\u00a0\u00fcbertragen werden.<\/p>\n<p><strong>Vertiefungs- und Vernetzungsphase<br \/>\n<\/strong>Auch in\u00a0einer kleinen Gruppe wird es keinen Sinn machen, jede einzelne Arbeit vorlesen zu lassen. (Um die Sch\u00fclerprodukte angemessen zu w\u00fcrdigen, sollten diese am Ende der Stunde eingesammelt und bewertet werden.) Die Sch\u00fcler sollten jedoch die M\u00f6glichkeit erhalten, den Schlussteil ihrer Er\u00f6rterung, der ja ihre Argumentation zusammenfasst, wiederzugeben. Erfahrungsgem\u00e4\u00df werden Sch\u00fcler unterschiedliche Schwerpunkte bei ihrer Er\u00f6rtertung und Beurteilung gesetzt haben, die durch das Vortragen und evtl. sich anschlie\u00dfende Diskussionen vertiefend besprochen werden k\u00f6nnen. Abh\u00e4ngig von der verbleibenden Zeit k\u00f6nnen die Sch\u00fcler noch den Auftrag\/die Gelegenheit\u00a0erhalten,\u00a0sich paarweise eigene Akrostichons zu \u00fcberlegen.<\/p>\n<\/div>\n","protected":false},"excerpt":{"rendered":"<p>5a. (Alternativ:) Abschlusser\u00f6rterung (90 min) Das eigentlich f\u00fcr den Abschluss der Reihe vorgesehene Modul Abschlussdebatte\u00a0(s. Abschnitt 5) l\u00e4sst sich in einer kleinen Lerngruppe kaum sinnvoll durchf\u00fchren. F\u00fcr diesen Fall kann z.B. auf die hier dargestellte Alternative zur\u00fcckgegriffen werden. Eine \u00e4hnlich intensive Auseinandersetzung wie die Debatte erm\u00f6glicht, allerdings in vorrangig individueller Vorgehensweise, die aus dem Deutschunterricht [&hellip;]<\/p>\n","protected":false},"author":1,"featured_media":0,"parent":134,"menu_order":0,"comment_status":"closed","ping_status":"closed","template":"","meta":{"site-sidebar-layout":"default","site-content-layout":"","ast-site-content-layout":"default","site-content-style":"default","site-sidebar-style":"default","ast-global-header-display":"","ast-banner-title-visibility":"","ast-main-header-display":"","ast-hfb-above-header-display":"","ast-hfb-below-header-display":"","ast-hfb-mobile-header-display":"","site-post-title":"","ast-breadcrumbs-content":"","ast-featured-img":"","footer-sml-layout":"","ast-disable-related-posts":"","theme-transparent-header-meta":"","adv-header-id-meta":"","stick-header-meta":"","header-above-stick-meta":"","header-main-stick-meta":"","header-below-stick-meta":"","astra-migrate-meta-layouts":"default","ast-page-background-enabled":"default","ast-page-background-meta":{"desktop":{"background-color":"var(--ast-global-color-4)","background-image":"","background-repeat":"repeat","background-position":"center center","background-size":"auto","background-attachment":"scroll","background-type":"","background-media":"","overlay-type":"","overlay-color":"","overlay-opacity":"","overlay-gradient":""},"tablet":{"background-color":"","background-image":"","background-repeat":"repeat","background-position":"center center","background-size":"auto","background-attachment":"scroll","background-type":"","background-media":"","overlay-type":"","overlay-color":"","overlay-opacity":"","overlay-gradient":""},"mobile":{"background-color":"","background-image":"","background-repeat":"repeat","background-position":"center center","background-size":"auto","background-attachment":"scroll","background-type":"","background-media":"","overlay-type":"","overlay-color":"","overlay-opacity":"","overlay-gradient":""}},"ast-content-background-meta":{"desktop":{"background-color":"var(--ast-global-color-5)","background-image":"","background-repeat":"repeat","background-position":"center center","background-size":"auto","background-attachment":"scroll","background-type":"","background-media":"","overlay-type":"","overlay-color":"","overlay-opacity":"","overlay-gradient":""},"tablet":{"background-color":"var(--ast-global-color-5)","background-image":"","background-repeat":"repeat","background-position":"center center","background-size":"auto","background-attachment":"scroll","background-type":"","background-media":"","overlay-type":"","overlay-color":"","overlay-opacity":"","overlay-gradient":""},"mobile":{"background-color":"var(--ast-global-color-5)","background-image":"","background-repeat":"repeat","background-position":"center center","background-size":"auto","background-attachment":"scroll","background-type":"","background-media":"","overlay-type":"","overlay-color":"","overlay-opacity":"","overlay-gradient":""}},"footnotes":""},"class_list":["post-151","page","type-page","status-publish","hentry"],"_links":{"self":[{"href":"https:\/\/medienwissenschaft.uni-bayreuth.de\/inik\/wp-json\/wp\/v2\/pages\/151","targetHints":{"allow":["GET"]}}],"collection":[{"href":"https:\/\/medienwissenschaft.uni-bayreuth.de\/inik\/wp-json\/wp\/v2\/pages"}],"about":[{"href":"https:\/\/medienwissenschaft.uni-bayreuth.de\/inik\/wp-json\/wp\/v2\/types\/page"}],"author":[{"embeddable":true,"href":"https:\/\/medienwissenschaft.uni-bayreuth.de\/inik\/wp-json\/wp\/v2\/users\/1"}],"replies":[{"embeddable":true,"href":"https:\/\/medienwissenschaft.uni-bayreuth.de\/inik\/wp-json\/wp\/v2\/comments?post=151"}],"version-history":[{"count":2,"href":"https:\/\/medienwissenschaft.uni-bayreuth.de\/inik\/wp-json\/wp\/v2\/pages\/151\/revisions"}],"predecessor-version":[{"id":153,"href":"https:\/\/medienwissenschaft.uni-bayreuth.de\/inik\/wp-json\/wp\/v2\/pages\/151\/revisions\/153"}],"up":[{"embeddable":true,"href":"https:\/\/medienwissenschaft.uni-bayreuth.de\/inik\/wp-json\/wp\/v2\/pages\/134"}],"wp:attachment":[{"href":"https:\/\/medienwissenschaft.uni-bayreuth.de\/inik\/wp-json\/wp\/v2\/media?parent=151"}],"curies":[{"name":"wp","href":"https:\/\/api.w.org\/{rel}","templated":true}]}}