{"id":145,"date":"2017-10-17T15:52:59","date_gmt":"2017-10-17T13:52:59","guid":{"rendered":"https:\/\/medienwissenschaft.uni-bayreuth.de\/inik\/?page_id=145"},"modified":"2017-10-17T15:54:29","modified_gmt":"2017-10-17T13:54:29","slug":"4-exkursion-praktische-experimente","status":"publish","type":"page","link":"https:\/\/medienwissenschaft.uni-bayreuth.de\/inik\/entwuerfe\/rfid\/4-exkursion-praktische-experimente\/","title":{"rendered":"4. Exkursion\/Praktische Experimente"},"content":{"rendered":"<h3><strong>4. Exkursion\/Praktische Experimente (3 &#8211; 4 h)<\/strong><\/h3>\n<p>Die Unterrichtsvorschl\u00e4ge an dieser Stelle konzentrieren sich bislang auf die Durchf\u00fchrung einer Exkursion.<br \/>\nJe nach Lerngruppe, finanziellen Rahmenbedingungen und technischen M\u00f6glichkeiten vor Ort ist es nat\u00fcrlich auch anschaulich ein eigenes RFID-System zu bauen und damit zu experimentieren. Praktische Hinweise zur Konstruktion eines RFID-K\u00fchlschranks von D. Boettcher\u00a0sowie zum Einsatz mit LEGO MINDSTORMS NXT Robotern von A. Gramm finden Sie unten. Die Standardbez\u00fcge m\u00fcssten entsprechend angepasst werden.<\/p>\n<h2>Standardbezug<\/h2>\n<p>(<a href=\"http:\/\/gi.informatikstandards.de\/\">Bildungsstandards\u00a0der\u00a0GI<\/a>)<\/p>\n<p><strong>Informatiksysteme<br \/>\n<\/strong>SuS\u00a0verstehen die Grundlagen des Aufbaus von Informatiksystemen\u00a0und deren Funktionsweise<br \/>\n-&gt; benennen wesentliche Bestandteile von Informatiksystemen<br \/>\n-&gt; ordnen die Bestandteile der E\/V\/A zu<\/p>\n<p><strong>Informatik, Mensch und Gesellschaft<br \/>\n<\/strong>SuS benennen Wechselwirkungen zwischen Informatiksystemen und ihrer gesellschaftlichen Einbettung<br \/>\n-&gt; kommentieren automatisierte Vorg\u00e4nge und beurteilen deren Umsetzung<br \/>\n-&gt; bewerten die Auswirkungen der Automatisierungen in der Arbeitswelt<\/p>\n<p><strong>Begr\u00fcnden und Bewerten<br \/>\n<\/strong>SuS stellen Fragen ud \u00e4u\u00dfern Vermutungen \u00fcber informatische Sachverhalte<br \/>\n-&gt; nutzen ihr informatisches Wissen, um Fragen zu komplexeren Problemstellungen zu formulieren<br \/>\n-&gt; stellen Vermutungen \u00fcber Zusammenh\u00e4nge und L\u00f6sungsm\u00f6glichkeiten im informatischen Kontext dar<\/p>\n<p><strong>Kommunizieren und Kooperieren<br \/>\n<\/strong>SuS\u00a0kommunizieren fachgerecht \u00fcber informatischen Sachverhalte<br \/>\n-&gt; kommunizieren m\u00fcndlich strukturiert \u00fcber informatische Sachverhalte<br \/>\n-&gt; stellen informatische Sachverhalte unter Benutzung der Fachsprache schriftlich sachgerecht dar<\/p>\n<h2>Durchf\u00fchrung einer Exkursion<\/h2>\n<p>Link: <a href=\"http:\/\/suomenhirvi.piranho.de\/examensseiten\/exkursionsdidaktik\/ExkursionsdidaktikPlanung.htm\">Hinweise zur Planung und Durchf\u00fchrung einer Exkursion<\/a><\/p>\n<p><strong>Exkursionsziele<\/strong><\/p>\n<ul>\n<li>Exkursionen Berliner Raum\n<ul>\n<li><a href=\"http:\/\/www.ub.hu-berlin.de\/bibliothek\/zweigbibliotheken\/nawi\/nawi.html\">Zweigbibliothek Naturwissenschaften <\/a>der HU in Berlin-Adlershof (Einf\u00fchrung der RFID-Technologie\u00a0f\u00fcr 1. Halbjahr 2009 geplant.)<\/li>\n<li><a href=\"http:\/\/www.tfh-wildau.de\/rfid\/media\/richter_praxisbericht_tu_berlin.pdf\">Universit\u00e4tsbibliothek\u00a0der\u00a0TU\u00a0Berlin<\/a><\/li>\n<li><a href=\"http:\/\/www.campuskarte.tu-berlin.de\/\">TU\u00a0Berlin\u00a0Campuskarte<\/a><\/li>\n<li><a href=\"http:\/\/www.rfidatlas.de\/images\/stories\/RFID_Fallstudien\/berliner_wasserbetriebe_sep2007.pdf\">Berliner\u00a0Wasserbetriebe<\/a><\/li>\n<li><a href=\"http:\/\/www.rfidatlas.de\/images\/stories\/Termine_docs\/rfid_anwenderbeispiel_thax.pdf\">Berliner\u00a0Senatskanzlei<\/a><\/li>\n<li><a href=\"http:\/\/www.transpondertechnikum.de\/rfid-projekt\/start.htm\">Versuchs-\u00a0und\u00a0Lehranstalt\u00a0f\u00fcr\u00a0Brauerei\u00a0Berlin\u00a0e.V.<\/a> (s.a. <a href=\"http:\/\/www.rfidatlas.de\/images\/stories\/RFID_Fallstudien\/Rewe_IfH_VLB_Apr06.pdf\">Projektstudie<\/a>)<\/li>\n<li><a href=\"http:\/\/www.thax.de\/\">Thax\u00a0Software\u00a0GmbH: Aktensuche, Dokumentenmanagement, digitales Diktieren und RFID<\/a><\/li>\n<\/ul>\n<\/li>\n<li>Exkursionen gesamtes Bundesgebiet\n<ul>\n<li>Metro AG (&#8222;Future-Store&#8220;)<\/li>\n<li>und weitere: Suchmaschine oder unter <a href=\"http:\/\/www.rfidatlas.de\/\">rfidatlas.de<\/a><\/li>\n<\/ul>\n<\/li>\n<\/ul>\n<p><strong>Vorbereitung<\/strong><\/p>\n<ul>\n<li>Kontaktaufnahme\/Anmeldung\/Voraussetzungen\/notwendiges Vorwissen abkl\u00e4ren (Lehrer)<\/li>\n<li>Gruppenpuzzle: Auseinandersetzung mit\n<ul>\n<li>den fachlichen Grundlagen<\/li>\n<li>Berufsbildern\/Ausbildungslage<\/li>\n<li>Forschungs-\/T\u00e4tigkeitsfeldern<\/li>\n<li>eingesetzten Informatiksystemen vor Ort<\/li>\n<\/ul>\n<\/li>\n<li>Erstellen eines Interviewkatalogs (vorbereitend in den Experten- und vervollst\u00e4ndigend in den Stammgruppen) mit dem Schwerpunkt RFID. F\u00e4hrt man die Exkursion in der SekII durch, kann bei entsprechendem Vorwissen der Lerngruppe zus\u00e4tzlich der \u00fcbergeordnete Auftrag gestellt werden, ein Modell f\u00fcr eine dahinterliegende Datenbank zu entwerfen.<\/li>\n<li>Aufgabenfestlegung (Interview-\/Gespr\u00e4chspartner, Protokollant, Fotograf, Kameramann, Zeichner,\u00a0Websiteverantwortlicher\u00a0etc.) &#8211; Wichtig auch: Wer dankt in welcher Form?<\/li>\n<li>Organisatorische Rahmenbedingungen kl\u00e4ren: Zeit, Ort, Verhaltensregeln (z.B. Begr\u00fc\u00dfung, Gespr\u00e4chsf\u00fchrung, Aufmersamkeit, Verabschiedung), Verpflegung, evtl. Schutzkleidung<\/li>\n<\/ul>\n<p><strong>Durchf\u00fchrung<\/strong><\/p>\n<ul>\n<li>Begr\u00fc\u00dfung<\/li>\n<li>ggfs.\u00a0Vortr\u00e4ge\/F\u00fchrung protokollieren<\/li>\n<li>Fragenkatalog abarbeiten\/protokollieren<\/li>\n<li>Ton-\/Bilddokumentation\/Skizzen anfertigen<\/li>\n<li>Danksagung<\/li>\n<\/ul>\n<p><strong>Nachbereitung<br \/>\n<\/strong>(inhaltlich, didaktisch, methodisch)<\/p>\n<p>Unmittelbar im Anschluss<\/p>\n<ul>\n<li>Leitfragen (schriftlich beantworten):\n<ul>\n<li>Was hat mir gefallen\/nicht gefallen?<\/li>\n<li>Was war aus fachlicher Sicht besonders interessant?<\/li>\n<li>Was habe ich fachlich mitgenommen?<\/li>\n<li>Was habe ich nicht verstanden?<\/li>\n<\/ul>\n<\/li>\n<li>Visualisierungen\/Skizzen anfertigen\/beenden<\/li>\n<\/ul>\n<p>Zuhause<\/p>\n<ul>\n<li><a href=\"\/inik\/material\/rfid\/ab_rfid_exkursion.pdf\">Evaluationsbogen<\/a><\/li>\n<\/ul>\n<p>Im folgenden Unterricht<\/p>\n<ul>\n<li>Kl\u00e4rung offener Fragen<\/li>\n<li>Vertiefende Auseinandersetzung mit offenen Fragen\/aufgeworfenen Problemen je nach Schwerpunktsetzung<\/li>\n<li>Dokumentation auf Schulwebseite\/Erstellung einer Pr\u00e4sentation o.\u00c4.<\/li>\n<li>Auswertung des Evaluationsbogens<\/li>\n<\/ul>\n<h2><strong>Praktische\u00a0Experimente\/Projekte\u00a0<\/strong><\/h2>\n<ul>\n<li><a href=\"http:\/\/www.ham.nw.schule.de\/pub\/bscw.cgi\/d678289\/DanielBoettcher-DerRFIDKuehlschrank.pdf\" target=\"_blank\" rel=\"noopener\">K\u00fchlschrankprojekt\u00a0(Material\/Examensarbeit\u00a0D.\u00a0Boettcher)<\/a><\/li>\n<li>Experimente mit LEGO-Mindstorms NXT Robotern: Die Firma <a href=\"http:\/\/codatex.com\/index.php?LEGO_NINDSTORMS_NXT\" target=\"_blank\" rel=\"noopener\">Codatex<\/a> setllt RFID-Sensoren und passende Transponder her, die sich an <a href=\"http:\/\/www.nxt-in-der-schule.de\/\" target=\"_blank\" rel=\"noopener\">LEGO MINSTORMS NXT Roboter<\/a> anschlie\u00dfen lassen. So lie\u00dfen sich z.B. eine mit RFID gesteuerte Zugangskontrolle (<a href=\"http:\/\/www.youtube.com\/watch?v=QbppzCr4PWE\" target=\"_blank\" rel=\"noopener\">Video<\/a>, Java-Quellcode <a href=\"\/inik\/material\/rfid\/AccessControl.java\" target=\"_blank\" rel=\"noopener\">AccessControl.java<\/a>) realisieren oder ein Stadt- oder Museums-F\u00fchrer, der zu bestimmten an verschiedenen Stationen hinterlegten RFID-Transpondern passende Informationen auf dem Display bereitstellt oder als Audio-Datei abspielt.<br \/>\nF\u00fcr die grafische Programmierumgebung von LEGO ist ein spezieller NXT-G Block von der Website des Herstellers <a href=\"http:\/\/codatex.com\/picture\/upload\/file\/RFID_Read_1.0.zip\" target=\"_blank\" rel=\"noopener\">herunterzuladen<\/a>und in der Entwicklungsumgebung unter dem Men\u00fcpunkt &#8222;Werkzeuge &gt;&gt; Assistent Block-Import und -Export&#8220; zu importieren. Zur Benutzung des Blocks kann man sich an dem kleinen\u00a0Beispiel <a href=\"\/inik\/material\/rfid\/RFIDauslesen.rbt\" target=\"_blank\" rel=\"noopener\">RFIDauslesen.rbt<\/a> orientieren.<br \/>\nDie Firmware f\u00fcr eine Programmierung mit JAVA <a href=\"http:\/\/lejos.sourceforge.net\/nxj.php\" target=\"_blank\" rel=\"noopener\">LeJoS NXJ<\/a> verf\u00fcgt in den aktuelleren Versionen mit der Klasse lejos.nxt.addon.RFIDSensor \u00fcber eine Unterst\u00fctzung f\u00fcr den Codatex-Sensor. Zur Benutzung der Klasse kann man sich an den zwei kleinen Beispielen \u00a0<a href=\"\/inik\/material\/rfid\/RFIDauslesen.java\" target=\"_blank\" rel=\"noopener\">RFIDauslesen.java<\/a> und <a href=\"\/inik\/material\/rfid\/RFIDpruefen.java\" target=\"_blank\" rel=\"noopener\">RFIDpruefen.java<\/a> orientieren.<br \/>\nDie Berliner IniK-Projektgruppe hat dazu 6 RFID Sensoren mit Transpondern beschafft, die Berliner Lehrerinnen und Lehrer sich bei Herrn Gramm an der Menzel-Schule (Altonaer Str. 26, 10555 Berlin) ausleihen k\u00f6nnen. Vorauussetzung ist, dass Sie an Ihrer Schule \u00fcber LEGO-Mindstorms NXT Roboter verf\u00fcgen. Bei Interesse kontaktieren Sie bitte Hernn Gramm unter <img decoding=\"async\" src=\"\/inik\/material\/rfid\/kontakt_gramm.png\" alt=\"E-Mailadresse Herr Gramm\" \/><\/li>\n<\/ul>\n","protected":false},"excerpt":{"rendered":"<p>4. Exkursion\/Praktische Experimente (3 &#8211; 4 h) Die Unterrichtsvorschl\u00e4ge an dieser Stelle konzentrieren sich bislang auf die Durchf\u00fchrung einer Exkursion. Je nach Lerngruppe, finanziellen Rahmenbedingungen und technischen M\u00f6glichkeiten vor Ort ist es nat\u00fcrlich auch anschaulich ein eigenes RFID-System zu bauen und damit zu experimentieren. Praktische Hinweise zur Konstruktion eines RFID-K\u00fchlschranks von D. Boettcher\u00a0sowie zum Einsatz [&hellip;]<\/p>\n","protected":false},"author":1,"featured_media":0,"parent":134,"menu_order":0,"comment_status":"closed","ping_status":"closed","template":"","meta":{"site-sidebar-layout":"default","site-content-layout":"","ast-site-content-layout":"default","site-content-style":"default","site-sidebar-style":"default","ast-global-header-display":"","ast-banner-title-visibility":"","ast-main-header-display":"","ast-hfb-above-header-display":"","ast-hfb-below-header-display":"","ast-hfb-mobile-header-display":"","site-post-title":"","ast-breadcrumbs-content":"","ast-featured-img":"","footer-sml-layout":"","ast-disable-related-posts":"","theme-transparent-header-meta":"","adv-header-id-meta":"","stick-header-meta":"","header-above-stick-meta":"","header-main-stick-meta":"","header-below-stick-meta":"","astra-migrate-meta-layouts":"default","ast-page-background-enabled":"default","ast-page-background-meta":{"desktop":{"background-color":"var(--ast-global-color-4)","background-image":"","background-repeat":"repeat","background-position":"center center","background-size":"auto","background-attachment":"scroll","background-type":"","background-media":"","overlay-type":"","overlay-color":"","overlay-opacity":"","overlay-gradient":""},"tablet":{"background-color":"","background-image":"","background-repeat":"repeat","background-position":"center center","background-size":"auto","background-attachment":"scroll","background-type":"","background-media":"","overlay-type":"","overlay-color":"","overlay-opacity":"","overlay-gradient":""},"mobile":{"background-color":"","background-image":"","background-repeat":"repeat","background-position":"center center","background-size":"auto","background-attachment":"scroll","background-type":"","background-media":"","overlay-type":"","overlay-color":"","overlay-opacity":"","overlay-gradient":""}},"ast-content-background-meta":{"desktop":{"background-color":"var(--ast-global-color-5)","background-image":"","background-repeat":"repeat","background-position":"center center","background-size":"auto","background-attachment":"scroll","background-type":"","background-media":"","overlay-type":"","overlay-color":"","overlay-opacity":"","overlay-gradient":""},"tablet":{"background-color":"var(--ast-global-color-5)","background-image":"","background-repeat":"repeat","background-position":"center center","background-size":"auto","background-attachment":"scroll","background-type":"","background-media":"","overlay-type":"","overlay-color":"","overlay-opacity":"","overlay-gradient":""},"mobile":{"background-color":"var(--ast-global-color-5)","background-image":"","background-repeat":"repeat","background-position":"center center","background-size":"auto","background-attachment":"scroll","background-type":"","background-media":"","overlay-type":"","overlay-color":"","overlay-opacity":"","overlay-gradient":""}},"footnotes":""},"class_list":["post-145","page","type-page","status-publish","hentry"],"_links":{"self":[{"href":"https:\/\/medienwissenschaft.uni-bayreuth.de\/inik\/wp-json\/wp\/v2\/pages\/145","targetHints":{"allow":["GET"]}}],"collection":[{"href":"https:\/\/medienwissenschaft.uni-bayreuth.de\/inik\/wp-json\/wp\/v2\/pages"}],"about":[{"href":"https:\/\/medienwissenschaft.uni-bayreuth.de\/inik\/wp-json\/wp\/v2\/types\/page"}],"author":[{"embeddable":true,"href":"https:\/\/medienwissenschaft.uni-bayreuth.de\/inik\/wp-json\/wp\/v2\/users\/1"}],"replies":[{"embeddable":true,"href":"https:\/\/medienwissenschaft.uni-bayreuth.de\/inik\/wp-json\/wp\/v2\/comments?post=145"}],"version-history":[{"count":3,"href":"https:\/\/medienwissenschaft.uni-bayreuth.de\/inik\/wp-json\/wp\/v2\/pages\/145\/revisions"}],"predecessor-version":[{"id":148,"href":"https:\/\/medienwissenschaft.uni-bayreuth.de\/inik\/wp-json\/wp\/v2\/pages\/145\/revisions\/148"}],"up":[{"embeddable":true,"href":"https:\/\/medienwissenschaft.uni-bayreuth.de\/inik\/wp-json\/wp\/v2\/pages\/134"}],"wp:attachment":[{"href":"https:\/\/medienwissenschaft.uni-bayreuth.de\/inik\/wp-json\/wp\/v2\/media?parent=145"}],"curies":[{"name":"wp","href":"https:\/\/api.w.org\/{rel}","templated":true}]}}