{"id":131,"date":"2017-10-17T15:47:53","date_gmt":"2017-10-17T13:47:53","guid":{"rendered":"https:\/\/medienwissenschaft.uni-bayreuth.de\/inik\/?page_id=131"},"modified":"2017-10-17T15:47:53","modified_gmt":"2017-10-17T13:47:53","slug":"cybermobbing","status":"publish","type":"page","link":"https:\/\/medienwissenschaft.uni-bayreuth.de\/inik\/entwuerfe\/cybermobbing\/","title":{"rendered":"Cybermobbing"},"content":{"rendered":"<p>In dieser Reihe werden drei kontextorientierte Unterrichtsentw\u00fcrfe vorgestellt, die zur Behandlung des Themas Cybermobbing im Informatikunterricht genutzt werden k\u00f6nnen. Es wird in jedem Entwurf auf die Kompetenzen sowie m\u00f6gliche Vernetzungen mit anderen F\u00e4chern eingegangen.<\/p>\n<p><strong>1. Beispiel \u201eAnonymes Cybermobbing\u201c<\/strong><\/p>\n<p><strong>2. Das Bildbearbeitungsbeispiel<\/strong><\/p>\n<p><strong>3. Das Planspiel Web 2.0<\/strong><\/p>\n<p>Der Entwurf steht als <a href=\"\/inik\/assets\/Entwuerfe-Material\/Cyber-Mobbing.pdf\">PDF-Datei<\/a> zum Download zur Verf\u00fcgung.<\/p>\n","protected":false},"excerpt":{"rendered":"<p>In dieser Reihe werden drei kontextorientierte Unterrichtsentw\u00fcrfe vorgestellt, die zur Behandlung des Themas Cybermobbing im Informatikunterricht genutzt werden k\u00f6nnen. Es wird in jedem Entwurf auf die Kompetenzen sowie m\u00f6gliche Vernetzungen mit anderen F\u00e4chern eingegangen. 1. Beispiel \u201eAnonymes Cybermobbing\u201c 2. Das Bildbearbeitungsbeispiel 3. Das Planspiel Web 2.0 Der Entwurf steht als PDF-Datei zum Download zur Verf\u00fcgung.<\/p>\n","protected":false},"author":1,"featured_media":0,"parent":24,"menu_order":0,"comment_status":"closed","ping_status":"closed","template":"","meta":{"site-sidebar-layout":"default","site-content-layout":"","ast-site-content-layout":"default","site-content-style":"default","site-sidebar-style":"default","ast-global-header-display":"","ast-banner-title-visibility":"","ast-main-header-display":"","ast-hfb-above-header-display":"","ast-hfb-below-header-display":"","ast-hfb-mobile-header-display":"","site-post-title":"","ast-breadcrumbs-content":"","ast-featured-img":"","footer-sml-layout":"","ast-disable-related-posts":"","theme-transparent-header-meta":"","adv-header-id-meta":"","stick-header-meta":"","header-above-stick-meta":"","header-main-stick-meta":"","header-below-stick-meta":"","astra-migrate-meta-layouts":"default","ast-page-background-enabled":"default","ast-page-background-meta":{"desktop":{"background-color":"var(--ast-global-color-4)","background-image":"","background-repeat":"repeat","background-position":"center center","background-size":"auto","background-attachment":"scroll","background-type":"","background-media":"","overlay-type":"","overlay-color":"","overlay-opacity":"","overlay-gradient":""},"tablet":{"background-color":"","background-image":"","background-repeat":"repeat","background-position":"center center","background-size":"auto","background-attachment":"scroll","background-type":"","background-media":"","overlay-type":"","overlay-color":"","overlay-opacity":"","overlay-gradient":""},"mobile":{"background-color":"","background-image":"","background-repeat":"repeat","background-position":"center center","background-size":"auto","background-attachment":"scroll","background-type":"","background-media":"","overlay-type":"","overlay-color":"","overlay-opacity":"","overlay-gradient":""}},"ast-content-background-meta":{"desktop":{"background-color":"var(--ast-global-color-5)","background-image":"","background-repeat":"repeat","background-position":"center center","background-size":"auto","background-attachment":"scroll","background-type":"","background-media":"","overlay-type":"","overlay-color":"","overlay-opacity":"","overlay-gradient":""},"tablet":{"background-color":"var(--ast-global-color-5)","background-image":"","background-repeat":"repeat","background-position":"center center","background-size":"auto","background-attachment":"scroll","background-type":"","background-media":"","overlay-type":"","overlay-color":"","overlay-opacity":"","overlay-gradient":""},"mobile":{"background-color":"var(--ast-global-color-5)","background-image":"","background-repeat":"repeat","background-position":"center center","background-size":"auto","background-attachment":"scroll","background-type":"","background-media":"","overlay-type":"","overlay-color":"","overlay-opacity":"","overlay-gradient":""}},"footnotes":""},"class_list":["post-131","page","type-page","status-publish","hentry"],"_links":{"self":[{"href":"https:\/\/medienwissenschaft.uni-bayreuth.de\/inik\/wp-json\/wp\/v2\/pages\/131","targetHints":{"allow":["GET"]}}],"collection":[{"href":"https:\/\/medienwissenschaft.uni-bayreuth.de\/inik\/wp-json\/wp\/v2\/pages"}],"about":[{"href":"https:\/\/medienwissenschaft.uni-bayreuth.de\/inik\/wp-json\/wp\/v2\/types\/page"}],"author":[{"embeddable":true,"href":"https:\/\/medienwissenschaft.uni-bayreuth.de\/inik\/wp-json\/wp\/v2\/users\/1"}],"replies":[{"embeddable":true,"href":"https:\/\/medienwissenschaft.uni-bayreuth.de\/inik\/wp-json\/wp\/v2\/comments?post=131"}],"version-history":[{"count":1,"href":"https:\/\/medienwissenschaft.uni-bayreuth.de\/inik\/wp-json\/wp\/v2\/pages\/131\/revisions"}],"predecessor-version":[{"id":132,"href":"https:\/\/medienwissenschaft.uni-bayreuth.de\/inik\/wp-json\/wp\/v2\/pages\/131\/revisions\/132"}],"up":[{"embeddable":true,"href":"https:\/\/medienwissenschaft.uni-bayreuth.de\/inik\/wp-json\/wp\/v2\/pages\/24"}],"wp:attachment":[{"href":"https:\/\/medienwissenschaft.uni-bayreuth.de\/inik\/wp-json\/wp\/v2\/media?parent=131"}],"curies":[{"name":"wp","href":"https:\/\/api.w.org\/{rel}","templated":true}]}}