{"id":118,"date":"2017-10-17T15:43:46","date_gmt":"2017-10-17T13:43:46","guid":{"rendered":"https:\/\/medienwissenschaft.uni-bayreuth.de\/inik\/?page_id=118"},"modified":"2018-03-07T19:39:34","modified_gmt":"2018-03-07T18:39:34","slug":"lernabschnitt-4-vernetzungs-und-vertiefungsphase-2-eigene-rollen-entwerfen","status":"publish","type":"page","link":"https:\/\/medienwissenschaft.uni-bayreuth.de\/inik\/entwuerfe\/planspiel-datenschutz-2-0\/lernabschnitt-4-vernetzungs-und-vertiefungsphase-2-eigene-rollen-entwerfen\/","title":{"rendered":"Lernabschnitt 4: Vernetzungs- und Vertiefungsphase (2) Eigene Rollen entwerfen"},"content":{"rendered":"<h2>Lernabschnitt 4: <strong>Vernetzungs- und Vertiefungsphase (2)<br \/>\nEigene Rollen entwerfen (1-2 U-Stunden)<\/strong><\/h2>\n<p>Das Planspiel ist technisch so konzipiert, dass leicht neue Rollen in das Spiel integriert werden k\u00f6nnen. Folgende Vorgehensweise bietet sich dabei an:<\/p>\n<ol>\n<li>Das <a href=\"http:\/\/www.opman.de\/planspiel\/material_aktuell\/VORLAGE_mit_Beispiel_Rollenkonstruktion.doc\">Beispiel<\/a> f\u00fcr die Entwicklung einer Rolle mit den Sch\u00fclern besprechen.<\/li>\n<li>Ausgehend von sinnvollen Auswertungsf\u00e4llen die Rollenbeschreibungen konstruieren.<\/li>\n<\/ol>\n<h2>Lernerfolgskontrolle \/ Produkt (nach I. Diethelm)<\/h2>\n<p>M\u00f6gliche Auftr\u00e4ge an Sch\u00fcler zur Bearbeitung in Gruppen: Recherchiert aktuelle F\u00e4lle zum Datenschutz, z.B.<\/p>\n<p>Lidl,<\/p>\n<p>Telekom (z.B. <a href=\"http:\/\/www.tagesschau.de\/inland\/arbeitnehmerdaten100.html%29,\">http:\/\/www.tagesschau.de\/inland\/arbeitnehmerdaten100.html),<\/a><\/p>\n<p>Bahn (<a href=\"http:\/\/www.tagesschau.de\/multimedia\/audio\/audio34106.html\">http:\/\/www.tagesschau.de\/multimedia\/audio\/audio34106.html<\/a>),<\/p>\n<p>Fu\u00dfball-WM,<\/p>\n<p>Sch\u00fclerdatei (auch auf <a href=\"http:\/\/www.tagesschau.de\/\">tagesschau.de<\/a>, in der zdf Mediathek und auf <a href=\"http:\/\/www.heise.de\/\">heise online<\/a> zu finden),<\/p>\n<p>&#8230;<\/p>\n<p>und stellt diese den Mitsch\u00fclern vor und erstellt hierzu eine Webseite mit Links zu den Originalquellen, die verwandt wurden. Die Webseite sollte folgende Fragen beantworten:<\/p>\n<p>Welche Daten werden jeweils erhoben, unter welchen Umst\u00e4nden w\u00e4re der Fall jeweils rechtens?<\/p>\n<p>Was waren die Gr\u00fcnde f\u00fcr die Datenerhebung?<\/p>\n<p>Weiteres m\u00f6gliches Thema f\u00fcr eine Gruppe oder die ganze Klasse: Fluggastdaten (<a href=\"http:\/\/www.tagesschau.de\/ausland\/fluggastdaten2.html\">http:\/\/www.tagesschau.de\/ausland\/fluggastdaten2.html<\/a> und in <a href=\"http:\/\/www.zdf.de\/ZDFmediathek\">http:\/\/www.zdf.de\/ZDFmediathek<\/a> suchen nach Fluggastdaten ergibt eine heute-Sendung vom 6. November 2007, 1. Meldung.<\/p>\n<p>M\u00f6gliche Fragen zum Sendung: Wieso ist die Kreditkarte f\u00fcr die Terrorbek\u00e4mpfung so interessant? Zur Beantwortung eignet sich je nach Altersstufe das Editorial \u201e<a href=\"http:\/\/www.heise.de\/ct\/editorial\/05\/01\/\">Eignungspr\u00fcfung<\/a>\u201c.<\/p>\n<p><a id=\"Transfernbsp\" name=\"Transfernbsp\"><\/a><\/p>\n<h2>Transfer<\/h2>\n<p>Entwurf eines weiteren Szenarios oder eine Gerichtverhandlung spielen<\/p>\n<p>(Gut f\u00fcr Parallelklassen, wenn das Szenario der einen Klasse ein Fallbeispiel der anderen Klasse ist)<\/p>\n<h3>Material f\u00fcr dieses Modul:<\/h3>\n<ul>\n<li><a href=\"http:\/\/www.opman.de\/planspiel\/material_aktuell\/VORLAGE_mit_Beispiel_Rollenkonstruktion.doc\">Vorlage<\/a> und Beispiel f\u00fcr eine Rollenentwicklung<\/li>\n<\/ul>\n","protected":false},"excerpt":{"rendered":"<p>Lernabschnitt 4: Vernetzungs- und Vertiefungsphase (2) Eigene Rollen entwerfen (1-2 U-Stunden) Das Planspiel ist technisch so konzipiert, dass leicht neue Rollen in das Spiel integriert werden k\u00f6nnen. Folgende Vorgehensweise bietet sich dabei an: Das Beispiel f\u00fcr die Entwicklung einer Rolle mit den Sch\u00fclern besprechen. Ausgehend von sinnvollen Auswertungsf\u00e4llen die Rollenbeschreibungen konstruieren. Lernerfolgskontrolle \/ Produkt (nach [&hellip;]<\/p>\n","protected":false},"author":1,"featured_media":0,"parent":107,"menu_order":0,"comment_status":"closed","ping_status":"closed","template":"","meta":{"site-sidebar-layout":"default","site-content-layout":"","ast-site-content-layout":"default","site-content-style":"default","site-sidebar-style":"default","ast-global-header-display":"","ast-banner-title-visibility":"","ast-main-header-display":"","ast-hfb-above-header-display":"","ast-hfb-below-header-display":"","ast-hfb-mobile-header-display":"","site-post-title":"","ast-breadcrumbs-content":"","ast-featured-img":"","footer-sml-layout":"","ast-disable-related-posts":"","theme-transparent-header-meta":"","adv-header-id-meta":"","stick-header-meta":"","header-above-stick-meta":"","header-main-stick-meta":"","header-below-stick-meta":"","astra-migrate-meta-layouts":"default","ast-page-background-enabled":"default","ast-page-background-meta":{"desktop":{"background-color":"var(--ast-global-color-4)","background-image":"","background-repeat":"repeat","background-position":"center center","background-size":"auto","background-attachment":"scroll","background-type":"","background-media":"","overlay-type":"","overlay-color":"","overlay-opacity":"","overlay-gradient":""},"tablet":{"background-color":"","background-image":"","background-repeat":"repeat","background-position":"center center","background-size":"auto","background-attachment":"scroll","background-type":"","background-media":"","overlay-type":"","overlay-color":"","overlay-opacity":"","overlay-gradient":""},"mobile":{"background-color":"","background-image":"","background-repeat":"repeat","background-position":"center center","background-size":"auto","background-attachment":"scroll","background-type":"","background-media":"","overlay-type":"","overlay-color":"","overlay-opacity":"","overlay-gradient":""}},"ast-content-background-meta":{"desktop":{"background-color":"var(--ast-global-color-5)","background-image":"","background-repeat":"repeat","background-position":"center center","background-size":"auto","background-attachment":"scroll","background-type":"","background-media":"","overlay-type":"","overlay-color":"","overlay-opacity":"","overlay-gradient":""},"tablet":{"background-color":"var(--ast-global-color-5)","background-image":"","background-repeat":"repeat","background-position":"center center","background-size":"auto","background-attachment":"scroll","background-type":"","background-media":"","overlay-type":"","overlay-color":"","overlay-opacity":"","overlay-gradient":""},"mobile":{"background-color":"var(--ast-global-color-5)","background-image":"","background-repeat":"repeat","background-position":"center center","background-size":"auto","background-attachment":"scroll","background-type":"","background-media":"","overlay-type":"","overlay-color":"","overlay-opacity":"","overlay-gradient":""}},"footnotes":""},"class_list":["post-118","page","type-page","status-publish","hentry"],"_links":{"self":[{"href":"https:\/\/medienwissenschaft.uni-bayreuth.de\/inik\/wp-json\/wp\/v2\/pages\/118","targetHints":{"allow":["GET"]}}],"collection":[{"href":"https:\/\/medienwissenschaft.uni-bayreuth.de\/inik\/wp-json\/wp\/v2\/pages"}],"about":[{"href":"https:\/\/medienwissenschaft.uni-bayreuth.de\/inik\/wp-json\/wp\/v2\/types\/page"}],"author":[{"embeddable":true,"href":"https:\/\/medienwissenschaft.uni-bayreuth.de\/inik\/wp-json\/wp\/v2\/users\/1"}],"replies":[{"embeddable":true,"href":"https:\/\/medienwissenschaft.uni-bayreuth.de\/inik\/wp-json\/wp\/v2\/comments?post=118"}],"version-history":[{"count":4,"href":"https:\/\/medienwissenschaft.uni-bayreuth.de\/inik\/wp-json\/wp\/v2\/pages\/118\/revisions"}],"predecessor-version":[{"id":294,"href":"https:\/\/medienwissenschaft.uni-bayreuth.de\/inik\/wp-json\/wp\/v2\/pages\/118\/revisions\/294"}],"up":[{"embeddable":true,"href":"https:\/\/medienwissenschaft.uni-bayreuth.de\/inik\/wp-json\/wp\/v2\/pages\/107"}],"wp:attachment":[{"href":"https:\/\/medienwissenschaft.uni-bayreuth.de\/inik\/wp-json\/wp\/v2\/media?parent=118"}],"curies":[{"name":"wp","href":"https:\/\/api.w.org\/{rel}","templated":true}]}}