{"id":114,"date":"2017-10-17T15:42:27","date_gmt":"2017-10-17T13:42:27","guid":{"rendered":"https:\/\/medienwissenschaft.uni-bayreuth.de\/inik\/?page_id=114"},"modified":"2018-03-09T23:16:58","modified_gmt":"2018-03-09T22:16:58","slug":"lernabschnitt-2-planspiel-auswertungsphasen","status":"publish","type":"page","link":"https:\/\/medienwissenschaft.uni-bayreuth.de\/inik\/entwuerfe\/planspiel-datenschutz-2-0\/lernabschnitt-2-planspiel-auswertungsphasen\/","title":{"rendered":"Lernabschnitt 2: Planspiel &#8211; Auswertungsphasen"},"content":{"rendered":"<h2>Lernabschnitt 2:<br \/>\n<strong>Erarbeitungsphase (2)<br \/>\nPlanspiel &#8211; Auswertungsphasen (1-2 Unterrichtsstunden)<\/strong><\/h2>\n<figure id=\"attachment_291\" aria-describedby=\"caption-attachment-291\" style=\"width: 637px\" class=\"wp-caption alignnone\"><img loading=\"lazy\" decoding=\"async\" class=\"wp-image-291\" src=\"https:\/\/medienwissenschaft.uni-bayreuth.de\/inik\/wp-content\/uploads\/sites\/7\/2018\/03\/Auswertungsphasen-215x300.png\" alt=\"Grafische Darstellung der Auswertungsphasen des Planspiel Datenschutz\" width=\"637\" height=\"889\" srcset=\"https:\/\/medienwissenschaft.uni-bayreuth.de\/inik\/wp-content\/uploads\/sites\/7\/2018\/03\/Auswertungsphasen-215x300.png 215w, https:\/\/medienwissenschaft.uni-bayreuth.de\/inik\/wp-content\/uploads\/sites\/7\/2018\/03\/Auswertungsphasen-733x1024.png 733w, https:\/\/medienwissenschaft.uni-bayreuth.de\/inik\/wp-content\/uploads\/sites\/7\/2018\/03\/Auswertungsphasen.png 1033w\" sizes=\"auto, (max-width: 637px) 100vw, 637px\" \/><figcaption id=\"caption-attachment-291\" class=\"wp-caption-text\">Grafische Darstellung der Auswertungsphasen des Planspiel Datenschutz<\/figcaption><\/figure>\n<p>Die Auswertungsphase des Planspiels ist charakterisiert durch folgende Vorgehensweise:<\/p>\n<ol>\n<li><strong>Vorbemerkungen<\/strong>:<br \/>\nDie Spieler sollten nicht ihren eigenen Fall auswerten!<br \/>\nAlle A-Spieler k\u00f6nnen somit an den F\u00e4llen B-E arbeiten.<br \/>\nDie Auswertungsgruppen sollten jeweils zwei F\u00e4lle zum Auswerten haben. Idealerweise gibt es dann 6 Sch\u00fclerinnen und Sch\u00fcler pro Auswertungsgruppe.<\/li>\n<li><em>Das Planspiel Datenschutz 2.0 besteht aus 2 Auswertungsphasen.<\/em><\/li>\n<li>In der<strong> 1. Auswertungsphase<\/strong> bekommt jede Ermittlergruppe einen &#8222;Auftrag&#8220; (<a href=\"http:\/\/opman.de\/planspiel\/material_aktuell\/20_FaelleA-D-KOMPLETT.pdf\" target=\"_blank\" rel=\"noopener\">Auswertungsf\u00e4lle A-D<\/a>) zu einem der F\u00e4lle. Bei der Ausgabe der Rollenbeschreibungen ist darauf zu achten, dass Spieler nicht sich selbst auswerten. In der aktuellen Version des Planspiels sind folgende Zuordnungen der Rollen vorzunehmen:<br \/>\nA-Rollenspieler der Spielphase (A1-Petra, A2-Paul, A3-Franka) werden mit der Auswertung des Falles B beauftragt.<br \/>\nB-Rollenspieler der Spielphase (B1-Johannes, B2- Jan, B3-Arno) \u00fcbernehmen die Auswertung des Falles A.<br \/>\nC-Rollenspieler der Spielphase (C1-Tilo, C2-Lukas, C3-Leon) werden mit der Auswertung des Falles D beauftragt.<br \/>\nD-Rollenspieler der Spielphase (D1-Marta, D2-Alex, D3-Frida)<br \/>\n\u00fcbernehmen die Auswertung des Falles C.<br \/>\nDie F\u00e4lle E und F sind z. Z. noch nicht vollst\u00e4ndig ausgearbeitet und k\u00f6nnen zuk\u00fcnftig analog behandelt werden. Das gilt auch f\u00fcr neue selbst konstruierte F\u00e4lle.<\/li>\n<li>Es existieren momentan drei verschiedene Sichten auf die Daten in der<br \/>\nAuswertungsphase:<br \/>\nMaster,<br \/>\nStaatsanwaltschaft (Gruppe BLAU) und<br \/>\nDetektei (Gruppe GELB) .<br \/>\nDer &#8222;Master&#8220; sieht alle Informationen und sollte deshalb durch ein besonderes Kennwort gesch\u00fctzt sein. Die Master-Rolle ist in der Regel dem Spielleiter (Lehrer) vorbehalten. Staatsanwaltschaft und Detektei sehen die Daten der einzelnen Stationen anhand einer Auswertungsmatrix.<br \/>\nIn der 1. Auswertungsphase werden die Bezeichnungen BLAU und GELB gew\u00e4hlt, um zun\u00e4chst offen zu lassen, welche &#8222;Rechte&#8220; die Ermittler haben. Die &#8222;Rechte&#8220; der Ermittler k\u00f6nnen f\u00fcr jeden Provider im Provider-Bearbeiten-Bereich individuell gesetzt werden!<\/li>\n<li><em>Nach Beendigung der 1. Auswertungsphase haben die jeweiligen Ermittlergruppen eine schriftlich begr\u00fcndete Vermutung f\u00fcr die L\u00f6sung ihres Falles aufgestellt. <\/em><\/li>\n<li>Nun treffen sich in der <strong>2. Auswertungsphase<\/strong> die Teilnehmer der Ermittlergruppen A und B (<a href=\"http:\/\/opman.de\/planspiel\/material_aktuell\/30_Auswertung_AB_KOMPLETT.pdf\" target=\"_blank\" rel=\"noopener\">Arbeitsauftr\u00e4ge f\u00fcr die Ermittler der F\u00e4lle A und B<\/a>) sowie die Teilnehmer der Ermittlergruppen C und D (<a href=\"http:\/\/opman.de\/planspiel\/material_aktuell\/30_Auswertung_CD_KOMPLETT.pdf\" target=\"_blank\" rel=\"noopener\">Arbeitsauftr\u00e4ge f\u00fcr die Ermittler der F\u00e4lle C und D<\/a>) zur gemeinsamen Aufl\u00f6sung und Analyse ihrer F\u00e4lle. Die Gruppen haben den Arbeitsauftrag, eine Pr\u00e4sentation zu ihren beiden F\u00e4llen zu erstellen. Produkt kann z.B. ein Plakat, eine Fotostory, ein Comic oder eine Computerpr\u00e4sentation sein. Die Pr\u00e4sentation soll die \u00fcbergeordneten Datenschutzaspekte der jeweiligen F\u00e4lle beinhalten. Zu diesem Zweck wird der Arbeitsauftrag um entsprechende Hinweise \/ Fragestellungen erweitert.<br \/>\nIn einer fr\u00fcheren Version des Planspiels gab es die 2. Auswertungsphase noch nicht. Die Auswertung aller F\u00e4lle erfolgte im Plenum. Die Unterrichtspraxis hat gezeigt, dass die Sch\u00fclerinnen und Sch\u00fcler sich dabei nur f\u00fcr ihre eigenen Rollen als Spieler oder Ermittler interessieren. Au\u00dferdem dauert die Auswertung von vier oder f\u00fcnf F\u00e4llen im Plenum zu lange. Jetzt besch\u00e4ftigen sich die Teilnehmer in Kleingruppen (im Idealfall 6 Personen) mit &#8222;ihren&#8220; Rollen. Durch die Hinweise \/Fragestellungen aus dem Arbeitsauftrag wird das Ergebnis auf die datenschutzrechtlichen Aspekte der F\u00e4lle fokusiert.<br \/>\nWir erhoffen uns, dass die dabei entstehende Pr\u00e4sentation auch f\u00fcr die Sch\u00fcler interessant und lehrreich ist, die nicht in der Spiel- und Auswertungsphase in die F\u00e4lle involviert waren.<\/li>\n<\/ol>\n<h3>Material f\u00fcr dieses Modul:<\/h3>\n<ul>\n<li>\u00a0<a href=\"http:\/\/opman.de\/planspiel\/material_aktuell\/20_Hinweis_Auswertungsphasen.pdf\" target=\"_blank\" rel=\"noopener\">Allgemeine Hinweise<\/a> zu den Auswertungsphasen des Planspiels<\/li>\n<li>\u00a0<a href=\"http:\/\/opman.de\/planspiel\/material_aktuell\/20_FaelleA-D-KOMPLETT.pdf\" target=\"_blank\" rel=\"noopener\">Auswertungsf\u00e4lle A-D<\/a> der 1. Auswertungsphase des Planspiels<\/li>\n<li><a href=\"http:\/\/opman.de\/planspiel\/material_aktuell\/30_Auswertung_AB_KOMPLETT.pdf\" target=\"_blank\" rel=\"noopener\">Arbeitsauftr\u00e4ge f\u00fcr die Ermittler der F\u00e4lle A und B<\/a> f\u00fcr die 2. Auswertungsphase<\/li>\n<li><a href=\"http:\/\/opman.de\/planspiel\/material_aktuell\/30_Auswertung_CD_KOMPLETT.pdf\" target=\"_blank\" rel=\"noopener\">Arbeitsauftr\u00e4ge f\u00fcr die Ermittler der F\u00e4lle C und D<\/a> f\u00fcr die 2. Auswertungsphase<\/li>\n<li><a href=\"http:\/\/opman.de\/planspiel\/material_aktuell\/05_Auswertungsphase%20RollenrechteGELB-BLAU.pdf\" target=\"_new\">\u00dcberblick<\/a> \u00fcber die Rollenrechte der Gruppen GELB und BLAU (seit neuestem f\u00fcr jeden Provider individuell festlegbar!)<\/li>\n<li><a href=\"http:\/\/www.opman.de\/planspiel\/material_aktuell\/01_rollen-final-Feb2012.odt\">Alle Rollen, Auswertungsf\u00e4lle und Kommentare<\/a> (zum Bearbeiten im LibreOffice-Writer .odt-Format)<\/li>\n<\/ul>\n","protected":false},"excerpt":{"rendered":"<p>Lernabschnitt 2: Erarbeitungsphase (2) Planspiel &#8211; Auswertungsphasen (1-2 Unterrichtsstunden) Die Auswertungsphase des Planspiels ist charakterisiert durch folgende Vorgehensweise: Vorbemerkungen: Die Spieler sollten nicht ihren eigenen Fall auswerten! Alle A-Spieler k\u00f6nnen somit an den F\u00e4llen B-E arbeiten. Die Auswertungsgruppen sollten jeweils zwei F\u00e4lle zum Auswerten haben. Idealerweise gibt es dann 6 Sch\u00fclerinnen und Sch\u00fcler pro Auswertungsgruppe. [&hellip;]<\/p>\n","protected":false},"author":1,"featured_media":0,"parent":107,"menu_order":0,"comment_status":"closed","ping_status":"closed","template":"","meta":{"site-sidebar-layout":"default","site-content-layout":"","ast-site-content-layout":"default","site-content-style":"default","site-sidebar-style":"default","ast-global-header-display":"","ast-banner-title-visibility":"","ast-main-header-display":"","ast-hfb-above-header-display":"","ast-hfb-below-header-display":"","ast-hfb-mobile-header-display":"","site-post-title":"","ast-breadcrumbs-content":"","ast-featured-img":"","footer-sml-layout":"","ast-disable-related-posts":"","theme-transparent-header-meta":"","adv-header-id-meta":"","stick-header-meta":"","header-above-stick-meta":"","header-main-stick-meta":"","header-below-stick-meta":"","astra-migrate-meta-layouts":"default","ast-page-background-enabled":"default","ast-page-background-meta":{"desktop":{"background-color":"var(--ast-global-color-4)","background-image":"","background-repeat":"repeat","background-position":"center center","background-size":"auto","background-attachment":"scroll","background-type":"","background-media":"","overlay-type":"","overlay-color":"","overlay-opacity":"","overlay-gradient":""},"tablet":{"background-color":"","background-image":"","background-repeat":"repeat","background-position":"center center","background-size":"auto","background-attachment":"scroll","background-type":"","background-media":"","overlay-type":"","overlay-color":"","overlay-opacity":"","overlay-gradient":""},"mobile":{"background-color":"","background-image":"","background-repeat":"repeat","background-position":"center center","background-size":"auto","background-attachment":"scroll","background-type":"","background-media":"","overlay-type":"","overlay-color":"","overlay-opacity":"","overlay-gradient":""}},"ast-content-background-meta":{"desktop":{"background-color":"var(--ast-global-color-5)","background-image":"","background-repeat":"repeat","background-position":"center center","background-size":"auto","background-attachment":"scroll","background-type":"","background-media":"","overlay-type":"","overlay-color":"","overlay-opacity":"","overlay-gradient":""},"tablet":{"background-color":"var(--ast-global-color-5)","background-image":"","background-repeat":"repeat","background-position":"center center","background-size":"auto","background-attachment":"scroll","background-type":"","background-media":"","overlay-type":"","overlay-color":"","overlay-opacity":"","overlay-gradient":""},"mobile":{"background-color":"var(--ast-global-color-5)","background-image":"","background-repeat":"repeat","background-position":"center center","background-size":"auto","background-attachment":"scroll","background-type":"","background-media":"","overlay-type":"","overlay-color":"","overlay-opacity":"","overlay-gradient":""}},"footnotes":""},"class_list":["post-114","page","type-page","status-publish","hentry"],"_links":{"self":[{"href":"https:\/\/medienwissenschaft.uni-bayreuth.de\/inik\/wp-json\/wp\/v2\/pages\/114","targetHints":{"allow":["GET"]}}],"collection":[{"href":"https:\/\/medienwissenschaft.uni-bayreuth.de\/inik\/wp-json\/wp\/v2\/pages"}],"about":[{"href":"https:\/\/medienwissenschaft.uni-bayreuth.de\/inik\/wp-json\/wp\/v2\/types\/page"}],"author":[{"embeddable":true,"href":"https:\/\/medienwissenschaft.uni-bayreuth.de\/inik\/wp-json\/wp\/v2\/users\/1"}],"replies":[{"embeddable":true,"href":"https:\/\/medienwissenschaft.uni-bayreuth.de\/inik\/wp-json\/wp\/v2\/comments?post=114"}],"version-history":[{"count":6,"href":"https:\/\/medienwissenschaft.uni-bayreuth.de\/inik\/wp-json\/wp\/v2\/pages\/114\/revisions"}],"predecessor-version":[{"id":302,"href":"https:\/\/medienwissenschaft.uni-bayreuth.de\/inik\/wp-json\/wp\/v2\/pages\/114\/revisions\/302"}],"up":[{"embeddable":true,"href":"https:\/\/medienwissenschaft.uni-bayreuth.de\/inik\/wp-json\/wp\/v2\/pages\/107"}],"wp:attachment":[{"href":"https:\/\/medienwissenschaft.uni-bayreuth.de\/inik\/wp-json\/wp\/v2\/media?parent=114"}],"curies":[{"name":"wp","href":"https:\/\/api.w.org\/{rel}","templated":true}]}}