{"id":112,"date":"2017-10-17T15:34:52","date_gmt":"2017-10-17T13:34:52","guid":{"rendered":"https:\/\/medienwissenschaft.uni-bayreuth.de\/inik\/?page_id=112"},"modified":"2018-03-09T22:31:48","modified_gmt":"2018-03-09T21:31:48","slug":"lernabschnitt-2-erarbeitungsphase-1-planspiel-spielphase","status":"publish","type":"page","link":"https:\/\/medienwissenschaft.uni-bayreuth.de\/inik\/entwuerfe\/planspiel-datenschutz-2-0\/lernabschnitt-2-erarbeitungsphase-1-planspiel-spielphase\/","title":{"rendered":"Lernabschnitt 2: Erarbeitungsphase (1) Planspiel &#8211; Spielphase"},"content":{"rendered":"<h2>Lernabschnitt 2:<br \/>\n<strong>Erarbeitungsphase (1)<br \/>\nPlanspiel &#8211; Spielphase (1 U-Stunde)<\/strong><\/h2>\n<figure id=\"attachment_275\" aria-describedby=\"caption-attachment-275\" style=\"width: 490px\" class=\"wp-caption alignnone\"><img loading=\"lazy\" decoding=\"async\" class=\"wp-image-275 \" src=\"https:\/\/medienwissenschaft.uni-bayreuth.de\/inik\/wp-content\/uploads\/sites\/7\/2018\/02\/Planspiel-Spielszenario1024-284x300.png\" alt=\"Spielprinzip Planspiel Datenschutz\" width=\"490\" height=\"518\" srcset=\"https:\/\/medienwissenschaft.uni-bayreuth.de\/inik\/wp-content\/uploads\/sites\/7\/2018\/02\/Planspiel-Spielszenario1024-284x300.png 284w, https:\/\/medienwissenschaft.uni-bayreuth.de\/inik\/wp-content\/uploads\/sites\/7\/2018\/02\/Planspiel-Spielszenario1024-768x811.png 768w, https:\/\/medienwissenschaft.uni-bayreuth.de\/inik\/wp-content\/uploads\/sites\/7\/2018\/02\/Planspiel-Spielszenario1024-970x1024.png 970w, https:\/\/medienwissenschaft.uni-bayreuth.de\/inik\/wp-content\/uploads\/sites\/7\/2018\/02\/Planspiel-Spielszenario1024.png 1024w\" sizes=\"auto, (max-width: 490px) 100vw, 490px\" \/><figcaption id=\"caption-attachment-275\" class=\"wp-caption-text\">Spielprinzip Planspiel Datenschutz<\/figcaption><\/figure>\n<p>Die Spielphase des Planspiels ist charakterisiert durch folgende Vorgehensweise (zum besseren Verst\u00e4ndnis ist es sinnvoll, diese Phase probeweise parallel an einem eigenen Provider <a href=\"http:\/\/www.opman.de\/planspiel\" target=\"_new\">auszuprobieren<\/a>):<\/p>\n<ol>\n<li>Ausgabe der <a href=\"http:\/\/www.opman.de\/planspiel\/material_aktuell\/10_rollenbeschreibungenA-E.pdf\">Rollenbeschreibungen A &#8211; E<\/a> (bis jetzt gibt es 5 F\u00e4lle, A-E, mit je drei Rollen = 15 verschiedene Rollenbeschreibungen). Darauf ist f\u00fcr die sp\u00e4tere Auswertung auch die Auswertungsgruppe vermerkt. Das momentane Bezeichnungssystem f\u00fcr den Rollennamen ist folgenderma\u00dfen:<br \/>\n&#8211; der Buchstabe steht f\u00fcr die Auswertungsgruppe bzw. den Fall,<br \/>\n&#8211; die Zahl f\u00fcr die laufende Rollennummer innerhalb dieses Falles,<br \/>\n&#8211; der Name ist der Spiel- bzw. Rollenname.<br \/>\nSo bedeutet F3-Frieda, dass diese Rolle in Fall &#8222;F&#8220; spielt, die dritte Rolle innerhalb dieses Falles ist und der zugeh\u00f6rige Spielername Frieda ist.<br \/>\nZur Verteilung der Rollen bei unterschiedlichen Spielerzahlen siehe diese <a href=\"http:\/\/www.opman.de\/planspiel\/material_aktuell\/rollenverteilung.pdf\">\u00dcbersicht<\/a>.<\/li>\n<li>Die Spieler melden sich mit ihrem richtigen Namen am Provider an. Dieser gibt jedem Spieler intern eine eigene ip-Adresse, so wie es bei einem &#8222;richtigen&#8220; Provider ebenfalls geschieht. Diese ip-Adresse ist f\u00fcr den Spieler w\u00e4hrend der Spielphase allerdings nicht sichtbar.<\/li>\n<li>Die Spieler laufen mit Hilfe ihrer Rollenbeschreibungen die einzelnen Stationen an.<\/li>\n<\/ol>\n<h3>Material f\u00fcr dieses Modul:<\/h3>\n<ul>\n<li>Die <a href=\"http:\/\/www.opman.de\/planspiel\" target=\"_new\">Startseite<\/a> des Planspiels.<\/li>\n<li><a href=\"http:\/\/www.opman.de\/planspiel\/material_aktuell\/Kurzanleitung%20V2%20Planspiel%20zum%20Ausdrucken.pdf\">Kurzanleitung<\/a> zum Ausdrucken (f\u00fcr Lehrer)<\/li>\n<li>Zus\u00e4tzlich zu den o.a. <a href=\"http:\/\/www.opman.de\/planspiel\/material_aktuell\/10_rollenbeschreibungenA-E.pdf\">Rollenbeschreibungen<\/a> gibt es die kompletten <a href=\"http:\/\/www.opman.de\/planspiel\/material_aktuell\/01_rollen-final-Feb2012.pdf\">Spiel- und Auswertungsrollen und Kommentare<\/a>\u00a0(PDF-Februar 2012) des Planspiels (auch im <a href=\"http:\/\/www.opman.de\/planspiel\/material_aktuell\/01_rollen-final-Feb2012.odt\">Open-Office-Format<\/a> &#8211; .odt)<\/li>\n<li><a href=\"http:\/\/www.opman.de\/planspiel\/material_aktuell\/rollenverteilung.pdf\" target=\"_new\">\u00dcberblick<\/a> \u00fcber die Rollenverteilung bei unterschiedlicher Spieleranzahl<\/li>\n<\/ul>\n","protected":false},"excerpt":{"rendered":"<p>Lernabschnitt 2: Erarbeitungsphase (1) Planspiel &#8211; Spielphase (1 U-Stunde) Die Spielphase des Planspiels ist charakterisiert durch folgende Vorgehensweise (zum besseren Verst\u00e4ndnis ist es sinnvoll, diese Phase probeweise parallel an einem eigenen Provider auszuprobieren): Ausgabe der Rollenbeschreibungen A &#8211; E (bis jetzt gibt es 5 F\u00e4lle, A-E, mit je drei Rollen = 15 verschiedene Rollenbeschreibungen). Darauf [&hellip;]<\/p>\n","protected":false},"author":1,"featured_media":0,"parent":107,"menu_order":0,"comment_status":"closed","ping_status":"closed","template":"","meta":{"site-sidebar-layout":"default","site-content-layout":"","ast-site-content-layout":"default","site-content-style":"default","site-sidebar-style":"default","ast-global-header-display":"","ast-banner-title-visibility":"","ast-main-header-display":"","ast-hfb-above-header-display":"","ast-hfb-below-header-display":"","ast-hfb-mobile-header-display":"","site-post-title":"","ast-breadcrumbs-content":"","ast-featured-img":"","footer-sml-layout":"","ast-disable-related-posts":"","theme-transparent-header-meta":"","adv-header-id-meta":"","stick-header-meta":"","header-above-stick-meta":"","header-main-stick-meta":"","header-below-stick-meta":"","astra-migrate-meta-layouts":"default","ast-page-background-enabled":"default","ast-page-background-meta":{"desktop":{"background-color":"var(--ast-global-color-4)","background-image":"","background-repeat":"repeat","background-position":"center center","background-size":"auto","background-attachment":"scroll","background-type":"","background-media":"","overlay-type":"","overlay-color":"","overlay-opacity":"","overlay-gradient":""},"tablet":{"background-color":"","background-image":"","background-repeat":"repeat","background-position":"center center","background-size":"auto","background-attachment":"scroll","background-type":"","background-media":"","overlay-type":"","overlay-color":"","overlay-opacity":"","overlay-gradient":""},"mobile":{"background-color":"","background-image":"","background-repeat":"repeat","background-position":"center center","background-size":"auto","background-attachment":"scroll","background-type":"","background-media":"","overlay-type":"","overlay-color":"","overlay-opacity":"","overlay-gradient":""}},"ast-content-background-meta":{"desktop":{"background-color":"var(--ast-global-color-5)","background-image":"","background-repeat":"repeat","background-position":"center center","background-size":"auto","background-attachment":"scroll","background-type":"","background-media":"","overlay-type":"","overlay-color":"","overlay-opacity":"","overlay-gradient":""},"tablet":{"background-color":"var(--ast-global-color-5)","background-image":"","background-repeat":"repeat","background-position":"center center","background-size":"auto","background-attachment":"scroll","background-type":"","background-media":"","overlay-type":"","overlay-color":"","overlay-opacity":"","overlay-gradient":""},"mobile":{"background-color":"var(--ast-global-color-5)","background-image":"","background-repeat":"repeat","background-position":"center center","background-size":"auto","background-attachment":"scroll","background-type":"","background-media":"","overlay-type":"","overlay-color":"","overlay-opacity":"","overlay-gradient":""}},"footnotes":""},"class_list":["post-112","page","type-page","status-publish","hentry"],"_links":{"self":[{"href":"https:\/\/medienwissenschaft.uni-bayreuth.de\/inik\/wp-json\/wp\/v2\/pages\/112","targetHints":{"allow":["GET"]}}],"collection":[{"href":"https:\/\/medienwissenschaft.uni-bayreuth.de\/inik\/wp-json\/wp\/v2\/pages"}],"about":[{"href":"https:\/\/medienwissenschaft.uni-bayreuth.de\/inik\/wp-json\/wp\/v2\/types\/page"}],"author":[{"embeddable":true,"href":"https:\/\/medienwissenschaft.uni-bayreuth.de\/inik\/wp-json\/wp\/v2\/users\/1"}],"replies":[{"embeddable":true,"href":"https:\/\/medienwissenschaft.uni-bayreuth.de\/inik\/wp-json\/wp\/v2\/comments?post=112"}],"version-history":[{"count":10,"href":"https:\/\/medienwissenschaft.uni-bayreuth.de\/inik\/wp-json\/wp\/v2\/pages\/112\/revisions"}],"predecessor-version":[{"id":300,"href":"https:\/\/medienwissenschaft.uni-bayreuth.de\/inik\/wp-json\/wp\/v2\/pages\/112\/revisions\/300"}],"up":[{"embeddable":true,"href":"https:\/\/medienwissenschaft.uni-bayreuth.de\/inik\/wp-json\/wp\/v2\/pages\/107"}],"wp:attachment":[{"href":"https:\/\/medienwissenschaft.uni-bayreuth.de\/inik\/wp-json\/wp\/v2\/media?parent=112"}],"curies":[{"name":"wp","href":"https:\/\/api.w.org\/{rel}","templated":true}]}}