{"id":4684,"date":"2024-05-24T14:45:07","date_gmt":"2024-05-24T12:45:07","guid":{"rendered":"https:\/\/medienwissenschaft.uni-bayreuth.de\/gil\/?page_id=4684"},"modified":"2024-05-24T15:03:45","modified_gmt":"2024-05-24T13:03:45","slug":"gwap","status":"publish","type":"page","link":"https:\/\/medienwissenschaft.uni-bayreuth.de\/gil\/lehre\/gwap\/","title":{"rendered":"Games with a Purpose"},"content":{"rendered":"\t\t<div data-elementor-type=\"wp-page\" data-elementor-id=\"4684\" class=\"elementor elementor-4684\">\n\t\t\t\t\t\t<section class=\"elementor-section elementor-top-section elementor-element elementor-element-16e54cd elementor-section-full_width elementor-section-height-default elementor-section-height-default\" data-id=\"16e54cd\" data-element_type=\"section\" data-e-type=\"section\">\n\t\t\t\t\t\t<div class=\"elementor-container elementor-column-gap-default\">\n\t\t\t\t\t<div class=\"elementor-column elementor-col-100 elementor-top-column elementor-element elementor-element-7d77aa2 elementor-hidden-tablet elementor-hidden-mobile\" data-id=\"7d77aa2\" data-element_type=\"column\" data-e-type=\"column\" data-settings=\"{&quot;background_background&quot;:&quot;classic&quot;}\">\n\t\t\t<div class=\"elementor-widget-wrap elementor-element-populated\">\n\t\t\t\t\t\t<div class=\"elementor-element elementor-element-f6b09fc elementor-widget elementor-widget-spacer\" data-id=\"f6b09fc\" data-element_type=\"widget\" data-e-type=\"widget\" data-widget_type=\"spacer.default\">\n\t\t\t\t<div class=\"elementor-widget-container\">\n\t\t\t\t\t\t\t<div class=\"elementor-spacer\">\n\t\t\t<div class=\"elementor-spacer-inner\"><\/div>\n\t\t<\/div>\n\t\t\t\t\t\t<\/div>\n\t\t\t\t<\/div>\n\t\t\t\t\t<\/div>\n\t\t<\/div>\n\t\t\t\t\t<\/div>\n\t\t<\/section>\n\t\t\t\t<section class=\"elementor-section elementor-top-section elementor-element elementor-element-d35c13f elementor-section-boxed elementor-section-height-default elementor-section-height-default\" data-id=\"d35c13f\" data-element_type=\"section\" data-e-type=\"section\">\n\t\t\t\t\t\t<div class=\"elementor-container elementor-column-gap-default\">\n\t\t\t\t\t<div class=\"elementor-column elementor-col-100 elementor-top-column elementor-element elementor-element-149f50b\" data-id=\"149f50b\" data-element_type=\"column\" data-e-type=\"column\" data-settings=\"{&quot;background_background&quot;:&quot;classic&quot;}\">\n\t\t\t<div class=\"elementor-widget-wrap elementor-element-populated\">\n\t\t\t\t\t\t<div class=\"elementor-element elementor-element-3b676fc elementor-widget elementor-widget-heading\" data-id=\"3b676fc\" data-element_type=\"widget\" data-e-type=\"widget\" data-widget_type=\"heading.default\">\n\t\t\t\t<div class=\"elementor-widget-container\">\n\t\t\t\t\t<h2 class=\"elementor-heading-title elementor-size-default\">Games with a Purpose<\/h2>\t\t\t\t<\/div>\n\t\t\t\t<\/div>\n\t\t\t\t<div class=\"elementor-element elementor-element-1c2d887 elementor-widget elementor-widget-text-editor\" data-id=\"1c2d887\" data-element_type=\"widget\" data-e-type=\"widget\" data-widget_type=\"text-editor.default\">\n\t\t\t\t<div class=\"elementor-widget-container\">\n\t\t\t\t\t\t\t\t\t<h2>Abstract<\/h2><p>Im Rahmen des Kurses Games with a Purpose entwickeln Studierende des Masterstudiengang Computerspielwissenschaften innovative, spielerische und anwendungsbezogene L\u00f6sungen in Kooperation mit externen Stakeholder*innen. Der Kurs verbindet die beiden Lehrveranstaltungen &#8222;Game Design im Kontext&#8220; und &#8222;Spielprojekt&#8220;.<\/p><p>Game Design im Kontext besch\u00e4ftigt sich mit dem Untersuchen und Entwerfen von Spielen und spielerischen Ans\u00e4tzen f\u00fcr praktische Anwendungen in wirtschaftlichen, gesellschaftlichen und wissenschaftlichen Bereichen.<br \/>Das Spielprojekt setzt sich mit der iterativen und agilen Entwicklung sowie der Prototypisierung von Spielideen au\u00dferhalb der Unterhaltungsindustrie und im Zusammenspiel mit externen Stakeholder*innen und deren Anforderungen auseinander.<\/p>\t\t\t\t\t\t\t\t<\/div>\n\t\t\t\t<\/div>\n\t\t\t\t<section class=\"elementor-section elementor-inner-section elementor-element elementor-element-ab3e1cc elementor-section-boxed elementor-section-height-default elementor-section-height-default\" data-id=\"ab3e1cc\" data-element_type=\"section\" data-e-type=\"section\">\n\t\t\t\t\t\t<div class=\"elementor-container elementor-column-gap-default\">\n\t\t\t\t\t<div class=\"elementor-column elementor-col-33 elementor-inner-column elementor-element elementor-element-ce28f02\" data-id=\"ce28f02\" data-element_type=\"column\" data-e-type=\"column\">\n\t\t\t<div class=\"elementor-widget-wrap elementor-element-populated\">\n\t\t\t\t\t\t<div class=\"elementor-element elementor-element-22bbb28 elementor-align-justify elementor-widget__width-initial elementor-widget elementor-widget-button\" data-id=\"22bbb28\" data-element_type=\"widget\" data-e-type=\"widget\" data-widget_type=\"button.default\">\n\t\t\t\t<div class=\"elementor-widget-container\">\n\t\t\t\t\t\t\t\t\t<div class=\"elementor-button-wrapper\">\n\t\t\t\t\t<a class=\"elementor-button elementor-button-link elementor-size-xl elementor-animation-grow\" href=\"#zielsetzung\" target=\"_blank\">\n\t\t\t\t\t\t<span class=\"elementor-button-content-wrapper\">\n\t\t\t\t\t\t<span class=\"elementor-button-icon\">\n\t\t\t\t<i aria-hidden=\"true\" class=\"fas fa-crown\"><\/i>\t\t\t<\/span>\n\t\t\t\t\t\t\t\t\t<span class=\"elementor-button-text\">Zielsetzung<\/span>\n\t\t\t\t\t<\/span>\n\t\t\t\t\t<\/a>\n\t\t\t\t<\/div>\n\t\t\t\t\t\t\t\t<\/div>\n\t\t\t\t<\/div>\n\t\t\t\t\t<\/div>\n\t\t<\/div>\n\t\t\t\t<div class=\"elementor-column elementor-col-33 elementor-inner-column elementor-element elementor-element-1ddb29e\" data-id=\"1ddb29e\" data-element_type=\"column\" data-e-type=\"column\">\n\t\t\t<div class=\"elementor-widget-wrap elementor-element-populated\">\n\t\t\t\t\t\t<div class=\"elementor-element elementor-element-7e9fe68 elementor-align-justify elementor-widget__width-initial elementor-widget elementor-widget-button\" data-id=\"7e9fe68\" data-element_type=\"widget\" data-e-type=\"widget\" data-widget_type=\"button.default\">\n\t\t\t\t<div class=\"elementor-widget-container\">\n\t\t\t\t\t\t\t\t\t<div class=\"elementor-button-wrapper\">\n\t\t\t\t\t<a class=\"elementor-button elementor-button-link elementor-size-xl elementor-animation-grow\" href=\"#ablauf\" target=\"_blank\">\n\t\t\t\t\t\t<span class=\"elementor-button-content-wrapper\">\n\t\t\t\t\t\t<span class=\"elementor-button-icon\">\n\t\t\t\t<i aria-hidden=\"true\" class=\"fas fa-list\"><\/i>\t\t\t<\/span>\n\t\t\t\t\t\t\t\t\t<span class=\"elementor-button-text\">Ablauf<\/span>\n\t\t\t\t\t<\/span>\n\t\t\t\t\t<\/a>\n\t\t\t\t<\/div>\n\t\t\t\t\t\t\t\t<\/div>\n\t\t\t\t<\/div>\n\t\t\t\t\t<\/div>\n\t\t<\/div>\n\t\t\t\t<div class=\"elementor-column elementor-col-33 elementor-inner-column elementor-element elementor-element-5f764a7\" data-id=\"5f764a7\" data-element_type=\"column\" data-e-type=\"column\">\n\t\t\t<div class=\"elementor-widget-wrap elementor-element-populated\">\n\t\t\t\t\t\t<div class=\"elementor-element elementor-element-e7cc658 elementor-align-justify elementor-widget__width-initial elementor-widget elementor-widget-button\" data-id=\"e7cc658\" data-element_type=\"widget\" data-e-type=\"widget\" data-widget_type=\"button.default\">\n\t\t\t\t<div class=\"elementor-widget-container\">\n\t\t\t\t\t\t\t\t\t<div class=\"elementor-button-wrapper\">\n\t\t\t\t\t<a class=\"elementor-button elementor-button-link elementor-size-xl elementor-animation-grow\" href=\"#impressionen\" target=\"_blank\">\n\t\t\t\t\t\t<span class=\"elementor-button-content-wrapper\">\n\t\t\t\t\t\t<span class=\"elementor-button-icon\">\n\t\t\t\t<i aria-hidden=\"true\" class=\"fas fa-icons\"><\/i>\t\t\t<\/span>\n\t\t\t\t\t\t\t\t\t<span class=\"elementor-button-text\">Beispielhafte Projekte<\/span>\n\t\t\t\t\t<\/span>\n\t\t\t\t\t<\/a>\n\t\t\t\t<\/div>\n\t\t\t\t\t\t\t\t<\/div>\n\t\t\t\t<\/div>\n\t\t\t\t\t<\/div>\n\t\t<\/div>\n\t\t\t\t\t<\/div>\n\t\t<\/section>\n\t\t\t\t<div class=\"elementor-element elementor-element-7d8656f elementor-widget elementor-widget-menu-anchor\" data-id=\"7d8656f\" data-element_type=\"widget\" data-e-type=\"widget\" data-widget_type=\"menu-anchor.default\">\n\t\t\t\t<div class=\"elementor-widget-container\">\n\t\t\t\t\t\t\t<div class=\"elementor-menu-anchor\" id=\"zielsetzung\"><\/div>\n\t\t\t\t\t\t<\/div>\n\t\t\t\t<\/div>\n\t\t\t\t<div class=\"elementor-element elementor-element-d968f1c elementor-widget-divider--view-line elementor-widget elementor-widget-divider\" data-id=\"d968f1c\" data-element_type=\"widget\" data-e-type=\"widget\" data-widget_type=\"divider.default\">\n\t\t\t\t<div class=\"elementor-widget-container\">\n\t\t\t\t\t\t\t<div class=\"elementor-divider\">\n\t\t\t<span class=\"elementor-divider-separator\">\n\t\t\t\t\t\t<\/span>\n\t\t<\/div>\n\t\t\t\t\t\t<\/div>\n\t\t\t\t<\/div>\n\t\t\t\t<div class=\"elementor-element elementor-element-e5a93e4 elementor-widget elementor-widget-heading\" data-id=\"e5a93e4\" data-element_type=\"widget\" data-e-type=\"widget\" data-widget_type=\"heading.default\">\n\t\t\t\t<div class=\"elementor-widget-container\">\n\t\t\t\t\t<h2 class=\"elementor-heading-title elementor-size-default\">Zielsetzung<\/h2>\t\t\t\t<\/div>\n\t\t\t\t<\/div>\n\t\t\t\t<div class=\"elementor-element elementor-element-e509b9b elementor-widget elementor-widget-text-editor\" data-id=\"e509b9b\" data-element_type=\"widget\" data-e-type=\"widget\" data-widget_type=\"text-editor.default\">\n\t\t\t\t<div class=\"elementor-widget-container\">\n\t\t\t\t\t\t\t\t\t<p><span style=\"font-weight: 400;\">Ziel der Kurse ist es, dass die Studierenden sowohl im Konzept als auch im Prototyp eine spielerische L\u00f6sung in Bezug auf einen Anwendungsbereich oder ein Problemfeld der kooperierenden Stakeholder*innen entwickeln.\u00a0<\/span><\/p><p><span style=\"font-weight: 400;\">Die Entwicklung organisieren wir im Rahmen eines agilen und partizipativen Designprozesses w\u00e4hrend des Sommersemester 2024. Dabei werden verschiedene konzeptionelle als auch prototypische Ideen entworfen, erprobt, evaluiert und weiterentwickelt.<\/span><\/p>\t\t\t\t\t\t\t\t<\/div>\n\t\t\t\t<\/div>\n\t\t\t\t<div class=\"elementor-element elementor-element-2315fdf elementor-widget elementor-widget-menu-anchor\" data-id=\"2315fdf\" data-element_type=\"widget\" data-e-type=\"widget\" data-widget_type=\"menu-anchor.default\">\n\t\t\t\t<div class=\"elementor-widget-container\">\n\t\t\t\t\t\t\t<div class=\"elementor-menu-anchor\" id=\"ablauf\"><\/div>\n\t\t\t\t\t\t<\/div>\n\t\t\t\t<\/div>\n\t\t\t\t<div class=\"elementor-element elementor-element-b042816 elementor-widget-divider--view-line elementor-widget elementor-widget-divider\" data-id=\"b042816\" data-element_type=\"widget\" data-e-type=\"widget\" data-widget_type=\"divider.default\">\n\t\t\t\t<div class=\"elementor-widget-container\">\n\t\t\t\t\t\t\t<div class=\"elementor-divider\">\n\t\t\t<span class=\"elementor-divider-separator\">\n\t\t\t\t\t\t<\/span>\n\t\t<\/div>\n\t\t\t\t\t\t<\/div>\n\t\t\t\t<\/div>\n\t\t\t\t<div class=\"elementor-element elementor-element-62f077d elementor-widget elementor-widget-heading\" data-id=\"62f077d\" data-element_type=\"widget\" data-e-type=\"widget\" data-widget_type=\"heading.default\">\n\t\t\t\t<div class=\"elementor-widget-container\">\n\t\t\t\t\t<h2 class=\"elementor-heading-title elementor-size-default\">Ablauf<\/h2>\t\t\t\t<\/div>\n\t\t\t\t<\/div>\n\t\t\t\t<div class=\"elementor-element elementor-element-19500fc elementor-widget elementor-widget-text-editor\" data-id=\"19500fc\" data-element_type=\"widget\" data-e-type=\"widget\" data-widget_type=\"text-editor.default\">\n\t\t\t\t<div class=\"elementor-widget-container\">\n\t\t\t\t\t\t\t\t\t<p><img fetchpriority=\"high\" decoding=\"async\" class=\"alignnone wp-image-4687 size-full\" src=\"https:\/\/medienwissenschaft.uni-bayreuth.de\/gil\/wp-content\/uploads\/sites\/2\/2024\/05\/ablauf_gwap.png\" alt=\"\" width=\"1522\" height=\"508\" srcset=\"https:\/\/medienwissenschaft.uni-bayreuth.de\/gil\/wp-content\/uploads\/sites\/2\/2024\/05\/ablauf_gwap.png 1522w, https:\/\/medienwissenschaft.uni-bayreuth.de\/gil\/wp-content\/uploads\/sites\/2\/2024\/05\/ablauf_gwap-300x100.png 300w, https:\/\/medienwissenschaft.uni-bayreuth.de\/gil\/wp-content\/uploads\/sites\/2\/2024\/05\/ablauf_gwap-1024x342.png 1024w, https:\/\/medienwissenschaft.uni-bayreuth.de\/gil\/wp-content\/uploads\/sites\/2\/2024\/05\/ablauf_gwap-768x256.png 768w\" sizes=\"(max-width: 1522px) 100vw, 1522px\" \/><\/p><p><img decoding=\"async\" class=\"alignnone wp-image-4688 size-full\" src=\"https:\/\/medienwissenschaft.uni-bayreuth.de\/gil\/wp-content\/uploads\/sites\/2\/2024\/05\/ablauf_gwap2-e1716555114888.png\" alt=\"\" width=\"1286\" height=\"362\" srcset=\"https:\/\/medienwissenschaft.uni-bayreuth.de\/gil\/wp-content\/uploads\/sites\/2\/2024\/05\/ablauf_gwap2-e1716555114888.png 1286w, https:\/\/medienwissenschaft.uni-bayreuth.de\/gil\/wp-content\/uploads\/sites\/2\/2024\/05\/ablauf_gwap2-e1716555114888-300x84.png 300w, https:\/\/medienwissenschaft.uni-bayreuth.de\/gil\/wp-content\/uploads\/sites\/2\/2024\/05\/ablauf_gwap2-e1716555114888-1024x288.png 1024w, https:\/\/medienwissenschaft.uni-bayreuth.de\/gil\/wp-content\/uploads\/sites\/2\/2024\/05\/ablauf_gwap2-e1716555114888-768x216.png 768w\" sizes=\"(max-width: 1286px) 100vw, 1286px\" \/><\/p>\t\t\t\t\t\t\t\t<\/div>\n\t\t\t\t<\/div>\n\t\t\t\t<div class=\"elementor-element elementor-element-a8d73ba elementor-widget elementor-widget-menu-anchor\" data-id=\"a8d73ba\" data-element_type=\"widget\" data-e-type=\"widget\" data-widget_type=\"menu-anchor.default\">\n\t\t\t\t<div class=\"elementor-widget-container\">\n\t\t\t\t\t\t\t<div class=\"elementor-menu-anchor\" id=\"impressionen\"><\/div>\n\t\t\t\t\t\t<\/div>\n\t\t\t\t<\/div>\n\t\t\t\t<div class=\"elementor-element elementor-element-13c9cfb elementor-widget-divider--view-line elementor-widget elementor-widget-divider\" data-id=\"13c9cfb\" data-element_type=\"widget\" data-e-type=\"widget\" data-widget_type=\"divider.default\">\n\t\t\t\t<div class=\"elementor-widget-container\">\n\t\t\t\t\t\t\t<div class=\"elementor-divider\">\n\t\t\t<span class=\"elementor-divider-separator\">\n\t\t\t\t\t\t<\/span>\n\t\t<\/div>\n\t\t\t\t\t\t<\/div>\n\t\t\t\t<\/div>\n\t\t\t\t<div class=\"elementor-element elementor-element-d208651 elementor-widget elementor-widget-heading\" data-id=\"d208651\" data-element_type=\"widget\" data-e-type=\"widget\" data-widget_type=\"heading.default\">\n\t\t\t\t<div class=\"elementor-widget-container\">\n\t\t\t\t\t<h2 class=\"elementor-heading-title elementor-size-default\">Beispielhafte Projekte<\/h2>\t\t\t\t<\/div>\n\t\t\t\t<\/div>\n\t\t\t\t<section class=\"elementor-section elementor-inner-section elementor-element elementor-element-2521c09 elementor-section-boxed elementor-section-height-default elementor-section-height-default\" data-id=\"2521c09\" data-element_type=\"section\" data-e-type=\"section\">\n\t\t\t\t\t\t<div class=\"elementor-container elementor-column-gap-default\">\n\t\t\t\t\t<div class=\"elementor-column elementor-col-50 elementor-inner-column elementor-element elementor-element-3c9f356\" data-id=\"3c9f356\" data-element_type=\"column\" data-e-type=\"column\">\n\t\t\t<div class=\"elementor-widget-wrap elementor-element-populated\">\n\t\t\t\t\t\t<div class=\"elementor-element elementor-element-858f4a5 elementor-widget elementor-widget-text-editor\" data-id=\"858f4a5\" data-element_type=\"widget\" data-e-type=\"widget\" data-widget_type=\"text-editor.default\">\n\t\t\t\t<div class=\"elementor-widget-container\">\n\t\t\t\t\t\t\t\t\t<p><strong>Salzsammler<br \/><\/strong>Salzsammler ist eine interaktive XR-Bodenprojektion, in der Kinder immersiv in Karten eintauchen und explorativ kulturelle Inhalte erlernen k\u00f6nnen. Das Konzept und der erste Prototyp entstand im Rahmen der Lehrveranstaltung in Zusammenarbeit mit dem Besucherzentrum Welterbe Regensburg.<\/p><p><strong><a href=\"https:\/\/medienwissenschaft.uni-bayreuth.de\/\" target=\"_blank\" rel=\"noopener\"><img decoding=\"async\" class=\"emoji\" role=\"img\" draggable=\"false\" src=\"https:\/\/s.w.org\/images\/core\/emoji\/15.0.3\/svg\/27a1.svg\" alt=\"\u27a1\ufe0f\" \/> <\/a><a href=\"https:\/\/www.salzsammler.de\/\" target=\"_blank\" rel=\"noopener\">Weitere Informationen zu Salzsammler<\/a><\/strong><\/p>\t\t\t\t\t\t\t\t<\/div>\n\t\t\t\t<\/div>\n\t\t\t\t<div class=\"elementor-element elementor-element-2e293c6 elementor-widget__width-initial elementor-widget elementor-widget-image\" data-id=\"2e293c6\" data-element_type=\"widget\" data-e-type=\"widget\" data-widget_type=\"image.default\">\n\t\t\t\t<div class=\"elementor-widget-container\">\n\t\t\t\t\t\t\t\t\t\t\t\t\t\t\t<img decoding=\"async\" width=\"834\" height=\"785\" src=\"https:\/\/medienwissenschaft.uni-bayreuth.de\/gil\/wp-content\/uploads\/sites\/2\/2024\/05\/salzs-e1716555735654.jpg\" class=\"attachment-full size-full wp-image-4694\" alt=\"\" srcset=\"https:\/\/medienwissenschaft.uni-bayreuth.de\/gil\/wp-content\/uploads\/sites\/2\/2024\/05\/salzs-e1716555735654.jpg 834w, https:\/\/medienwissenschaft.uni-bayreuth.de\/gil\/wp-content\/uploads\/sites\/2\/2024\/05\/salzs-e1716555735654-300x282.jpg 300w, https:\/\/medienwissenschaft.uni-bayreuth.de\/gil\/wp-content\/uploads\/sites\/2\/2024\/05\/salzs-e1716555735654-768x723.jpg 768w\" sizes=\"(max-width: 834px) 100vw, 834px\" \/>\t\t\t\t\t\t\t\t\t\t\t\t\t\t\t<\/div>\n\t\t\t\t<\/div>\n\t\t\t\t\t<\/div>\n\t\t<\/div>\n\t\t\t\t<div class=\"elementor-column elementor-col-50 elementor-inner-column elementor-element elementor-element-6b83054\" data-id=\"6b83054\" data-element_type=\"column\" data-e-type=\"column\">\n\t\t\t<div class=\"elementor-widget-wrap elementor-element-populated\">\n\t\t\t\t\t\t<div class=\"elementor-element elementor-element-5d56bb9 elementor-widget elementor-widget-text-editor\" data-id=\"5d56bb9\" data-element_type=\"widget\" data-e-type=\"widget\" data-widget_type=\"text-editor.default\">\n\t\t\t\t<div class=\"elementor-widget-container\">\n\t\t\t\t\t\t\t\t\t<p><span style=\"font-weight: 400;\"><strong>Perspektivwechsel<\/strong><br \/>Perspektivwechsel ist ein Turmbau-Sandbox Game und kann als solches als ein moderner Moderationskoffer f\u00fcr den Gebrauch in verschiedenen Workshops zur Team Kommunikation angesehen werden. Der Fokus des Spiels liegt auf der gleichzeitigen Steuerung eines Bausteins durch vier Spielende. Die gemeinsam versuchen einen m\u00f6glichst hohen Turm auf einer gegebenen Plattform zu bauen. Das Spiel ist dabei in Zusammenarbeit mit dem Zentrum f\u00fcr Hochschullehre der Universit\u00e4t Bayreuth entstanden.<\/span><\/p>\t\t\t\t\t\t\t\t<\/div>\n\t\t\t\t<\/div>\n\t\t\t\t<div class=\"elementor-element elementor-element-da76aea elementor-widget__width-initial elementor-widget elementor-widget-image\" data-id=\"da76aea\" data-element_type=\"widget\" data-e-type=\"widget\" data-widget_type=\"image.default\">\n\t\t\t\t<div class=\"elementor-widget-container\">\n\t\t\t\t\t\t\t\t\t\t\t\t\t\t\t<img loading=\"lazy\" decoding=\"async\" width=\"948\" height=\"529\" src=\"https:\/\/medienwissenschaft.uni-bayreuth.de\/gil\/wp-content\/uploads\/sites\/2\/2024\/05\/perspektivwechsel.png\" class=\"attachment-large size-large wp-image-4693\" alt=\"\" srcset=\"https:\/\/medienwissenschaft.uni-bayreuth.de\/gil\/wp-content\/uploads\/sites\/2\/2024\/05\/perspektivwechsel.png 948w, https:\/\/medienwissenschaft.uni-bayreuth.de\/gil\/wp-content\/uploads\/sites\/2\/2024\/05\/perspektivwechsel-300x167.png 300w, https:\/\/medienwissenschaft.uni-bayreuth.de\/gil\/wp-content\/uploads\/sites\/2\/2024\/05\/perspektivwechsel-768x429.png 768w\" sizes=\"(max-width: 948px) 100vw, 948px\" \/>\t\t\t\t\t\t\t\t\t\t\t\t\t\t\t<\/div>\n\t\t\t\t<\/div>\n\t\t\t\t\t<\/div>\n\t\t<\/div>\n\t\t\t\t\t<\/div>\n\t\t<\/section>\n\t\t\t\t<div class=\"elementor-element elementor-element-9e016c3 elementor-widget elementor-widget-spacer\" data-id=\"9e016c3\" data-element_type=\"widget\" data-e-type=\"widget\" data-widget_type=\"spacer.default\">\n\t\t\t\t<div class=\"elementor-widget-container\">\n\t\t\t\t\t\t\t<div class=\"elementor-spacer\">\n\t\t\t<div class=\"elementor-spacer-inner\"><\/div>\n\t\t<\/div>\n\t\t\t\t\t\t<\/div>\n\t\t\t\t<\/div>\n\t\t\t\t\t<\/div>\n\t\t<\/div>\n\t\t\t\t\t<\/div>\n\t\t<\/section>\n\t\t\t\t<\/div>\n\t\t","protected":false},"excerpt":{"rendered":"<p>Games with a Purpose Abstract Im Rahmen des Kurses Games with a Purpose entwickeln Studierende des Masterstudiengang Computerspielwissenschaften innovative, spielerische und anwendungsbezogene L\u00f6sungen in Kooperation mit externen Stakeholder*innen. Der Kurs verbindet die beiden Lehrveranstaltungen &#8222;Game Design im Kontext&#8220; und &#8222;Spielprojekt&#8220;. Game Design im Kontext besch\u00e4ftigt sich mit dem Untersuchen und Entwerfen von Spielen und spielerischen [&hellip;]<\/p>\n","protected":false},"author":69,"featured_media":0,"parent":2678,"menu_order":0,"comment_status":"closed","ping_status":"closed","template":"","meta":{"_acf_changed":false,"site-sidebar-layout":"no-sidebar","site-content-layout":"page-builder","ast-site-content-layout":"full-width-container","site-content-style":"unboxed","site-sidebar-style":"unboxed","ast-global-header-display":"","ast-banner-title-visibility":"","ast-main-header-display":"","ast-hfb-above-header-display":"","ast-hfb-below-header-display":"","ast-hfb-mobile-header-display":"","site-post-title":"disabled","ast-breadcrumbs-content":"","ast-featured-img":"disabled","footer-sml-layout":"","ast-disable-related-posts":"","theme-transparent-header-meta":"default","adv-header-id-meta":"","stick-header-meta":"","header-above-stick-meta":"","header-main-stick-meta":"","header-below-stick-meta":"","astra-migrate-meta-layouts":"set","ast-page-background-enabled":"default","ast-page-background-meta":{"desktop":{"background-color":"","background-image":"","background-repeat":"repeat","background-position":"center center","background-size":"auto","background-attachment":"scroll","background-type":"","background-media":"","overlay-type":"","overlay-color":"","overlay-opacity":"","overlay-gradient":""},"tablet":{"background-color":"","background-image":"","background-repeat":"repeat","background-position":"center center","background-size":"auto","background-attachment":"scroll","background-type":"","background-media":"","overlay-type":"","overlay-color":"","overlay-opacity":"","overlay-gradient":""},"mobile":{"background-color":"","background-image":"","background-repeat":"repeat","background-position":"center center","background-size":"auto","background-attachment":"scroll","background-type":"","background-media":"","overlay-type":"","overlay-color":"","overlay-opacity":"","overlay-gradient":""}},"ast-content-background-meta":{"desktop":{"background-color":"var(--ast-global-color-5)","background-image":"","background-repeat":"repeat","background-position":"center center","background-size":"auto","background-attachment":"scroll","background-type":"","background-media":"","overlay-type":"","overlay-color":"","overlay-opacity":"","overlay-gradient":""},"tablet":{"background-color":"var(--ast-global-color-5)","background-image":"","background-repeat":"repeat","background-position":"center center","background-size":"auto","background-attachment":"scroll","background-type":"","background-media":"","overlay-type":"","overlay-color":"","overlay-opacity":"","overlay-gradient":""},"mobile":{"background-color":"var(--ast-global-color-5)","background-image":"","background-repeat":"repeat","background-position":"center center","background-size":"auto","background-attachment":"scroll","background-type":"","background-media":"","overlay-type":"","overlay-color":"","overlay-opacity":"","overlay-gradient":""}},"footnotes":""},"class_list":["post-4684","page","type-page","status-publish","hentry"],"acf":[],"_links":{"self":[{"href":"https:\/\/medienwissenschaft.uni-bayreuth.de\/gil\/wp-json\/wp\/v2\/pages\/4684","targetHints":{"allow":["GET"]}}],"collection":[{"href":"https:\/\/medienwissenschaft.uni-bayreuth.de\/gil\/wp-json\/wp\/v2\/pages"}],"about":[{"href":"https:\/\/medienwissenschaft.uni-bayreuth.de\/gil\/wp-json\/wp\/v2\/types\/page"}],"author":[{"embeddable":true,"href":"https:\/\/medienwissenschaft.uni-bayreuth.de\/gil\/wp-json\/wp\/v2\/users\/69"}],"replies":[{"embeddable":true,"href":"https:\/\/medienwissenschaft.uni-bayreuth.de\/gil\/wp-json\/wp\/v2\/comments?post=4684"}],"version-history":[{"count":13,"href":"https:\/\/medienwissenschaft.uni-bayreuth.de\/gil\/wp-json\/wp\/v2\/pages\/4684\/revisions"}],"predecessor-version":[{"id":4703,"href":"https:\/\/medienwissenschaft.uni-bayreuth.de\/gil\/wp-json\/wp\/v2\/pages\/4684\/revisions\/4703"}],"up":[{"embeddable":true,"href":"https:\/\/medienwissenschaft.uni-bayreuth.de\/gil\/wp-json\/wp\/v2\/pages\/2678"}],"wp:attachment":[{"href":"https:\/\/medienwissenschaft.uni-bayreuth.de\/gil\/wp-json\/wp\/v2\/media?parent=4684"}],"curies":[{"name":"wp","href":"https:\/\/api.w.org\/{rel}","templated":true}]}}