{"id":4368,"date":"2024-02-28T11:42:24","date_gmt":"2024-02-28T10:42:24","guid":{"rendered":"https:\/\/medienwissenschaft.uni-bayreuth.de\/gil\/?page_id=4368"},"modified":"2024-02-28T12:01:03","modified_gmt":"2024-02-28T11:01:03","slug":"historischer-spieleabend","status":"publish","type":"page","link":"https:\/\/medienwissenschaft.uni-bayreuth.de\/gil\/historischer-spieleabend\/","title":{"rendered":"Historischer Spieleabend"},"content":{"rendered":"\t\t<div data-elementor-type=\"wp-page\" data-elementor-id=\"4368\" class=\"elementor elementor-4368\">\n\t\t\t\t\t\t<section class=\"elementor-section elementor-top-section elementor-element elementor-element-16e54cd elementor-section-full_width elementor-section-height-default elementor-section-height-default\" data-id=\"16e54cd\" data-element_type=\"section\" data-e-type=\"section\">\n\t\t\t\t\t\t<div class=\"elementor-container elementor-column-gap-default\">\n\t\t\t\t\t<div class=\"elementor-column elementor-col-100 elementor-top-column elementor-element elementor-element-7d77aa2 elementor-hidden-tablet elementor-hidden-mobile\" data-id=\"7d77aa2\" data-element_type=\"column\" data-e-type=\"column\" data-settings=\"{&quot;background_background&quot;:&quot;classic&quot;}\">\n\t\t\t<div class=\"elementor-widget-wrap elementor-element-populated\">\n\t\t\t\t\t\t<div class=\"elementor-element elementor-element-f6b09fc elementor-widget elementor-widget-spacer\" data-id=\"f6b09fc\" data-element_type=\"widget\" data-e-type=\"widget\" data-widget_type=\"spacer.default\">\n\t\t\t\t<div class=\"elementor-widget-container\">\n\t\t\t\t\t\t\t<div class=\"elementor-spacer\">\n\t\t\t<div class=\"elementor-spacer-inner\"><\/div>\n\t\t<\/div>\n\t\t\t\t\t\t<\/div>\n\t\t\t\t<\/div>\n\t\t\t\t\t<\/div>\n\t\t<\/div>\n\t\t\t\t\t<\/div>\n\t\t<\/section>\n\t\t\t\t<section class=\"elementor-section elementor-top-section elementor-element elementor-element-d35c13f elementor-section-boxed elementor-section-height-default elementor-section-height-default\" data-id=\"d35c13f\" data-element_type=\"section\" data-e-type=\"section\">\n\t\t\t\t\t\t<div class=\"elementor-container elementor-column-gap-default\">\n\t\t\t\t\t<div class=\"elementor-column elementor-col-100 elementor-top-column elementor-element elementor-element-149f50b\" data-id=\"149f50b\" data-element_type=\"column\" data-e-type=\"column\" data-settings=\"{&quot;background_background&quot;:&quot;classic&quot;}\">\n\t\t\t<div class=\"elementor-widget-wrap elementor-element-populated\">\n\t\t\t\t\t\t<div class=\"elementor-element elementor-element-3b676fc elementor-widget elementor-widget-heading\" data-id=\"3b676fc\" data-element_type=\"widget\" data-e-type=\"widget\" data-widget_type=\"heading.default\">\n\t\t\t\t<div class=\"elementor-widget-container\">\n\t\t\t\t\t<h2 class=\"elementor-heading-title elementor-size-default\">Historischer Spieleabend<\/h2>\t\t\t\t<\/div>\n\t\t\t\t<\/div>\n\t\t\t\t<section class=\"elementor-section elementor-inner-section elementor-element elementor-element-1305573 elementor-section-boxed elementor-section-height-default elementor-section-height-default\" data-id=\"1305573\" data-element_type=\"section\" data-e-type=\"section\">\n\t\t\t\t\t\t<div class=\"elementor-container elementor-column-gap-default\">\n\t\t\t\t\t<div class=\"elementor-column elementor-col-50 elementor-inner-column elementor-element elementor-element-65430d2\" data-id=\"65430d2\" data-element_type=\"column\" data-e-type=\"column\">\n\t\t\t<div class=\"elementor-widget-wrap elementor-element-populated\">\n\t\t\t\t\t\t<div class=\"elementor-element elementor-element-63a9a7f elementor-widget__width-initial elementor-widget elementor-widget-text-editor\" data-id=\"63a9a7f\" data-element_type=\"widget\" data-e-type=\"widget\" data-widget_type=\"text-editor.default\">\n\t\t\t\t<div class=\"elementor-widget-container\">\n\t\t\t\t\t\t\t\t\t<p>Im Historischen Spieleabend treffen wir uns <strong>alle 2 Wochen<\/strong>, um unsere <strong>Gaming Literacy zu verbessern<\/strong>. Gaming Literacy beschreibt Wissen \u00fcber Game Design Patterns &amp; Spielmechaniken, die historische Entwicklung des Mediums sowie die F\u00e4higkeit, verschiedenste Spielgenres und Eingabeger\u00e4te zu begreifen (wenn nicht gar zu beherrschen). Daf\u00fcr schauen wir uns an jedem Termin eine Handvoll historisch relevanter und thematisch verwandter Computerspiele an.<\/p><p>Das Medium Computerpiel bleibt unserer Auffassung nach durch Zuschauen grunds\u00e4tzlich unerfahrbar. Deshalb versuchen wir, allen Teilnehmer*innen die M\u00f6glichkeit zu geben die vorgestellten Spiele selbst an zu spielen. Das erfordert sehr viel Zeit, weshalb wir nur einen Bruchteil aller existierender Spiele rezipieren k\u00f6nnen und werden. Welche Spiele (und Themen) das dann tats\u00e4chlich sind, entscheiden wir im gemeinsamen Diskurs.<\/p><p>Wir freuen uns auf alle Neuzug\u00e4nge!<\/p><p><strong>Eckdaten:<\/strong><\/p><ul><li>Themenliste: <a href=\"http:\/\/slothsoft.net\/HistorischerSpieleabend\/\" target=\"_blank\" rel=\"noopener\">http:\/\/slothsoft.net\/HistorischerSpieleabend\/<\/a><\/li><li>Termin: Jeden 2. Donnerstag, 19:00-24:00 (s.t.)<br \/>Ort: Im CSW-Discord, Channel #historischer-spieleabend<\/li><li>Discord-Invite-Link: <a href=\"https:\/\/discord.gg\/Wambqvb5DX\" target=\"_blank\" rel=\"noopener\">https:\/\/discord.gg\/Wambqvb5DX<\/a><\/li><\/ul>\t\t\t\t\t\t\t\t<\/div>\n\t\t\t\t<\/div>\n\t\t\t\t\t<\/div>\n\t\t<\/div>\n\t\t\t\t<div class=\"elementor-column elementor-col-50 elementor-inner-column elementor-element elementor-element-6110304\" data-id=\"6110304\" data-element_type=\"column\" data-e-type=\"column\">\n\t\t\t<div class=\"elementor-widget-wrap elementor-element-populated\">\n\t\t\t\t\t\t<div class=\"elementor-element elementor-element-d296c7f elementor-widget elementor-widget-image\" data-id=\"d296c7f\" data-element_type=\"widget\" data-e-type=\"widget\" data-widget_type=\"image.default\">\n\t\t\t\t<div class=\"elementor-widget-container\">\n\t\t\t\t\t\t\t\t\t\t\t\t\t\t\t<img fetchpriority=\"high\" decoding=\"async\" width=\"1024\" height=\"1024\" src=\"https:\/\/medienwissenschaft.uni-bayreuth.de\/gil\/wp-content\/uploads\/sites\/2\/2021\/05\/logo-big-1-1024x1024.png\" class=\"attachment-large size-large wp-image-1707\" alt=\"\" srcset=\"https:\/\/medienwissenschaft.uni-bayreuth.de\/gil\/wp-content\/uploads\/sites\/2\/2021\/05\/logo-big-1-1024x1024.png 1024w, https:\/\/medienwissenschaft.uni-bayreuth.de\/gil\/wp-content\/uploads\/sites\/2\/2021\/05\/logo-big-1-300x300.png 300w, https:\/\/medienwissenschaft.uni-bayreuth.de\/gil\/wp-content\/uploads\/sites\/2\/2021\/05\/logo-big-1-150x150.png 150w, https:\/\/medienwissenschaft.uni-bayreuth.de\/gil\/wp-content\/uploads\/sites\/2\/2021\/05\/logo-big-1-768x768.png 768w, https:\/\/medienwissenschaft.uni-bayreuth.de\/gil\/wp-content\/uploads\/sites\/2\/2021\/05\/logo-big-1-1536x1536.png 1536w, https:\/\/medienwissenschaft.uni-bayreuth.de\/gil\/wp-content\/uploads\/sites\/2\/2021\/05\/logo-big-1-2048x2048.png 2048w, https:\/\/medienwissenschaft.uni-bayreuth.de\/gil\/wp-content\/uploads\/sites\/2\/2021\/05\/elementor\/thumbs\/logo-big-1-p7zqwx2po7mvdvnshw5ycmo5z9p5dlwsg68uatzf44.png 250w\" sizes=\"(max-width: 1024px) 100vw, 1024px\" \/>\t\t\t\t\t\t\t\t\t\t\t\t\t\t\t<\/div>\n\t\t\t\t<\/div>\n\t\t\t\t\t<\/div>\n\t\t<\/div>\n\t\t\t\t\t<\/div>\n\t\t<\/section>\n\t\t\t\t\t<\/div>\n\t\t<\/div>\n\t\t\t\t\t<\/div>\n\t\t<\/section>\n\t\t\t\t<section class=\"elementor-section elementor-top-section elementor-element elementor-element-ab62cce elementor-section-boxed elementor-section-height-default elementor-section-height-default\" data-id=\"ab62cce\" data-element_type=\"section\" data-e-type=\"section\">\n\t\t\t\t\t\t<div class=\"elementor-container elementor-column-gap-default\">\n\t\t\t\t\t<div class=\"elementor-column elementor-col-100 elementor-top-column elementor-element elementor-element-dfa71df\" data-id=\"dfa71df\" data-element_type=\"column\" data-e-type=\"column\">\n\t\t\t<div class=\"elementor-widget-wrap elementor-element-populated\">\n\t\t\t\t\t\t<div class=\"elementor-element elementor-element-d2b6113 elementor-hidden-tablet elementor-hidden-mobile elementor-widget elementor-widget-spacer\" data-id=\"d2b6113\" data-element_type=\"widget\" data-e-type=\"widget\" data-widget_type=\"spacer.default\">\n\t\t\t\t<div class=\"elementor-widget-container\">\n\t\t\t\t\t\t\t<div class=\"elementor-spacer\">\n\t\t\t<div class=\"elementor-spacer-inner\"><\/div>\n\t\t<\/div>\n\t\t\t\t\t\t<\/div>\n\t\t\t\t<\/div>\n\t\t\t\t\t<\/div>\n\t\t<\/div>\n\t\t\t\t\t<\/div>\n\t\t<\/section>\n\t\t\t\t<\/div>\n\t\t","protected":false},"excerpt":{"rendered":"<p>Historischer Spieleabend Im Historischen Spieleabend treffen wir uns alle 2 Wochen, um unsere Gaming Literacy zu verbessern. Gaming Literacy beschreibt Wissen \u00fcber Game Design Patterns &amp; Spielmechaniken, die historische Entwicklung des Mediums sowie die F\u00e4higkeit, verschiedenste Spielgenres und Eingabeger\u00e4te zu begreifen (wenn nicht gar zu beherrschen). Daf\u00fcr schauen wir uns an jedem Termin eine Handvoll [&hellip;]<\/p>\n","protected":false},"author":69,"featured_media":0,"parent":0,"menu_order":0,"comment_status":"closed","ping_status":"closed","template":"","meta":{"_acf_changed":false,"site-sidebar-layout":"no-sidebar","site-content-layout":"page-builder","ast-site-content-layout":"full-width-container","site-content-style":"unboxed","site-sidebar-style":"unboxed","ast-global-header-display":"","ast-banner-title-visibility":"","ast-main-header-display":"","ast-hfb-above-header-display":"","ast-hfb-below-header-display":"","ast-hfb-mobile-header-display":"","site-post-title":"disabled","ast-breadcrumbs-content":"","ast-featured-img":"disabled","footer-sml-layout":"","ast-disable-related-posts":"","theme-transparent-header-meta":"default","adv-header-id-meta":"","stick-header-meta":"","header-above-stick-meta":"","header-main-stick-meta":"","header-below-stick-meta":"","astra-migrate-meta-layouts":"set","ast-page-background-enabled":"default","ast-page-background-meta":{"desktop":{"background-color":"","background-image":"","background-repeat":"repeat","background-position":"center center","background-size":"auto","background-attachment":"scroll","background-type":"","background-media":"","overlay-type":"","overlay-color":"","overlay-opacity":"","overlay-gradient":""},"tablet":{"background-color":"","background-image":"","background-repeat":"repeat","background-position":"center center","background-size":"auto","background-attachment":"scroll","background-type":"","background-media":"","overlay-type":"","overlay-color":"","overlay-opacity":"","overlay-gradient":""},"mobile":{"background-color":"","background-image":"","background-repeat":"repeat","background-position":"center center","background-size":"auto","background-attachment":"scroll","background-type":"","background-media":"","overlay-type":"","overlay-color":"","overlay-opacity":"","overlay-gradient":""}},"ast-content-background-meta":{"desktop":{"background-color":"var(--ast-global-color-5)","background-image":"","background-repeat":"repeat","background-position":"center center","background-size":"auto","background-attachment":"scroll","background-type":"","background-media":"","overlay-type":"","overlay-color":"","overlay-opacity":"","overlay-gradient":""},"tablet":{"background-color":"var(--ast-global-color-5)","background-image":"","background-repeat":"repeat","background-position":"center center","background-size":"auto","background-attachment":"scroll","background-type":"","background-media":"","overlay-type":"","overlay-color":"","overlay-opacity":"","overlay-gradient":""},"mobile":{"background-color":"var(--ast-global-color-5)","background-image":"","background-repeat":"repeat","background-position":"center center","background-size":"auto","background-attachment":"scroll","background-type":"","background-media":"","overlay-type":"","overlay-color":"","overlay-opacity":"","overlay-gradient":""}},"footnotes":""},"class_list":["post-4368","page","type-page","status-publish","hentry"],"acf":[],"_links":{"self":[{"href":"https:\/\/medienwissenschaft.uni-bayreuth.de\/gil\/wp-json\/wp\/v2\/pages\/4368","targetHints":{"allow":["GET"]}}],"collection":[{"href":"https:\/\/medienwissenschaft.uni-bayreuth.de\/gil\/wp-json\/wp\/v2\/pages"}],"about":[{"href":"https:\/\/medienwissenschaft.uni-bayreuth.de\/gil\/wp-json\/wp\/v2\/types\/page"}],"author":[{"embeddable":true,"href":"https:\/\/medienwissenschaft.uni-bayreuth.de\/gil\/wp-json\/wp\/v2\/users\/69"}],"replies":[{"embeddable":true,"href":"https:\/\/medienwissenschaft.uni-bayreuth.de\/gil\/wp-json\/wp\/v2\/comments?post=4368"}],"version-history":[{"count":7,"href":"https:\/\/medienwissenschaft.uni-bayreuth.de\/gil\/wp-json\/wp\/v2\/pages\/4368\/revisions"}],"predecessor-version":[{"id":4439,"href":"https:\/\/medienwissenschaft.uni-bayreuth.de\/gil\/wp-json\/wp\/v2\/pages\/4368\/revisions\/4439"}],"wp:attachment":[{"href":"https:\/\/medienwissenschaft.uni-bayreuth.de\/gil\/wp-json\/wp\/v2\/media?parent=4368"}],"curies":[{"name":"wp","href":"https:\/\/api.w.org\/{rel}","templated":true}]}}