{"id":3707,"date":"2023-08-08T11:01:26","date_gmt":"2023-08-08T09:01:26","guid":{"rendered":"https:\/\/medienwissenschaft.uni-bayreuth.de\/gil\/?page_id=3707"},"modified":"2023-08-14T14:03:07","modified_gmt":"2023-08-14T12:03:07","slug":"virtual-land-scrum","status":"publish","type":"page","link":"https:\/\/medienwissenschaft.uni-bayreuth.de\/gil\/lehre\/virtual-land-scrum\/","title":{"rendered":"Virtual Land Scrum"},"content":{"rendered":"\t\t<div data-elementor-type=\"wp-page\" data-elementor-id=\"3707\" class=\"elementor elementor-3707\">\n\t\t\t\t\t\t<section class=\"elementor-section elementor-top-section elementor-element elementor-element-16e54cd elementor-section-full_width elementor-section-height-default elementor-section-height-default\" data-id=\"16e54cd\" data-element_type=\"section\" data-e-type=\"section\">\n\t\t\t\t\t\t<div class=\"elementor-container elementor-column-gap-default\">\n\t\t\t\t\t<div class=\"elementor-column elementor-col-100 elementor-top-column elementor-element elementor-element-7d77aa2 elementor-hidden-tablet elementor-hidden-mobile\" data-id=\"7d77aa2\" data-element_type=\"column\" data-e-type=\"column\" data-settings=\"{&quot;background_background&quot;:&quot;classic&quot;}\">\n\t\t\t<div class=\"elementor-widget-wrap elementor-element-populated\">\n\t\t\t\t\t\t<div class=\"elementor-element elementor-element-f6b09fc elementor-widget elementor-widget-spacer\" data-id=\"f6b09fc\" data-element_type=\"widget\" data-e-type=\"widget\" data-widget_type=\"spacer.default\">\n\t\t\t\t<div class=\"elementor-widget-container\">\n\t\t\t\t\t\t\t<div class=\"elementor-spacer\">\n\t\t\t<div class=\"elementor-spacer-inner\"><\/div>\n\t\t<\/div>\n\t\t\t\t\t\t<\/div>\n\t\t\t\t<\/div>\n\t\t\t\t\t<\/div>\n\t\t<\/div>\n\t\t\t\t\t<\/div>\n\t\t<\/section>\n\t\t\t\t<section class=\"elementor-section elementor-top-section elementor-element elementor-element-d35c13f elementor-section-boxed elementor-section-height-default elementor-section-height-default\" data-id=\"d35c13f\" data-element_type=\"section\" data-e-type=\"section\">\n\t\t\t\t\t\t<div class=\"elementor-container elementor-column-gap-default\">\n\t\t\t\t\t<div class=\"elementor-column elementor-col-100 elementor-top-column elementor-element elementor-element-149f50b\" data-id=\"149f50b\" data-element_type=\"column\" data-e-type=\"column\" data-settings=\"{&quot;background_background&quot;:&quot;classic&quot;}\">\n\t\t\t<div class=\"elementor-widget-wrap elementor-element-populated\">\n\t\t\t\t\t\t<div class=\"elementor-element elementor-element-3b676fc elementor-widget elementor-widget-heading\" data-id=\"3b676fc\" data-element_type=\"widget\" data-e-type=\"widget\" data-widget_type=\"heading.default\">\n\t\t\t\t<div class=\"elementor-widget-container\">\n\t\t\t\t\t<h2 class=\"elementor-heading-title elementor-size-default\">Virtual-Land-Scrum<\/h2>\t\t\t\t<\/div>\n\t\t\t\t<\/div>\n\t\t\t\t<div class=\"elementor-element elementor-element-310d998 elementor-widget elementor-widget-text-editor\" data-id=\"310d998\" data-element_type=\"widget\" data-e-type=\"widget\" data-widget_type=\"text-editor.default\">\n\t\t\t\t<div class=\"elementor-widget-container\">\n\t\t\t\t\t\t\t\t\t<h2>Abstract<\/h2><p>In diesem Workshop wird anhand von praktischen \u00dcbungen ein Verst\u00e4ndnis f\u00fcr das Projektmanagement mit Scrum entwickelt. Nach spezifischen spielerischen Lehreinheiten, welche jeweils unterschiedliche fundamentale Ideen von Scrum vermitteln, wird in Teams ein kreatives Projekt mit hilfe von Scrum umgesetzt. Dabei handelt es sich thematisch um ein Virtual-Land mit Freizeitangeboten und Events in unterschiedlichen thematischen Spielumgebungen. Ziel ist es, mithilfe der Scrum-Prozesse, -Artefakte und -Rollen eine kleine 2D-Umgebung in Miro zu gestalten. Dabei soll den Teams kreative Freiheit geboten werden. Die Teams werden von den Kursbetreuer*innen gefeedbackt und bekommen bei Problemen Hilfestellung.<\/p>\t\t\t\t\t\t\t\t<\/div>\n\t\t\t\t<\/div>\n\t\t\t\t<section class=\"elementor-section elementor-inner-section elementor-element elementor-element-e439457 elementor-section-boxed elementor-section-height-default elementor-section-height-default\" data-id=\"e439457\" data-element_type=\"section\" data-e-type=\"section\">\n\t\t\t\t\t\t<div class=\"elementor-container elementor-column-gap-default\">\n\t\t\t\t\t<div class=\"elementor-column elementor-col-33 elementor-inner-column elementor-element elementor-element-1aefd43\" data-id=\"1aefd43\" data-element_type=\"column\" data-e-type=\"column\">\n\t\t\t<div class=\"elementor-widget-wrap elementor-element-populated\">\n\t\t\t\t\t\t<div class=\"elementor-element elementor-element-b2469c9 elementor-align-justify elementor-widget__width-initial elementor-widget elementor-widget-button\" data-id=\"b2469c9\" data-element_type=\"widget\" data-e-type=\"widget\" data-widget_type=\"button.default\">\n\t\t\t\t<div class=\"elementor-widget-container\">\n\t\t\t\t\t\t\t\t\t<div class=\"elementor-button-wrapper\">\n\t\t\t\t\t<a class=\"elementor-button elementor-button-link elementor-size-xl elementor-animation-grow\" href=\"#zielsetzung\" target=\"_blank\">\n\t\t\t\t\t\t<span class=\"elementor-button-content-wrapper\">\n\t\t\t\t\t\t<span class=\"elementor-button-icon\">\n\t\t\t\t<i aria-hidden=\"true\" class=\"fas fa-crown\"><\/i>\t\t\t<\/span>\n\t\t\t\t\t\t\t\t\t<span class=\"elementor-button-text\">Zielsetzung<\/span>\n\t\t\t\t\t<\/span>\n\t\t\t\t\t<\/a>\n\t\t\t\t<\/div>\n\t\t\t\t\t\t\t\t<\/div>\n\t\t\t\t<\/div>\n\t\t\t\t\t<\/div>\n\t\t<\/div>\n\t\t\t\t<div class=\"elementor-column elementor-col-33 elementor-inner-column elementor-element elementor-element-56946df\" data-id=\"56946df\" data-element_type=\"column\" data-e-type=\"column\">\n\t\t\t<div class=\"elementor-widget-wrap elementor-element-populated\">\n\t\t\t\t\t\t<div class=\"elementor-element elementor-element-4b6dcb5 elementor-align-justify elementor-widget__width-initial elementor-widget elementor-widget-button\" data-id=\"4b6dcb5\" data-element_type=\"widget\" data-e-type=\"widget\" data-widget_type=\"button.default\">\n\t\t\t\t<div class=\"elementor-widget-container\">\n\t\t\t\t\t\t\t\t\t<div class=\"elementor-button-wrapper\">\n\t\t\t\t\t<a class=\"elementor-button elementor-button-link elementor-size-xl elementor-animation-grow\" href=\"#ablauf\" target=\"_blank\">\n\t\t\t\t\t\t<span class=\"elementor-button-content-wrapper\">\n\t\t\t\t\t\t<span class=\"elementor-button-icon\">\n\t\t\t\t<i aria-hidden=\"true\" class=\"fas fa-list\"><\/i>\t\t\t<\/span>\n\t\t\t\t\t\t\t\t\t<span class=\"elementor-button-text\">Ablauf<\/span>\n\t\t\t\t\t<\/span>\n\t\t\t\t\t<\/a>\n\t\t\t\t<\/div>\n\t\t\t\t\t\t\t\t<\/div>\n\t\t\t\t<\/div>\n\t\t\t\t\t<\/div>\n\t\t<\/div>\n\t\t\t\t<div class=\"elementor-column elementor-col-33 elementor-inner-column elementor-element elementor-element-9899fb0\" data-id=\"9899fb0\" data-element_type=\"column\" data-e-type=\"column\">\n\t\t\t<div class=\"elementor-widget-wrap elementor-element-populated\">\n\t\t\t\t\t\t<div class=\"elementor-element elementor-element-11965f8 elementor-align-justify elementor-widget__width-initial elementor-widget elementor-widget-button\" data-id=\"11965f8\" data-element_type=\"widget\" data-e-type=\"widget\" data-widget_type=\"button.default\">\n\t\t\t\t<div class=\"elementor-widget-container\">\n\t\t\t\t\t\t\t\t\t<div class=\"elementor-button-wrapper\">\n\t\t\t\t\t<a class=\"elementor-button elementor-button-link elementor-size-xl elementor-animation-grow\" href=\"#impressionen\" target=\"_blank\">\n\t\t\t\t\t\t<span class=\"elementor-button-content-wrapper\">\n\t\t\t\t\t\t<span class=\"elementor-button-icon\">\n\t\t\t\t<i aria-hidden=\"true\" class=\"fas fa-icons\"><\/i>\t\t\t<\/span>\n\t\t\t\t\t\t\t\t\t<span class=\"elementor-button-text\">Impressionen<\/span>\n\t\t\t\t\t<\/span>\n\t\t\t\t\t<\/a>\n\t\t\t\t<\/div>\n\t\t\t\t\t\t\t\t<\/div>\n\t\t\t\t<\/div>\n\t\t\t\t\t<\/div>\n\t\t<\/div>\n\t\t\t\t\t<\/div>\n\t\t<\/section>\n\t\t\t\t<div class=\"elementor-element elementor-element-222afb1 elementor-widget elementor-widget-menu-anchor\" data-id=\"222afb1\" data-element_type=\"widget\" data-e-type=\"widget\" data-widget_type=\"menu-anchor.default\">\n\t\t\t\t<div class=\"elementor-widget-container\">\n\t\t\t\t\t\t\t<div class=\"elementor-menu-anchor\" id=\"zielsetzung\"><\/div>\n\t\t\t\t\t\t<\/div>\n\t\t\t\t<\/div>\n\t\t\t\t<div class=\"elementor-element elementor-element-2dc485c elementor-widget-divider--view-line elementor-widget elementor-widget-divider\" data-id=\"2dc485c\" data-element_type=\"widget\" data-e-type=\"widget\" data-widget_type=\"divider.default\">\n\t\t\t\t<div class=\"elementor-widget-container\">\n\t\t\t\t\t\t\t<div class=\"elementor-divider\">\n\t\t\t<span class=\"elementor-divider-separator\">\n\t\t\t\t\t\t<\/span>\n\t\t<\/div>\n\t\t\t\t\t\t<\/div>\n\t\t\t\t<\/div>\n\t\t\t\t<div class=\"elementor-element elementor-element-2e407dc elementor-widget elementor-widget-heading\" data-id=\"2e407dc\" data-element_type=\"widget\" data-e-type=\"widget\" data-widget_type=\"heading.default\">\n\t\t\t\t<div class=\"elementor-widget-container\">\n\t\t\t\t\t<h2 class=\"elementor-heading-title elementor-size-default\">Zielsetzung<\/h2>\t\t\t\t<\/div>\n\t\t\t\t<\/div>\n\t\t\t\t<div class=\"elementor-element elementor-element-df95514 elementor-widget elementor-widget-text-editor\" data-id=\"df95514\" data-element_type=\"widget\" data-e-type=\"widget\" data-widget_type=\"text-editor.default\">\n\t\t\t\t<div class=\"elementor-widget-container\">\n\t\t\t\t\t\t\t\t\t<p>Die Studierenden sollen im Rahmen des Workshops ein theoretisches sowie praktisches Verst\u00e4ndnis f\u00fcr agile Prozesse ausbilden. Sie sollen sich durch den praktischen Teil des Workshops insbesondere mit dem Scrum-Framework und dessen Prozessschritten, Rollen\/Perspektiven und Artefakten vertraut machen. Weiterhin soll der Workshop den Teilnehmer*innen den iterativen und adaptiven Charakter agiler Arbeitsweisen als alternativen Ansatz des Projekt- und Selbstmanagements kennenlernen. Hier liegt der Fokus auf dem selbstverantwortlichen Arbeiten in kleinen interdisziplin\u00e4ren Teams.<\/p>\t\t\t\t\t\t\t\t<\/div>\n\t\t\t\t<\/div>\n\t\t\t\t<div class=\"elementor-element elementor-element-8ff81b5 elementor-widget elementor-widget-menu-anchor\" data-id=\"8ff81b5\" data-element_type=\"widget\" data-e-type=\"widget\" data-widget_type=\"menu-anchor.default\">\n\t\t\t\t<div class=\"elementor-widget-container\">\n\t\t\t\t\t\t\t<div class=\"elementor-menu-anchor\" id=\"ablauf\"><\/div>\n\t\t\t\t\t\t<\/div>\n\t\t\t\t<\/div>\n\t\t\t\t<div class=\"elementor-element elementor-element-455788d elementor-widget-divider--view-line elementor-widget elementor-widget-divider\" data-id=\"455788d\" data-element_type=\"widget\" data-e-type=\"widget\" data-widget_type=\"divider.default\">\n\t\t\t\t<div class=\"elementor-widget-container\">\n\t\t\t\t\t\t\t<div class=\"elementor-divider\">\n\t\t\t<span class=\"elementor-divider-separator\">\n\t\t\t\t\t\t<\/span>\n\t\t<\/div>\n\t\t\t\t\t\t<\/div>\n\t\t\t\t<\/div>\n\t\t\t\t<div class=\"elementor-element elementor-element-703009f elementor-widget elementor-widget-heading\" data-id=\"703009f\" data-element_type=\"widget\" data-e-type=\"widget\" data-widget_type=\"heading.default\">\n\t\t\t\t<div class=\"elementor-widget-container\">\n\t\t\t\t\t<h2 class=\"elementor-heading-title elementor-size-default\">Ablauf<\/h2>\t\t\t\t<\/div>\n\t\t\t\t<\/div>\n\t\t\t\t<div class=\"elementor-element elementor-element-c5e547b elementor-widget elementor-widget-text-editor\" data-id=\"c5e547b\" data-element_type=\"widget\" data-e-type=\"widget\" data-widget_type=\"text-editor.default\">\n\t\t\t\t<div class=\"elementor-widget-container\">\n\t\t\t\t\t\t\t\t\t<h4><span style=\"text-decoration: underline;\">Onboarding:<\/span><\/h4><ul><li>Teilnehmende verbinden sich mit den digitalen Tools und machen sich mit diesen vertraut.<\/li><li>Hier k\u00f6nnen bereits aufkommende Fragen und Probleme gekl\u00e4rt werden.<\/li><li>Teilnehmende k\u00f6nnen sich hier bereits gegenseitig bekannt machen.<\/li><\/ul><h4><span style=\"text-decoration: underline;\">Vorstellung des Workshops und Warm-Up<\/span><\/h4><ul><li>Zun\u00e4chst wird der Ablauf und die Zielsetzung des Workshops erl\u00e4utert.<\/li><li>Daraufhin stellen sich die Teilnehmer*innen anhand eines kurzen Spiels vor.<\/li><\/ul><h4><span style=\"text-decoration: underline;\">Generieren von Epics und User-Stories<\/span><\/h4><ul><li>Brainstormen von Nutzenden oder Kunden mithilfe von einer Visualisierung durch 2D-Assets.<\/li><li>Einf\u00fchrung des Planning-Boards und Definieren von einem Epic, welches sp\u00e4ter bearbeitet werden soll.<\/li><li>User-Stories werden formuliert.<\/li><li>Einteilen in Teams und Vergeben von Scrum-Rollen des Product-Owners und Scrum-Masters.<\/li><li>Product- und Sprint-Backlogs werden eingef\u00fchrt und erl\u00e4utert.<\/li><li>Planning Poker wird erl\u00e4utert und einge\u00fcbt.<\/li><li>Einteilen der Teams zu ihren eigenen Scrum-Boards.<\/li><\/ul><h4><span style=\"text-decoration: underline;\">Scrum Cycle &#8211; Sprinten<\/span><\/h4><ul><li style=\"list-style-type: none;\"><ul><li>Durchf\u00fchren von 3-4 Sprints.<\/li><li>Planning: Teams organisieren sich und vergeben Tasks und ordnen das Scrum-Board.<\/li><li>3-4 Arbeitstage: In dieser Zeit arbeiten die Teams an ihren Inkrementen. Nach dem Ablauf des Arbeitstages beginnt das Daily.<\/li><li>Daily: Reflektieren \u00fcber letzten Arbeitstag. Ggf. Anpassen der Arbeitsprozesse und Orientierung f\u00fcr n\u00e4chsten Arbeitstag.<\/li><li>Review: Die Product-Owner stellen den aktuellen Stand des Produkts vor. Anschlie\u00dfendes Feedback der Stakeholder.<\/li><li>Pause<\/li><li>Retro: Reflektieren des Sprints. Fokus auf Anpassung und Verbesserung der Prozesse.<\/li><\/ul><\/li><\/ul><h4><span style=\"text-decoration: underline;\">Frage- und Feedbackrunde<\/span><\/h4><ul><li>Retro des Workshops wird durchgef\u00fchrt.<\/li><li>Feedback und offener Raum f\u00fcr Fragen.<\/li><\/ul>\t\t\t\t\t\t\t\t<\/div>\n\t\t\t\t<\/div>\n\t\t\t\t<div class=\"elementor-element elementor-element-b72ba8c elementor-widget elementor-widget-menu-anchor\" data-id=\"b72ba8c\" data-element_type=\"widget\" data-e-type=\"widget\" data-widget_type=\"menu-anchor.default\">\n\t\t\t\t<div class=\"elementor-widget-container\">\n\t\t\t\t\t\t\t<div class=\"elementor-menu-anchor\" id=\"impressionen\"><\/div>\n\t\t\t\t\t\t<\/div>\n\t\t\t\t<\/div>\n\t\t\t\t<div class=\"elementor-element elementor-element-2ce0252 elementor-widget-divider--view-line elementor-widget elementor-widget-divider\" data-id=\"2ce0252\" data-element_type=\"widget\" data-e-type=\"widget\" data-widget_type=\"divider.default\">\n\t\t\t\t<div class=\"elementor-widget-container\">\n\t\t\t\t\t\t\t<div class=\"elementor-divider\">\n\t\t\t<span class=\"elementor-divider-separator\">\n\t\t\t\t\t\t<\/span>\n\t\t<\/div>\n\t\t\t\t\t\t<\/div>\n\t\t\t\t<\/div>\n\t\t\t\t<div class=\"elementor-element elementor-element-185fb40 elementor-widget elementor-widget-heading\" data-id=\"185fb40\" data-element_type=\"widget\" data-e-type=\"widget\" data-widget_type=\"heading.default\">\n\t\t\t\t<div class=\"elementor-widget-container\">\n\t\t\t\t\t<h2 class=\"elementor-heading-title elementor-size-default\">Impressionen<\/h2>\t\t\t\t<\/div>\n\t\t\t\t<\/div>\n\t\t\t\t<section class=\"elementor-section elementor-inner-section elementor-element elementor-element-f1ce58c elementor-section-boxed elementor-section-height-default elementor-section-height-default\" data-id=\"f1ce58c\" data-element_type=\"section\" data-e-type=\"section\">\n\t\t\t\t\t\t<div class=\"elementor-container elementor-column-gap-default\">\n\t\t\t\t\t<div class=\"elementor-column elementor-col-50 elementor-inner-column elementor-element elementor-element-344e285\" data-id=\"344e285\" data-element_type=\"column\" data-e-type=\"column\">\n\t\t\t<div class=\"elementor-widget-wrap elementor-element-populated\">\n\t\t\t\t\t\t<div class=\"elementor-element elementor-element-602ff5b elementor-widget__width-initial elementor-widget elementor-widget-image\" data-id=\"602ff5b\" data-element_type=\"widget\" data-e-type=\"widget\" data-widget_type=\"image.default\">\n\t\t\t\t<div class=\"elementor-widget-container\">\n\t\t\t\t\t\t\t\t\t\t\t\t\t\t\t<img fetchpriority=\"high\" decoding=\"async\" width=\"974\" height=\"411\" src=\"https:\/\/medienwissenschaft.uni-bayreuth.de\/gil\/wp-content\/uploads\/sites\/2\/2023\/08\/virtual_land_2.png\" class=\"attachment-large size-large wp-image-3823\" alt=\"\" srcset=\"https:\/\/medienwissenschaft.uni-bayreuth.de\/gil\/wp-content\/uploads\/sites\/2\/2023\/08\/virtual_land_2.png 974w, https:\/\/medienwissenschaft.uni-bayreuth.de\/gil\/wp-content\/uploads\/sites\/2\/2023\/08\/virtual_land_2-300x127.png 300w, https:\/\/medienwissenschaft.uni-bayreuth.de\/gil\/wp-content\/uploads\/sites\/2\/2023\/08\/virtual_land_2-768x324.png 768w\" sizes=\"(max-width: 974px) 100vw, 974px\" \/>\t\t\t\t\t\t\t\t\t\t\t\t\t\t\t<\/div>\n\t\t\t\t<\/div>\n\t\t\t\t<div class=\"elementor-element elementor-element-baa47cf elementor-widget elementor-widget-image\" data-id=\"baa47cf\" data-element_type=\"widget\" data-e-type=\"widget\" data-widget_type=\"image.default\">\n\t\t\t\t<div class=\"elementor-widget-container\">\n\t\t\t\t\t\t\t\t\t\t\t\t\t\t\t<img decoding=\"async\" width=\"833\" height=\"556\" src=\"https:\/\/medienwissenschaft.uni-bayreuth.de\/gil\/wp-content\/uploads\/sites\/2\/2023\/08\/virtual_land_4.png\" class=\"attachment-large size-large wp-image-3825\" alt=\"\" srcset=\"https:\/\/medienwissenschaft.uni-bayreuth.de\/gil\/wp-content\/uploads\/sites\/2\/2023\/08\/virtual_land_4.png 833w, https:\/\/medienwissenschaft.uni-bayreuth.de\/gil\/wp-content\/uploads\/sites\/2\/2023\/08\/virtual_land_4-300x200.png 300w, https:\/\/medienwissenschaft.uni-bayreuth.de\/gil\/wp-content\/uploads\/sites\/2\/2023\/08\/virtual_land_4-768x513.png 768w\" sizes=\"(max-width: 833px) 100vw, 833px\" \/>\t\t\t\t\t\t\t\t\t\t\t\t\t\t\t<\/div>\n\t\t\t\t<\/div>\n\t\t\t\t\t<\/div>\n\t\t<\/div>\n\t\t\t\t<div class=\"elementor-column elementor-col-50 elementor-inner-column elementor-element elementor-element-534b80d\" data-id=\"534b80d\" data-element_type=\"column\" data-e-type=\"column\">\n\t\t\t<div class=\"elementor-widget-wrap elementor-element-populated\">\n\t\t\t\t\t\t<div class=\"elementor-element elementor-element-7283286 elementor-widget__width-initial elementor-widget elementor-widget-image\" data-id=\"7283286\" data-element_type=\"widget\" data-e-type=\"widget\" data-widget_type=\"image.default\">\n\t\t\t\t<div class=\"elementor-widget-container\">\n\t\t\t\t\t\t\t\t\t\t\t\t\t\t\t<img decoding=\"async\" width=\"785\" height=\"502\" src=\"https:\/\/medienwissenschaft.uni-bayreuth.de\/gil\/wp-content\/uploads\/sites\/2\/2023\/08\/virtual_land_3.png\" class=\"attachment-large size-large wp-image-3824\" alt=\"\" srcset=\"https:\/\/medienwissenschaft.uni-bayreuth.de\/gil\/wp-content\/uploads\/sites\/2\/2023\/08\/virtual_land_3.png 785w, https:\/\/medienwissenschaft.uni-bayreuth.de\/gil\/wp-content\/uploads\/sites\/2\/2023\/08\/virtual_land_3-300x192.png 300w, https:\/\/medienwissenschaft.uni-bayreuth.de\/gil\/wp-content\/uploads\/sites\/2\/2023\/08\/virtual_land_3-768x491.png 768w\" sizes=\"(max-width: 785px) 100vw, 785px\" \/>\t\t\t\t\t\t\t\t\t\t\t\t\t\t\t<\/div>\n\t\t\t\t<\/div>\n\t\t\t\t<div class=\"elementor-element elementor-element-481e439 elementor-widget__width-initial elementor-widget elementor-widget-image\" data-id=\"481e439\" data-element_type=\"widget\" data-e-type=\"widget\" data-widget_type=\"image.default\">\n\t\t\t\t<div class=\"elementor-widget-container\">\n\t\t\t\t\t\t\t\t\t\t\t\t\t\t\t<img loading=\"lazy\" decoding=\"async\" width=\"481\" height=\"308\" src=\"https:\/\/medienwissenschaft.uni-bayreuth.de\/gil\/wp-content\/uploads\/sites\/2\/2023\/08\/virtual_land.png\" class=\"attachment-large size-large wp-image-3822\" alt=\"\" srcset=\"https:\/\/medienwissenschaft.uni-bayreuth.de\/gil\/wp-content\/uploads\/sites\/2\/2023\/08\/virtual_land.png 481w, https:\/\/medienwissenschaft.uni-bayreuth.de\/gil\/wp-content\/uploads\/sites\/2\/2023\/08\/virtual_land-300x192.png 300w\" sizes=\"(max-width: 481px) 100vw, 481px\" \/>\t\t\t\t\t\t\t\t\t\t\t\t\t\t\t<\/div>\n\t\t\t\t<\/div>\n\t\t\t\t\t<\/div>\n\t\t<\/div>\n\t\t\t\t\t<\/div>\n\t\t<\/section>\n\t\t\t\t<div class=\"elementor-element elementor-element-b250c45 elementor-widget elementor-widget-spacer\" data-id=\"b250c45\" data-element_type=\"widget\" data-e-type=\"widget\" data-widget_type=\"spacer.default\">\n\t\t\t\t<div class=\"elementor-widget-container\">\n\t\t\t\t\t\t\t<div class=\"elementor-spacer\">\n\t\t\t<div class=\"elementor-spacer-inner\"><\/div>\n\t\t<\/div>\n\t\t\t\t\t\t<\/div>\n\t\t\t\t<\/div>\n\t\t\t\t\t<\/div>\n\t\t<\/div>\n\t\t\t\t\t<\/div>\n\t\t<\/section>\n\t\t\t\t<\/div>\n\t\t","protected":false},"excerpt":{"rendered":"<p>Virtual-Land-Scrum Abstract In diesem Workshop wird anhand von praktischen \u00dcbungen ein Verst\u00e4ndnis f\u00fcr das Projektmanagement mit Scrum entwickelt. Nach spezifischen spielerischen Lehreinheiten, welche jeweils unterschiedliche fundamentale Ideen von Scrum vermitteln, wird in Teams ein kreatives Projekt mit hilfe von Scrum umgesetzt. Dabei handelt es sich thematisch um ein Virtual-Land mit Freizeitangeboten und Events in unterschiedlichen [&hellip;]<\/p>\n","protected":false},"author":69,"featured_media":0,"parent":2678,"menu_order":0,"comment_status":"closed","ping_status":"closed","template":"","meta":{"_acf_changed":false,"site-sidebar-layout":"no-sidebar","site-content-layout":"page-builder","ast-site-content-layout":"default","site-content-style":"default","site-sidebar-style":"default","ast-global-header-display":"","ast-banner-title-visibility":"","ast-main-header-display":"","ast-hfb-above-header-display":"","ast-hfb-below-header-display":"","ast-hfb-mobile-header-display":"","site-post-title":"disabled","ast-breadcrumbs-content":"","ast-featured-img":"disabled","footer-sml-layout":"","ast-disable-related-posts":"","theme-transparent-header-meta":"default","adv-header-id-meta":"","stick-header-meta":"","header-above-stick-meta":"","header-main-stick-meta":"","header-below-stick-meta":"","astra-migrate-meta-layouts":"default","ast-page-background-enabled":"default","ast-page-background-meta":{"desktop":{"background-color":"","background-image":"","background-repeat":"repeat","background-position":"center center","background-size":"auto","background-attachment":"scroll","background-type":"","background-media":"","overlay-type":"","overlay-color":"","overlay-opacity":"","overlay-gradient":""},"tablet":{"background-color":"","background-image":"","background-repeat":"repeat","background-position":"center center","background-size":"auto","background-attachment":"scroll","background-type":"","background-media":"","overlay-type":"","overlay-color":"","overlay-opacity":"","overlay-gradient":""},"mobile":{"background-color":"","background-image":"","background-repeat":"repeat","background-position":"center center","background-size":"auto","background-attachment":"scroll","background-type":"","background-media":"","overlay-type":"","overlay-color":"","overlay-opacity":"","overlay-gradient":""}},"ast-content-background-meta":{"desktop":{"background-color":"var(--ast-global-color-5)","background-image":"","background-repeat":"repeat","background-position":"center center","background-size":"auto","background-attachment":"scroll","background-type":"","background-media":"","overlay-type":"","overlay-color":"","overlay-opacity":"","overlay-gradient":""},"tablet":{"background-color":"var(--ast-global-color-5)","background-image":"","background-repeat":"repeat","background-position":"center center","background-size":"auto","background-attachment":"scroll","background-type":"","background-media":"","overlay-type":"","overlay-color":"","overlay-opacity":"","overlay-gradient":""},"mobile":{"background-color":"var(--ast-global-color-5)","background-image":"","background-repeat":"repeat","background-position":"center center","background-size":"auto","background-attachment":"scroll","background-type":"","background-media":"","overlay-type":"","overlay-color":"","overlay-opacity":"","overlay-gradient":""}},"footnotes":""},"class_list":["post-3707","page","type-page","status-publish","hentry"],"acf":[],"_links":{"self":[{"href":"https:\/\/medienwissenschaft.uni-bayreuth.de\/gil\/wp-json\/wp\/v2\/pages\/3707","targetHints":{"allow":["GET"]}}],"collection":[{"href":"https:\/\/medienwissenschaft.uni-bayreuth.de\/gil\/wp-json\/wp\/v2\/pages"}],"about":[{"href":"https:\/\/medienwissenschaft.uni-bayreuth.de\/gil\/wp-json\/wp\/v2\/types\/page"}],"author":[{"embeddable":true,"href":"https:\/\/medienwissenschaft.uni-bayreuth.de\/gil\/wp-json\/wp\/v2\/users\/69"}],"replies":[{"embeddable":true,"href":"https:\/\/medienwissenschaft.uni-bayreuth.de\/gil\/wp-json\/wp\/v2\/comments?post=3707"}],"version-history":[{"count":23,"href":"https:\/\/medienwissenschaft.uni-bayreuth.de\/gil\/wp-json\/wp\/v2\/pages\/3707\/revisions"}],"predecessor-version":[{"id":3957,"href":"https:\/\/medienwissenschaft.uni-bayreuth.de\/gil\/wp-json\/wp\/v2\/pages\/3707\/revisions\/3957"}],"up":[{"embeddable":true,"href":"https:\/\/medienwissenschaft.uni-bayreuth.de\/gil\/wp-json\/wp\/v2\/pages\/2678"}],"wp:attachment":[{"href":"https:\/\/medienwissenschaft.uni-bayreuth.de\/gil\/wp-json\/wp\/v2\/media?parent=3707"}],"curies":[{"name":"wp","href":"https:\/\/api.w.org\/{rel}","templated":true}]}}