{"id":3706,"date":"2023-08-08T11:00:52","date_gmt":"2023-08-08T09:00:52","guid":{"rendered":"https:\/\/medienwissenschaft.uni-bayreuth.de\/gil\/?page_id=3706"},"modified":"2023-08-14T14:03:09","modified_gmt":"2023-08-14T12:03:09","slug":"agile-basics","status":"publish","type":"page","link":"https:\/\/medienwissenschaft.uni-bayreuth.de\/gil\/lehre\/agile-basics\/","title":{"rendered":"Agile-Basics"},"content":{"rendered":"\t\t<div data-elementor-type=\"wp-page\" data-elementor-id=\"3706\" class=\"elementor elementor-3706\">\n\t\t\t\t\t\t<section class=\"elementor-section elementor-top-section elementor-element elementor-element-16e54cd elementor-section-full_width elementor-section-height-default elementor-section-height-default\" data-id=\"16e54cd\" data-element_type=\"section\" data-e-type=\"section\">\n\t\t\t\t\t\t<div class=\"elementor-container elementor-column-gap-default\">\n\t\t\t\t\t<div class=\"elementor-column elementor-col-100 elementor-top-column elementor-element elementor-element-7d77aa2 elementor-hidden-tablet elementor-hidden-mobile\" data-id=\"7d77aa2\" data-element_type=\"column\" data-e-type=\"column\" data-settings=\"{&quot;background_background&quot;:&quot;classic&quot;}\">\n\t\t\t<div class=\"elementor-widget-wrap elementor-element-populated\">\n\t\t\t\t\t\t<div class=\"elementor-element elementor-element-f6b09fc elementor-widget elementor-widget-spacer\" data-id=\"f6b09fc\" data-element_type=\"widget\" data-e-type=\"widget\" data-widget_type=\"spacer.default\">\n\t\t\t\t<div class=\"elementor-widget-container\">\n\t\t\t\t\t\t\t<div class=\"elementor-spacer\">\n\t\t\t<div class=\"elementor-spacer-inner\"><\/div>\n\t\t<\/div>\n\t\t\t\t\t\t<\/div>\n\t\t\t\t<\/div>\n\t\t\t\t\t<\/div>\n\t\t<\/div>\n\t\t\t\t\t<\/div>\n\t\t<\/section>\n\t\t\t\t<section class=\"elementor-section elementor-top-section elementor-element elementor-element-d35c13f elementor-section-boxed elementor-section-height-default elementor-section-height-default\" data-id=\"d35c13f\" data-element_type=\"section\" data-e-type=\"section\">\n\t\t\t\t\t\t<div class=\"elementor-container elementor-column-gap-default\">\n\t\t\t\t\t<div class=\"elementor-column elementor-col-100 elementor-top-column elementor-element elementor-element-149f50b\" data-id=\"149f50b\" data-element_type=\"column\" data-e-type=\"column\" data-settings=\"{&quot;background_background&quot;:&quot;classic&quot;}\">\n\t\t\t<div class=\"elementor-widget-wrap elementor-element-populated\">\n\t\t\t\t\t\t<div class=\"elementor-element elementor-element-3b676fc elementor-widget elementor-widget-heading\" data-id=\"3b676fc\" data-element_type=\"widget\" data-e-type=\"widget\" data-widget_type=\"heading.default\">\n\t\t\t\t<div class=\"elementor-widget-container\">\n\t\t\t\t\t<h2 class=\"elementor-heading-title elementor-size-default\">Agile Basics<\/h2>\t\t\t\t<\/div>\n\t\t\t\t<\/div>\n\t\t\t\t<div class=\"elementor-element elementor-element-1c2d887 elementor-widget elementor-widget-text-editor\" data-id=\"1c2d887\" data-element_type=\"widget\" data-e-type=\"widget\" data-widget_type=\"text-editor.default\">\n\t\t\t\t<div class=\"elementor-widget-container\">\n\t\t\t\t\t\t\t\t\t<h2>Abstract<\/h2><p><span style=\"font-size: 15px\">D<\/span>ie praktische Einf\u00fchrungsveranstaltung gibt erste Einblicke in die Philosophie, den Prozess und die Prinzipien der agilen Entwicklung. Anhand praktischer Beispiele wird aufgezeigt und erl\u00e4utert, worin die Vorteile eines agilen Vorgehens bestehen. Die Anwendung agiler Prinzipien wird sowohl im Rahmen der Projektplanung als auch der Durchf\u00fchrung mit den Studierenden besprochen und auf ihre eigenen Projektvorhaben angewandt. Den Abschluss bildet eine \u00dcbersicht \u00fcber die Rollen, Artefakte und Perspektiven von Scrum, um die Studierenden mit dem grundlegenden Vokabular vertraut zu machen.<\/p><p>Dieser Kurs wird in Verbindung mit einem der praktischen Scrum-Workshops angeboten.<\/p>\t\t\t\t\t\t\t\t<\/div>\n\t\t\t\t<\/div>\n\t\t\t\t<section class=\"elementor-section elementor-inner-section elementor-element elementor-element-ab3e1cc elementor-section-boxed elementor-section-height-default elementor-section-height-default\" data-id=\"ab3e1cc\" data-element_type=\"section\" data-e-type=\"section\">\n\t\t\t\t\t\t<div class=\"elementor-container elementor-column-gap-default\">\n\t\t\t\t\t<div class=\"elementor-column elementor-col-33 elementor-inner-column elementor-element elementor-element-ce28f02\" data-id=\"ce28f02\" data-element_type=\"column\" data-e-type=\"column\">\n\t\t\t<div class=\"elementor-widget-wrap elementor-element-populated\">\n\t\t\t\t\t\t<div class=\"elementor-element elementor-element-22bbb28 elementor-align-justify elementor-widget__width-initial elementor-widget elementor-widget-button\" data-id=\"22bbb28\" data-element_type=\"widget\" data-e-type=\"widget\" data-widget_type=\"button.default\">\n\t\t\t\t<div class=\"elementor-widget-container\">\n\t\t\t\t\t\t\t\t\t<div class=\"elementor-button-wrapper\">\n\t\t\t\t\t<a class=\"elementor-button elementor-button-link elementor-size-xl elementor-animation-grow\" href=\"#zielsetzung\" target=\"_blank\">\n\t\t\t\t\t\t<span class=\"elementor-button-content-wrapper\">\n\t\t\t\t\t\t<span class=\"elementor-button-icon\">\n\t\t\t\t<i aria-hidden=\"true\" class=\"fas fa-crown\"><\/i>\t\t\t<\/span>\n\t\t\t\t\t\t\t\t\t<span class=\"elementor-button-text\">Zielsetzung<\/span>\n\t\t\t\t\t<\/span>\n\t\t\t\t\t<\/a>\n\t\t\t\t<\/div>\n\t\t\t\t\t\t\t\t<\/div>\n\t\t\t\t<\/div>\n\t\t\t\t\t<\/div>\n\t\t<\/div>\n\t\t\t\t<div class=\"elementor-column elementor-col-33 elementor-inner-column elementor-element elementor-element-1ddb29e\" data-id=\"1ddb29e\" data-element_type=\"column\" data-e-type=\"column\">\n\t\t\t<div class=\"elementor-widget-wrap elementor-element-populated\">\n\t\t\t\t\t\t<div class=\"elementor-element elementor-element-7e9fe68 elementor-align-justify elementor-widget__width-initial elementor-widget elementor-widget-button\" data-id=\"7e9fe68\" data-element_type=\"widget\" data-e-type=\"widget\" data-widget_type=\"button.default\">\n\t\t\t\t<div class=\"elementor-widget-container\">\n\t\t\t\t\t\t\t\t\t<div class=\"elementor-button-wrapper\">\n\t\t\t\t\t<a class=\"elementor-button elementor-button-link elementor-size-xl elementor-animation-grow\" href=\"#ablauf\" target=\"_blank\">\n\t\t\t\t\t\t<span class=\"elementor-button-content-wrapper\">\n\t\t\t\t\t\t<span class=\"elementor-button-icon\">\n\t\t\t\t<i aria-hidden=\"true\" class=\"fas fa-list\"><\/i>\t\t\t<\/span>\n\t\t\t\t\t\t\t\t\t<span class=\"elementor-button-text\">Ablauf<\/span>\n\t\t\t\t\t<\/span>\n\t\t\t\t\t<\/a>\n\t\t\t\t<\/div>\n\t\t\t\t\t\t\t\t<\/div>\n\t\t\t\t<\/div>\n\t\t\t\t\t<\/div>\n\t\t<\/div>\n\t\t\t\t<div class=\"elementor-column elementor-col-33 elementor-inner-column elementor-element elementor-element-5f764a7\" data-id=\"5f764a7\" data-element_type=\"column\" data-e-type=\"column\">\n\t\t\t<div class=\"elementor-widget-wrap elementor-element-populated\">\n\t\t\t\t\t\t<div class=\"elementor-element elementor-element-e7cc658 elementor-align-justify elementor-widget__width-initial elementor-widget elementor-widget-button\" data-id=\"e7cc658\" data-element_type=\"widget\" data-e-type=\"widget\" data-widget_type=\"button.default\">\n\t\t\t\t<div class=\"elementor-widget-container\">\n\t\t\t\t\t\t\t\t\t<div class=\"elementor-button-wrapper\">\n\t\t\t\t\t<a class=\"elementor-button elementor-button-link elementor-size-xl elementor-animation-grow\" href=\"#impressionen\" target=\"_blank\">\n\t\t\t\t\t\t<span class=\"elementor-button-content-wrapper\">\n\t\t\t\t\t\t<span class=\"elementor-button-icon\">\n\t\t\t\t<i aria-hidden=\"true\" class=\"fas fa-icons\"><\/i>\t\t\t<\/span>\n\t\t\t\t\t\t\t\t\t<span class=\"elementor-button-text\">Impressionen<\/span>\n\t\t\t\t\t<\/span>\n\t\t\t\t\t<\/a>\n\t\t\t\t<\/div>\n\t\t\t\t\t\t\t\t<\/div>\n\t\t\t\t<\/div>\n\t\t\t\t\t<\/div>\n\t\t<\/div>\n\t\t\t\t\t<\/div>\n\t\t<\/section>\n\t\t\t\t<div class=\"elementor-element elementor-element-7d8656f elementor-widget elementor-widget-menu-anchor\" data-id=\"7d8656f\" data-element_type=\"widget\" data-e-type=\"widget\" data-widget_type=\"menu-anchor.default\">\n\t\t\t\t<div class=\"elementor-widget-container\">\n\t\t\t\t\t\t\t<div class=\"elementor-menu-anchor\" id=\"zielsetzung\"><\/div>\n\t\t\t\t\t\t<\/div>\n\t\t\t\t<\/div>\n\t\t\t\t<div class=\"elementor-element elementor-element-d968f1c elementor-widget-divider--view-line elementor-widget elementor-widget-divider\" data-id=\"d968f1c\" data-element_type=\"widget\" data-e-type=\"widget\" data-widget_type=\"divider.default\">\n\t\t\t\t<div class=\"elementor-widget-container\">\n\t\t\t\t\t\t\t<div class=\"elementor-divider\">\n\t\t\t<span class=\"elementor-divider-separator\">\n\t\t\t\t\t\t<\/span>\n\t\t<\/div>\n\t\t\t\t\t\t<\/div>\n\t\t\t\t<\/div>\n\t\t\t\t<div class=\"elementor-element elementor-element-e5a93e4 elementor-widget elementor-widget-heading\" data-id=\"e5a93e4\" data-element_type=\"widget\" data-e-type=\"widget\" data-widget_type=\"heading.default\">\n\t\t\t\t<div class=\"elementor-widget-container\">\n\t\t\t\t\t<h2 class=\"elementor-heading-title elementor-size-default\">Zielsetzung<\/h2>\t\t\t\t<\/div>\n\t\t\t\t<\/div>\n\t\t\t\t<div class=\"elementor-element elementor-element-e509b9b elementor-widget elementor-widget-text-editor\" data-id=\"e509b9b\" data-element_type=\"widget\" data-e-type=\"widget\" data-widget_type=\"text-editor.default\">\n\t\t\t\t<div class=\"elementor-widget-container\">\n\t\t\t\t\t\t\t\t\t<p>Die Studierenden sollen im Rahmen des Workshops ein theoretisches sowie praktisches Verst\u00e4ndnis f\u00fcr agile Prozesse ausbilden. In dem Agile-Basics Workshop sollen die grundlegenden theoretischen Kompetenzen und Arbeitsprozesse f\u00fcr agiles Arbeiten erlernt werden. Zus\u00e4tzlich zu der theoretisch vermittelten Lehreinheit werden diese Theorien praktisch in spielerischen Umgebungen gefestigt und vermittelt.<\/p>\t\t\t\t\t\t\t\t<\/div>\n\t\t\t\t<\/div>\n\t\t\t\t<div class=\"elementor-element elementor-element-2315fdf elementor-widget elementor-widget-menu-anchor\" data-id=\"2315fdf\" data-element_type=\"widget\" data-e-type=\"widget\" data-widget_type=\"menu-anchor.default\">\n\t\t\t\t<div class=\"elementor-widget-container\">\n\t\t\t\t\t\t\t<div class=\"elementor-menu-anchor\" id=\"ablauf\"><\/div>\n\t\t\t\t\t\t<\/div>\n\t\t\t\t<\/div>\n\t\t\t\t<div class=\"elementor-element elementor-element-b042816 elementor-widget-divider--view-line elementor-widget elementor-widget-divider\" data-id=\"b042816\" data-element_type=\"widget\" data-e-type=\"widget\" data-widget_type=\"divider.default\">\n\t\t\t\t<div class=\"elementor-widget-container\">\n\t\t\t\t\t\t\t<div class=\"elementor-divider\">\n\t\t\t<span class=\"elementor-divider-separator\">\n\t\t\t\t\t\t<\/span>\n\t\t<\/div>\n\t\t\t\t\t\t<\/div>\n\t\t\t\t<\/div>\n\t\t\t\t<div class=\"elementor-element elementor-element-62f077d elementor-widget elementor-widget-heading\" data-id=\"62f077d\" data-element_type=\"widget\" data-e-type=\"widget\" data-widget_type=\"heading.default\">\n\t\t\t\t<div class=\"elementor-widget-container\">\n\t\t\t\t\t<h2 class=\"elementor-heading-title elementor-size-default\">Ablauf<\/h2>\t\t\t\t<\/div>\n\t\t\t\t<\/div>\n\t\t\t\t<div class=\"elementor-element elementor-element-19500fc elementor-widget elementor-widget-text-editor\" data-id=\"19500fc\" data-element_type=\"widget\" data-e-type=\"widget\" data-widget_type=\"text-editor.default\">\n\t\t\t\t<div class=\"elementor-widget-container\">\n\t\t\t\t\t\t\t\t\t<h4><span style=\"text-decoration: underline;\">Onboarding:<\/span><\/h4><ul><li>Das Onboarding dient den Teilnehmenden dazu sich in die digitalen Tools Zoom und Miro anzumelden und sich mit diesen vertraut zu machen.<\/li><li>Aufkommende Fragen und Probleme k\u00f6nnen hier bereits gekl\u00e4rt werden.<\/li><li>Es findet ein Warm-Up statt, mit dem sowohl die Tools als auch die Teilnehmenden untereinander vertrauter gemacht werden.\u00a0<\/li><\/ul><h4><span style=\"text-decoration: underline;\">Einf\u00fchrung in das agile Arbeiten<\/span><\/h4><ul><li>Mit Hilfe der Cookie-Challenge wird eine kritische Perspektive auf das Wasserfallmodell entwickelt.<\/li><li>Agile Ausgangslage und aktuelle Arbeitssituationen werden besprochen und erl\u00e4utert.<\/li><li>Das Agile Manifest inklusive Werte, Prinzipien und Methoden der agilen Teamarbeit werden aufgezeigt.<\/li><\/ul><h4><span style=\"text-decoration: underline;\">Praktische Perspektive auf die Theorien<\/span><\/h4><ul><li>Mit praktisch ausge\u00fcbten Konzepten und Spielen werden kritische Perspektiven auf Arbeitsprozesse, Teamf\u00e4higkeiten und -koordination gefestigt.<\/li><\/ul><h4><span style=\"text-decoration: underline;\">Frage- und Feedbackrunde<\/span><\/h4><ul><li>Raum f\u00fcr Fragen und Feedback der gelernten Prozesse und Ideen.<\/li><\/ul>\t\t\t\t\t\t\t\t<\/div>\n\t\t\t\t<\/div>\n\t\t\t\t<div class=\"elementor-element elementor-element-a8d73ba elementor-widget elementor-widget-menu-anchor\" data-id=\"a8d73ba\" data-element_type=\"widget\" data-e-type=\"widget\" data-widget_type=\"menu-anchor.default\">\n\t\t\t\t<div class=\"elementor-widget-container\">\n\t\t\t\t\t\t\t<div class=\"elementor-menu-anchor\" id=\"impressionen\"><\/div>\n\t\t\t\t\t\t<\/div>\n\t\t\t\t<\/div>\n\t\t\t\t<div class=\"elementor-element elementor-element-13c9cfb elementor-widget-divider--view-line elementor-widget elementor-widget-divider\" data-id=\"13c9cfb\" data-element_type=\"widget\" data-e-type=\"widget\" data-widget_type=\"divider.default\">\n\t\t\t\t<div class=\"elementor-widget-container\">\n\t\t\t\t\t\t\t<div class=\"elementor-divider\">\n\t\t\t<span class=\"elementor-divider-separator\">\n\t\t\t\t\t\t<\/span>\n\t\t<\/div>\n\t\t\t\t\t\t<\/div>\n\t\t\t\t<\/div>\n\t\t\t\t<div class=\"elementor-element elementor-element-d208651 elementor-widget elementor-widget-heading\" data-id=\"d208651\" data-element_type=\"widget\" data-e-type=\"widget\" data-widget_type=\"heading.default\">\n\t\t\t\t<div class=\"elementor-widget-container\">\n\t\t\t\t\t<h2 class=\"elementor-heading-title elementor-size-default\">Impressionen<\/h2>\t\t\t\t<\/div>\n\t\t\t\t<\/div>\n\t\t\t\t<section class=\"elementor-section elementor-inner-section elementor-element elementor-element-2521c09 elementor-section-boxed elementor-section-height-default elementor-section-height-default\" data-id=\"2521c09\" data-element_type=\"section\" data-e-type=\"section\">\n\t\t\t\t\t\t<div class=\"elementor-container elementor-column-gap-default\">\n\t\t\t\t\t<div class=\"elementor-column elementor-col-50 elementor-inner-column elementor-element elementor-element-3c9f356\" data-id=\"3c9f356\" data-element_type=\"column\" data-e-type=\"column\">\n\t\t\t<div class=\"elementor-widget-wrap elementor-element-populated\">\n\t\t\t\t\t\t<div class=\"elementor-element elementor-element-2e293c6 elementor-widget elementor-widget-image\" data-id=\"2e293c6\" data-element_type=\"widget\" data-e-type=\"widget\" data-widget_type=\"image.default\">\n\t\t\t\t<div class=\"elementor-widget-container\">\n\t\t\t\t\t\t\t\t\t\t\t\t\t\t\t<img fetchpriority=\"high\" decoding=\"async\" width=\"838\" height=\"461\" src=\"https:\/\/medienwissenschaft.uni-bayreuth.de\/gil\/wp-content\/uploads\/sites\/2\/2023\/08\/agile_basics.png\" class=\"attachment-large size-large wp-image-3809\" alt=\"\" srcset=\"https:\/\/medienwissenschaft.uni-bayreuth.de\/gil\/wp-content\/uploads\/sites\/2\/2023\/08\/agile_basics.png 838w, https:\/\/medienwissenschaft.uni-bayreuth.de\/gil\/wp-content\/uploads\/sites\/2\/2023\/08\/agile_basics-300x165.png 300w, https:\/\/medienwissenschaft.uni-bayreuth.de\/gil\/wp-content\/uploads\/sites\/2\/2023\/08\/agile_basics-768x422.png 768w\" sizes=\"(max-width: 838px) 100vw, 838px\" \/>\t\t\t\t\t\t\t\t\t\t\t\t\t\t\t<\/div>\n\t\t\t\t<\/div>\n\t\t\t\t<div class=\"elementor-element elementor-element-e253c7e elementor-widget elementor-widget-image\" data-id=\"e253c7e\" data-element_type=\"widget\" data-e-type=\"widget\" data-widget_type=\"image.default\">\n\t\t\t\t<div class=\"elementor-widget-container\">\n\t\t\t\t\t\t\t\t\t\t\t\t\t\t\t<img decoding=\"async\" width=\"713\" height=\"326\" src=\"https:\/\/medienwissenschaft.uni-bayreuth.de\/gil\/wp-content\/uploads\/sites\/2\/2023\/08\/agile_basics_3.png\" class=\"attachment-large size-large wp-image-3811\" alt=\"\" srcset=\"https:\/\/medienwissenschaft.uni-bayreuth.de\/gil\/wp-content\/uploads\/sites\/2\/2023\/08\/agile_basics_3.png 713w, https:\/\/medienwissenschaft.uni-bayreuth.de\/gil\/wp-content\/uploads\/sites\/2\/2023\/08\/agile_basics_3-300x137.png 300w\" sizes=\"(max-width: 713px) 100vw, 713px\" \/>\t\t\t\t\t\t\t\t\t\t\t\t\t\t\t<\/div>\n\t\t\t\t<\/div>\n\t\t\t\t\t<\/div>\n\t\t<\/div>\n\t\t\t\t<div class=\"elementor-column elementor-col-50 elementor-inner-column elementor-element elementor-element-6b83054\" data-id=\"6b83054\" data-element_type=\"column\" data-e-type=\"column\">\n\t\t\t<div class=\"elementor-widget-wrap elementor-element-populated\">\n\t\t\t\t\t\t<div class=\"elementor-element elementor-element-da76aea elementor-widget__width-initial elementor-widget elementor-widget-image\" data-id=\"da76aea\" data-element_type=\"widget\" data-e-type=\"widget\" data-widget_type=\"image.default\">\n\t\t\t\t<div class=\"elementor-widget-container\">\n\t\t\t\t\t\t\t\t\t\t\t\t\t\t\t<img decoding=\"async\" width=\"1024\" height=\"586\" src=\"https:\/\/medienwissenschaft.uni-bayreuth.de\/gil\/wp-content\/uploads\/sites\/2\/2023\/08\/agile_basics_2-1024x586.png\" class=\"attachment-large size-large wp-image-3810\" alt=\"\" srcset=\"https:\/\/medienwissenschaft.uni-bayreuth.de\/gil\/wp-content\/uploads\/sites\/2\/2023\/08\/agile_basics_2-1024x586.png 1024w, https:\/\/medienwissenschaft.uni-bayreuth.de\/gil\/wp-content\/uploads\/sites\/2\/2023\/08\/agile_basics_2-300x172.png 300w, https:\/\/medienwissenschaft.uni-bayreuth.de\/gil\/wp-content\/uploads\/sites\/2\/2023\/08\/agile_basics_2-768x439.png 768w, https:\/\/medienwissenschaft.uni-bayreuth.de\/gil\/wp-content\/uploads\/sites\/2\/2023\/08\/agile_basics_2.png 1187w\" sizes=\"(max-width: 1024px) 100vw, 1024px\" \/>\t\t\t\t\t\t\t\t\t\t\t\t\t\t\t<\/div>\n\t\t\t\t<\/div>\n\t\t\t\t<div class=\"elementor-element elementor-element-4d0a9ff elementor-widget__width-initial elementor-widget elementor-widget-image\" data-id=\"4d0a9ff\" data-element_type=\"widget\" data-e-type=\"widget\" data-widget_type=\"image.default\">\n\t\t\t\t<div class=\"elementor-widget-container\">\n\t\t\t\t\t\t\t\t\t\t\t\t\t\t\t<img loading=\"lazy\" decoding=\"async\" width=\"857\" height=\"509\" src=\"https:\/\/medienwissenschaft.uni-bayreuth.de\/gil\/wp-content\/uploads\/sites\/2\/2023\/08\/agile_basics_4.png\" class=\"attachment-large size-large wp-image-3812\" alt=\"\" srcset=\"https:\/\/medienwissenschaft.uni-bayreuth.de\/gil\/wp-content\/uploads\/sites\/2\/2023\/08\/agile_basics_4.png 857w, https:\/\/medienwissenschaft.uni-bayreuth.de\/gil\/wp-content\/uploads\/sites\/2\/2023\/08\/agile_basics_4-300x178.png 300w, https:\/\/medienwissenschaft.uni-bayreuth.de\/gil\/wp-content\/uploads\/sites\/2\/2023\/08\/agile_basics_4-768x456.png 768w\" sizes=\"(max-width: 857px) 100vw, 857px\" \/>\t\t\t\t\t\t\t\t\t\t\t\t\t\t\t<\/div>\n\t\t\t\t<\/div>\n\t\t\t\t\t<\/div>\n\t\t<\/div>\n\t\t\t\t\t<\/div>\n\t\t<\/section>\n\t\t\t\t<div class=\"elementor-element elementor-element-9e016c3 elementor-widget elementor-widget-spacer\" data-id=\"9e016c3\" data-element_type=\"widget\" data-e-type=\"widget\" data-widget_type=\"spacer.default\">\n\t\t\t\t<div class=\"elementor-widget-container\">\n\t\t\t\t\t\t\t<div class=\"elementor-spacer\">\n\t\t\t<div class=\"elementor-spacer-inner\"><\/div>\n\t\t<\/div>\n\t\t\t\t\t\t<\/div>\n\t\t\t\t<\/div>\n\t\t\t\t\t<\/div>\n\t\t<\/div>\n\t\t\t\t\t<\/div>\n\t\t<\/section>\n\t\t\t\t<\/div>\n\t\t","protected":false},"excerpt":{"rendered":"<p>Agile Basics Abstract Die praktische Einf\u00fchrungsveranstaltung gibt erste Einblicke in die Philosophie, den Prozess und die Prinzipien der agilen Entwicklung. Anhand praktischer Beispiele wird aufgezeigt und erl\u00e4utert, worin die Vorteile eines agilen Vorgehens bestehen. Die Anwendung agiler Prinzipien wird sowohl im Rahmen der Projektplanung als auch der Durchf\u00fchrung mit den Studierenden besprochen und auf ihre [&hellip;]<\/p>\n","protected":false},"author":69,"featured_media":0,"parent":2678,"menu_order":0,"comment_status":"closed","ping_status":"closed","template":"","meta":{"_acf_changed":false,"site-sidebar-layout":"no-sidebar","site-content-layout":"page-builder","ast-site-content-layout":"default","site-content-style":"default","site-sidebar-style":"default","ast-global-header-display":"","ast-banner-title-visibility":"","ast-main-header-display":"","ast-hfb-above-header-display":"","ast-hfb-below-header-display":"","ast-hfb-mobile-header-display":"","site-post-title":"disabled","ast-breadcrumbs-content":"","ast-featured-img":"disabled","footer-sml-layout":"","ast-disable-related-posts":"","theme-transparent-header-meta":"default","adv-header-id-meta":"","stick-header-meta":"","header-above-stick-meta":"","header-main-stick-meta":"","header-below-stick-meta":"","astra-migrate-meta-layouts":"default","ast-page-background-enabled":"default","ast-page-background-meta":{"desktop":{"background-color":"","background-image":"","background-repeat":"repeat","background-position":"center center","background-size":"auto","background-attachment":"scroll","background-type":"","background-media":"","overlay-type":"","overlay-color":"","overlay-opacity":"","overlay-gradient":""},"tablet":{"background-color":"","background-image":"","background-repeat":"repeat","background-position":"center center","background-size":"auto","background-attachment":"scroll","background-type":"","background-media":"","overlay-type":"","overlay-color":"","overlay-opacity":"","overlay-gradient":""},"mobile":{"background-color":"","background-image":"","background-repeat":"repeat","background-position":"center center","background-size":"auto","background-attachment":"scroll","background-type":"","background-media":"","overlay-type":"","overlay-color":"","overlay-opacity":"","overlay-gradient":""}},"ast-content-background-meta":{"desktop":{"background-color":"var(--ast-global-color-5)","background-image":"","background-repeat":"repeat","background-position":"center center","background-size":"auto","background-attachment":"scroll","background-type":"","background-media":"","overlay-type":"","overlay-color":"","overlay-opacity":"","overlay-gradient":""},"tablet":{"background-color":"var(--ast-global-color-5)","background-image":"","background-repeat":"repeat","background-position":"center center","background-size":"auto","background-attachment":"scroll","background-type":"","background-media":"","overlay-type":"","overlay-color":"","overlay-opacity":"","overlay-gradient":""},"mobile":{"background-color":"var(--ast-global-color-5)","background-image":"","background-repeat":"repeat","background-position":"center center","background-size":"auto","background-attachment":"scroll","background-type":"","background-media":"","overlay-type":"","overlay-color":"","overlay-opacity":"","overlay-gradient":""}},"footnotes":""},"class_list":["post-3706","page","type-page","status-publish","hentry"],"acf":[],"_links":{"self":[{"href":"https:\/\/medienwissenschaft.uni-bayreuth.de\/gil\/wp-json\/wp\/v2\/pages\/3706","targetHints":{"allow":["GET"]}}],"collection":[{"href":"https:\/\/medienwissenschaft.uni-bayreuth.de\/gil\/wp-json\/wp\/v2\/pages"}],"about":[{"href":"https:\/\/medienwissenschaft.uni-bayreuth.de\/gil\/wp-json\/wp\/v2\/types\/page"}],"author":[{"embeddable":true,"href":"https:\/\/medienwissenschaft.uni-bayreuth.de\/gil\/wp-json\/wp\/v2\/users\/69"}],"replies":[{"embeddable":true,"href":"https:\/\/medienwissenschaft.uni-bayreuth.de\/gil\/wp-json\/wp\/v2\/comments?post=3706"}],"version-history":[{"count":36,"href":"https:\/\/medienwissenschaft.uni-bayreuth.de\/gil\/wp-json\/wp\/v2\/pages\/3706\/revisions"}],"predecessor-version":[{"id":3960,"href":"https:\/\/medienwissenschaft.uni-bayreuth.de\/gil\/wp-json\/wp\/v2\/pages\/3706\/revisions\/3960"}],"up":[{"embeddable":true,"href":"https:\/\/medienwissenschaft.uni-bayreuth.de\/gil\/wp-json\/wp\/v2\/pages\/2678"}],"wp:attachment":[{"href":"https:\/\/medienwissenschaft.uni-bayreuth.de\/gil\/wp-json\/wp\/v2\/media?parent=3706"}],"curies":[{"name":"wp","href":"https:\/\/api.w.org\/{rel}","templated":true}]}}