{"id":3252,"date":"2023-07-12T11:20:51","date_gmt":"2023-07-12T09:20:51","guid":{"rendered":"https:\/\/medienwissenschaft.uni-bayreuth.de\/gil\/?page_id=3252"},"modified":"2023-07-12T13:48:29","modified_gmt":"2023-07-12T11:48:29","slug":"xr-lab","status":"publish","type":"page","link":"https:\/\/medienwissenschaft.uni-bayreuth.de\/gil\/xr-lab\/","title":{"rendered":"XR Lab"},"content":{"rendered":"\t\t<div data-elementor-type=\"wp-page\" data-elementor-id=\"3252\" class=\"elementor elementor-3252\">\n\t\t\t\t\t\t<section class=\"elementor-section elementor-top-section elementor-element elementor-element-16e54cd elementor-section-full_width elementor-section-height-default elementor-section-height-default\" data-id=\"16e54cd\" data-element_type=\"section\" data-e-type=\"section\">\n\t\t\t\t\t\t<div class=\"elementor-container elementor-column-gap-default\">\n\t\t\t\t\t<div class=\"elementor-column elementor-col-100 elementor-top-column elementor-element elementor-element-7d77aa2 elementor-hidden-tablet elementor-hidden-mobile\" data-id=\"7d77aa2\" data-element_type=\"column\" data-e-type=\"column\" data-settings=\"{&quot;background_background&quot;:&quot;classic&quot;}\">\n\t\t\t<div class=\"elementor-widget-wrap elementor-element-populated\">\n\t\t\t\t\t\t<div class=\"elementor-element elementor-element-f6b09fc elementor-widget elementor-widget-spacer\" data-id=\"f6b09fc\" data-element_type=\"widget\" data-e-type=\"widget\" data-widget_type=\"spacer.default\">\n\t\t\t\t<div class=\"elementor-widget-container\">\n\t\t\t\t\t\t\t<div class=\"elementor-spacer\">\n\t\t\t<div class=\"elementor-spacer-inner\"><\/div>\n\t\t<\/div>\n\t\t\t\t\t\t<\/div>\n\t\t\t\t<\/div>\n\t\t\t\t\t<\/div>\n\t\t<\/div>\n\t\t\t\t\t<\/div>\n\t\t<\/section>\n\t\t\t\t<section class=\"elementor-section elementor-top-section elementor-element elementor-element-d35c13f elementor-section-boxed elementor-section-height-default elementor-section-height-default\" data-id=\"d35c13f\" data-element_type=\"section\" data-e-type=\"section\">\n\t\t\t\t\t\t<div class=\"elementor-container elementor-column-gap-default\">\n\t\t\t\t\t<div class=\"elementor-column elementor-col-100 elementor-top-column elementor-element elementor-element-149f50b\" data-id=\"149f50b\" data-element_type=\"column\" data-e-type=\"column\" data-settings=\"{&quot;background_background&quot;:&quot;classic&quot;}\">\n\t\t\t<div class=\"elementor-widget-wrap elementor-element-populated\">\n\t\t\t\t\t\t<div class=\"elementor-element elementor-element-3b676fc elementor-widget elementor-widget-heading\" data-id=\"3b676fc\" data-element_type=\"widget\" data-e-type=\"widget\" data-widget_type=\"heading.default\">\n\t\t\t\t<div class=\"elementor-widget-container\">\n\t\t\t\t\t<h2 class=\"elementor-heading-title elementor-size-default\">Mix Reality Technologien<\/h2>\t\t\t\t<\/div>\n\t\t\t\t<\/div>\n\t\t\t\t<section class=\"elementor-section elementor-inner-section elementor-element elementor-element-14c48bc elementor-section-boxed elementor-section-height-default elementor-section-height-default\" data-id=\"14c48bc\" data-element_type=\"section\" data-e-type=\"section\">\n\t\t\t\t\t\t<div class=\"elementor-container elementor-column-gap-default\">\n\t\t\t\t\t<div class=\"elementor-column elementor-col-50 elementor-inner-column elementor-element elementor-element-ab73273\" data-id=\"ab73273\" data-element_type=\"column\" data-e-type=\"column\">\n\t\t\t<div class=\"elementor-widget-wrap elementor-element-populated\">\n\t\t\t\t\t\t<div class=\"elementor-element elementor-element-b11ad58 elementor-widget elementor-widget-image\" data-id=\"b11ad58\" data-element_type=\"widget\" data-e-type=\"widget\" data-widget_type=\"image.default\">\n\t\t\t\t<div class=\"elementor-widget-container\">\n\t\t\t\t\t\t\t\t\t\t\t\t\t\t\t<img decoding=\"async\" src=\"https:\/\/medienwissenschaft.uni-bayreuth.de\/gil\/wp-content\/uploads\/sites\/2\/elementor\/thumbs\/IMG_0057-scaled-e1620397599965-p6tjzqokvgvrjjprgz2r4k4js1mg8xhul5emhwh2cw.jpg\" title=\"IMG_0057\" alt=\"IMG_0057\" loading=\"lazy\" \/>\t\t\t\t\t\t\t\t\t\t\t\t\t\t\t<\/div>\n\t\t\t\t<\/div>\n\t\t\t\t\t<\/div>\n\t\t<\/div>\n\t\t\t\t<div class=\"elementor-column elementor-col-50 elementor-inner-column elementor-element elementor-element-297c466\" data-id=\"297c466\" data-element_type=\"column\" data-e-type=\"column\">\n\t\t\t<div class=\"elementor-widget-wrap elementor-element-populated\">\n\t\t\t\t\t\t<div class=\"elementor-element elementor-element-c5443cb elementor-widget elementor-widget-text-editor\" data-id=\"c5443cb\" data-element_type=\"widget\" data-e-type=\"widget\" data-widget_type=\"text-editor.default\">\n\t\t\t\t<div class=\"elementor-widget-container\">\n\t\t\t\t\t\t\t\t\t<p>Zur Ausstattung des GiLs mit <strong>XR-Technologien<\/strong> z\u00e4hlt eine gro\u00dfe Bandbreite verschiedener Ger\u00e4te:<\/p><ul><li><a href=\"https:\/\/developer.nreal.ai\/dev-kit\">NReal-Dev-Kit<\/a><\/li><li><a href=\"https:\/\/www3.oculus.com\/en-us\/rift\/\" target=\"_blank\" rel=\"noopener noreferrer\">Oculus Rift<\/a><\/li><li><a href=\"https:\/\/www.oculus.com\/rift-s\/\">Oculus Rift S<\/a><\/li><li><a href=\"https:\/\/www.oculus.com\/quest-2\/\">Oculus Quest<\/a><\/li><li><a href=\"https:\/\/www.vive.com\/de\/\" target=\"_blank\" rel=\"noopener noreferrer\">HTC Vive<\/a><\/li><li><a href=\"https:\/\/www.getfove.com\/\" target=\"_blank\" rel=\"noopener noreferrer\">FOVE<\/a><\/li><li><a href=\"http:\/\/www.samsung.com\/de\/gear-vr\/\" target=\"_blank\" rel=\"noopener noreferrer\">Samsung Gear VR<\/a><\/li><li><a href=\"https:\/\/www.playstation.com\/de-de\/explore\/playstation-vr\/\" target=\"_blank\" rel=\"noopener noreferrer\">Playstation VR<\/a><\/li><li><a href=\"http:\/\/www.jabra.com.de\/products\/bluetooth\/jabra_intelligent_headset\/jabra_intelligent\" target=\"_blank\" rel=\"noopener noreferrer\">JabraIntelligent Headset<\/a><\/li><li><a href=\"https:\/\/tobiigaming.com\/eye-tracker-4c\/\" target=\"_blank\" rel=\"noopener noreferrer\">Tobiis Eye Tracker 4C<\/a><\/li><li><a href=\"http:\/\/www.samsung.com\/de\/gear-360\/\" target=\"_blank\" rel=\"noopener noreferrer\">Samsung Gear\u00a0360\u00b0-Kamera<\/a><\/li><li><a href=\"http:\/\/www.razerzone.com\/de-de\/gaming-broadcaster\/razer-stargazer\" target=\"_blank\" rel=\"noopener noreferrer\">Razer Stargazer\u00a0<\/a><\/li><\/ul>\t\t\t\t\t\t\t\t<\/div>\n\t\t\t\t<\/div>\n\t\t\t\t\t<\/div>\n\t\t<\/div>\n\t\t\t\t\t<\/div>\n\t\t<\/section>\n\t\t\t\t<section class=\"elementor-section elementor-inner-section elementor-element elementor-element-eee54d3 elementor-section-boxed elementor-section-height-default elementor-section-height-default\" data-id=\"eee54d3\" data-element_type=\"section\" data-e-type=\"section\">\n\t\t\t\t\t\t<div class=\"elementor-container elementor-column-gap-default\">\n\t\t\t\t\t<div class=\"elementor-column elementor-col-100 elementor-inner-column elementor-element elementor-element-bbdac7d\" data-id=\"bbdac7d\" data-element_type=\"column\" data-e-type=\"column\">\n\t\t\t<div class=\"elementor-widget-wrap elementor-element-populated\">\n\t\t\t\t\t\t<div class=\"elementor-element elementor-element-e67e05c elementor-widget-divider--view-line elementor-widget elementor-widget-divider\" data-id=\"e67e05c\" data-element_type=\"widget\" data-e-type=\"widget\" data-widget_type=\"divider.default\">\n\t\t\t\t<div class=\"elementor-widget-container\">\n\t\t\t\t\t\t\t<div class=\"elementor-divider\">\n\t\t\t<span class=\"elementor-divider-separator\">\n\t\t\t\t\t\t<\/span>\n\t\t<\/div>\n\t\t\t\t\t\t<\/div>\n\t\t\t\t<\/div>\n\t\t\t\t\t<\/div>\n\t\t<\/div>\n\t\t\t\t\t<\/div>\n\t\t<\/section>\n\t\t\t\t<section class=\"elementor-section elementor-inner-section elementor-element elementor-element-9cbb755 elementor-section-boxed elementor-section-height-default elementor-section-height-default\" data-id=\"9cbb755\" data-element_type=\"section\" data-e-type=\"section\">\n\t\t\t\t\t\t<div class=\"elementor-container elementor-column-gap-default\">\n\t\t\t\t\t<div class=\"elementor-column elementor-col-50 elementor-inner-column elementor-element elementor-element-7bff4c6\" data-id=\"7bff4c6\" data-element_type=\"column\" data-e-type=\"column\">\n\t\t\t<div class=\"elementor-widget-wrap elementor-element-populated\">\n\t\t\t\t\t\t<div class=\"elementor-element elementor-element-961890e elementor-widget elementor-widget-text-editor\" data-id=\"961890e\" data-element_type=\"widget\" data-e-type=\"widget\" data-widget_type=\"text-editor.default\">\n\t\t\t\t<div class=\"elementor-widget-container\">\n\t\t\t\t\t\t\t\t\t<p>Aufw\u00e4ndigere Mixed-Reality-Produktionen k\u00f6nnen im <strong><a href=\"https:\/\/medienwissenschaft.uni-bayreuth.de\/praxis\/\" target=\"_blank\" rel=\"noopener\">AV-Studio<\/a><\/strong> vor einem Green-Screen realisiert werden. F\u00fcr Motion Capturing k\u00f6nnen\u00a0<a href=\"https:\/\/developer.microsoft.com\/de-de\/windows\/kinect\" target=\"_blank\" rel=\"noopener noreferrer\"><strong>Kinects<\/strong><\/a>\u00a0oder unser\u00a0<strong><a href=\"https:\/\/optitrack.com\/\" target=\"_blank\" rel=\"noopener\">OptiTrack-Motion-Capturing-System<\/a><\/strong> genutzt werden. Mithilfe von <a href=\"https:\/\/www.leapmotion.com\/\" target=\"_blank\" rel=\"noopener noreferrer\"><strong>Leap Motions<\/strong><\/a> k\u00f6nnen Handbewegungen aufgezeichnet werden, ohne die Verwendung von haptischen Interfaces. Die Ausgabe erfolgt wahlweise \u00fcber <strong>Android-Smartwatch<\/strong>,\u00a0<strong>-Smartphones<\/strong>\u00a0und\u00a0<strong>-Tablets<\/strong>, die ebenfalls ausgeliehen werden k\u00f6nnen.<\/p><p>Alle Ger\u00e4te werden projektbezogen verliehen. Im Gegenzug bitten wir um die Abgabe von Ausstellungsexemplaren der damit erm\u00f6glichten Projekte. Freie Nutzung vor Ort kann nach Absprache erfolgen. Bitte beachten Sie, dass die Nutzung von VR-Equipment leistungsf\u00e4hige Hardware erfordert, die nicht ausgeliehen werden kann. Wir bieten aber spezielle VR-Arbeitspl\u00e4tze f\u00fcr Entwicklungen vor Ort an, um Projekte zu realisieren.<\/p>\t\t\t\t\t\t\t\t<\/div>\n\t\t\t\t<\/div>\n\t\t\t\t\t<\/div>\n\t\t<\/div>\n\t\t\t\t<div class=\"elementor-column elementor-col-50 elementor-inner-column elementor-element elementor-element-650f431\" data-id=\"650f431\" data-element_type=\"column\" data-e-type=\"column\">\n\t\t\t<div class=\"elementor-widget-wrap elementor-element-populated\">\n\t\t\t\t\t\t<div class=\"elementor-element elementor-element-5f45695 elementor-widget elementor-widget-image\" data-id=\"5f45695\" data-element_type=\"widget\" data-e-type=\"widget\" data-widget_type=\"image.default\">\n\t\t\t\t<div class=\"elementor-widget-container\">\n\t\t\t\t\t\t\t\t\t\t\t\t\t\t\t<img fetchpriority=\"high\" decoding=\"async\" width=\"1536\" height=\"1152\" src=\"https:\/\/medienwissenschaft.uni-bayreuth.de\/gil\/wp-content\/uploads\/sites\/2\/2021\/05\/startuploung2020_2-e1620397653699-1536x1152.jpg\" class=\"attachment-1536x1536 size-1536x1536 wp-image-1339\" alt=\"\" srcset=\"https:\/\/medienwissenschaft.uni-bayreuth.de\/gil\/wp-content\/uploads\/sites\/2\/2021\/05\/startuploung2020_2-e1620397653699-1536x1152.jpg 1536w, https:\/\/medienwissenschaft.uni-bayreuth.de\/gil\/wp-content\/uploads\/sites\/2\/2021\/05\/startuploung2020_2-e1620397653699-300x225.jpg 300w, https:\/\/medienwissenschaft.uni-bayreuth.de\/gil\/wp-content\/uploads\/sites\/2\/2021\/05\/startuploung2020_2-e1620397653699-1024x768.jpg 1024w, https:\/\/medienwissenschaft.uni-bayreuth.de\/gil\/wp-content\/uploads\/sites\/2\/2021\/05\/startuploung2020_2-e1620397653699-768x576.jpg 768w, https:\/\/medienwissenschaft.uni-bayreuth.de\/gil\/wp-content\/uploads\/sites\/2\/2021\/05\/startuploung2020_2-e1620397653699.jpg 2000w\" sizes=\"(max-width: 1536px) 100vw, 1536px\" \/>\t\t\t\t\t\t\t\t\t\t\t\t\t\t\t<\/div>\n\t\t\t\t<\/div>\n\t\t\t\t\t<\/div>\n\t\t<\/div>\n\t\t\t\t\t<\/div>\n\t\t<\/section>\n\t\t\t\t<section class=\"elementor-section elementor-inner-section elementor-element elementor-element-3bcb0bf elementor-section-boxed elementor-section-height-default elementor-section-height-default\" data-id=\"3bcb0bf\" data-element_type=\"section\" data-e-type=\"section\">\n\t\t\t\t\t\t<div class=\"elementor-container elementor-column-gap-default\">\n\t\t\t\t\t<div class=\"elementor-column elementor-col-100 elementor-inner-column elementor-element elementor-element-c16a14c\" data-id=\"c16a14c\" data-element_type=\"column\" data-e-type=\"column\">\n\t\t\t<div class=\"elementor-widget-wrap elementor-element-populated\">\n\t\t\t\t\t\t<div class=\"elementor-element elementor-element-200ed8f elementor-widget elementor-widget-spacer\" data-id=\"200ed8f\" data-element_type=\"widget\" data-e-type=\"widget\" data-widget_type=\"spacer.default\">\n\t\t\t\t<div class=\"elementor-widget-container\">\n\t\t\t\t\t\t\t<div class=\"elementor-spacer\">\n\t\t\t<div class=\"elementor-spacer-inner\"><\/div>\n\t\t<\/div>\n\t\t\t\t\t\t<\/div>\n\t\t\t\t<\/div>\n\t\t\t\t\t<\/div>\n\t\t<\/div>\n\t\t\t\t\t<\/div>\n\t\t<\/section>\n\t\t\t\t\t<\/div>\n\t\t<\/div>\n\t\t\t\t\t<\/div>\n\t\t<\/section>\n\t\t\t\t<\/div>\n\t\t","protected":false},"excerpt":{"rendered":"<p>Mix Reality Technologien Zur Ausstattung des GiLs mit XR-Technologien z\u00e4hlt eine gro\u00dfe Bandbreite verschiedener Ger\u00e4te: NReal-Dev-Kit Oculus Rift Oculus Rift S Oculus Quest HTC Vive FOVE Samsung Gear VR Playstation VR JabraIntelligent Headset Tobiis Eye Tracker 4C Samsung Gear&nbsp;360\u00b0-Kamera Razer Stargazer&nbsp; Aufw\u00e4ndigere Mixed-Reality-Produktionen k\u00f6nnen im AV-Studio vor einem Green-Screen realisiert werden. F\u00fcr Motion Capturing k\u00f6nnen&nbsp;Kinects&nbsp;oder [&hellip;]<\/p>\n","protected":false},"author":69,"featured_media":0,"parent":0,"menu_order":0,"comment_status":"closed","ping_status":"closed","template":"","meta":{"_acf_changed":false,"site-sidebar-layout":"no-sidebar","site-content-layout":"page-builder","ast-site-content-layout":"default","site-content-style":"default","site-sidebar-style":"default","ast-global-header-display":"","ast-banner-title-visibility":"","ast-main-header-display":"","ast-hfb-above-header-display":"","ast-hfb-below-header-display":"","ast-hfb-mobile-header-display":"","site-post-title":"disabled","ast-breadcrumbs-content":"","ast-featured-img":"disabled","footer-sml-layout":"","ast-disable-related-posts":"","theme-transparent-header-meta":"default","adv-header-id-meta":"","stick-header-meta":"","header-above-stick-meta":"","header-main-stick-meta":"","header-below-stick-meta":"","astra-migrate-meta-layouts":"default","ast-page-background-enabled":"default","ast-page-background-meta":{"desktop":{"background-color":"","background-image":"","background-repeat":"repeat","background-position":"center center","background-size":"auto","background-attachment":"scroll","background-type":"","background-media":"","overlay-type":"","overlay-color":"","overlay-opacity":"","overlay-gradient":""},"tablet":{"background-color":"","background-image":"","background-repeat":"repeat","background-position":"center center","background-size":"auto","background-attachment":"scroll","background-type":"","background-media":"","overlay-type":"","overlay-color":"","overlay-opacity":"","overlay-gradient":""},"mobile":{"background-color":"","background-image":"","background-repeat":"repeat","background-position":"center center","background-size":"auto","background-attachment":"scroll","background-type":"","background-media":"","overlay-type":"","overlay-color":"","overlay-opacity":"","overlay-gradient":""}},"ast-content-background-meta":{"desktop":{"background-color":"var(--ast-global-color-5)","background-image":"","background-repeat":"repeat","background-position":"center center","background-size":"auto","background-attachment":"scroll","background-type":"","background-media":"","overlay-type":"","overlay-color":"","overlay-opacity":"","overlay-gradient":""},"tablet":{"background-color":"var(--ast-global-color-5)","background-image":"","background-repeat":"repeat","background-position":"center center","background-size":"auto","background-attachment":"scroll","background-type":"","background-media":"","overlay-type":"","overlay-color":"","overlay-opacity":"","overlay-gradient":""},"mobile":{"background-color":"var(--ast-global-color-5)","background-image":"","background-repeat":"repeat","background-position":"center center","background-size":"auto","background-attachment":"scroll","background-type":"","background-media":"","overlay-type":"","overlay-color":"","overlay-opacity":"","overlay-gradient":""}},"footnotes":""},"class_list":["post-3252","page","type-page","status-publish","hentry"],"acf":[],"_links":{"self":[{"href":"https:\/\/medienwissenschaft.uni-bayreuth.de\/gil\/wp-json\/wp\/v2\/pages\/3252","targetHints":{"allow":["GET"]}}],"collection":[{"href":"https:\/\/medienwissenschaft.uni-bayreuth.de\/gil\/wp-json\/wp\/v2\/pages"}],"about":[{"href":"https:\/\/medienwissenschaft.uni-bayreuth.de\/gil\/wp-json\/wp\/v2\/types\/page"}],"author":[{"embeddable":true,"href":"https:\/\/medienwissenschaft.uni-bayreuth.de\/gil\/wp-json\/wp\/v2\/users\/69"}],"replies":[{"embeddable":true,"href":"https:\/\/medienwissenschaft.uni-bayreuth.de\/gil\/wp-json\/wp\/v2\/comments?post=3252"}],"version-history":[{"count":14,"href":"https:\/\/medienwissenschaft.uni-bayreuth.de\/gil\/wp-json\/wp\/v2\/pages\/3252\/revisions"}],"predecessor-version":[{"id":3329,"href":"https:\/\/medienwissenschaft.uni-bayreuth.de\/gil\/wp-json\/wp\/v2\/pages\/3252\/revisions\/3329"}],"wp:attachment":[{"href":"https:\/\/medienwissenschaft.uni-bayreuth.de\/gil\/wp-json\/wp\/v2\/media?parent=3252"}],"curies":[{"name":"wp","href":"https:\/\/api.w.org\/{rel}","templated":true}]}}